{"id":743091,"date":"2025-08-28T01:27:31","date_gmt":"2025-08-27T22:27:31","guid":{"rendered":"https:\/\/roveyayinevi.com.tr\/index.php\/urun\/dark-dedektif-suc-oykuleri-1\/"},"modified":"2026-04-16T02:54:02","modified_gmt":"2026-04-15T23:54:02","slug":"dark-dedektif-suc-oykuleri-1","status":"publish","type":"product","link":"https:\/\/roveyayinevi.com.tr\/index.php\/urun\/dark-dedektif-suc-oykuleri-1\/","title":{"rendered":"Dark Dedektif -Su\u00e7 \u00d6yk\u00fcleri 1"},"content":{"rendered":"<p>Polisiye su\u00e7la ba\u015flar. Ama i\u015f orada bitmez. Su\u00e7un yan\u0131nda muamma niteli\u011finde bir entrikan\u0131n da olmas\u0131 gerekir. Ve tabii en sonda okuru \u015fa\u015f\u0131rtan bir \u00e7\u00f6z\u00fcm\u00fcn de&#8230;    Dark Dedektif\u2019teki \u00f6yk\u00fclerde bu \u00f6zelliklerin hepsi var. \u0130nsano\u011flunun karanl\u0131k yan\u0131n\u0131 anlatan b\u00fct\u00fcn bu gizemli olaylar\u0131n ya\u015fand\u0131\u011f\u0131 yer \u0130stanbul.   Kadim \u015fehirdeki en huzurlu semtlerin, en sevimli mekanlar\u0131n nas\u0131l bir tekinsizlikle dolu oldu\u011funu g\u00f6rmek, tek kelimeyle \u00fcrpertici. Hi\u00e7 ummad\u0131\u011f\u0131n\u0131z bir ki\u015finin katil \u00e7\u0131kmas\u0131 ise korkun\u00e7&#8230; Dark Dedektif\u2019teki su\u00e7 \u00f6yk\u00fclerini keyifle okuyacaks\u0131n\u0131z.Yay\u0131nevinin notu: Dark I\u0307stanbul Yay\u0131nevi olarak Tu\u0308rk Polisiye (Suc\u0327) Edebiyat\u0131\u2019na yeni eserler kazand\u0131rmak ic\u0327in durmaks\u0131z\u0131n c\u0327al\u0131s\u0327\u0131yoruz. C\u0327al\u0131s\u0327t\u0131kc\u0327a da gitgide bu\u0308yu\u0308yoruz. Bu\u0308yu\u0308du\u0308kc\u0327e go\u0308ru\u0308yoruz ki Tu\u0308rk Polisiye Yazarlar\u0131n\u0131n du\u0308nyadaki meslektas\u0327lar\u0131ndan as\u0327ag\u0306\u0131 kal\u0131r yan\u0131 olmad\u0131g\u0306\u0131 gibi belki de c\u0327ok daha iyi eserler gu\u0308n yu\u0308zu\u0308ne c\u0327\u0131kmaya haz\u0131rlan\u0131yor. Gu\u0308n yu\u0308zu\u0308nden kast\u0131m\u0131z sadece kitap olarak bas\u0131lmalar\u0131 deg\u0306il, c\u0327izgi roman, dizi film, sinema filmi haline do\u0308nu\u0308s\u0327erek tu\u0308m du\u0308nyan\u0131n takdirini kazanmalar\u0131d\u0131r. Siz sad\u0131k polisiye okurlar\u0131, inan\u0131n buna! Hic\u0327 de uzag\u0306\u0131nda deg\u0306iliz bu so\u0308ylediklerimizin. <\/p>\n","protected":false},"excerpt":{"rendered":"<p>Polisiye su\u00e7la ba\u015flar. Ama i\u015f orada bitmez. Su\u00e7un yan\u0131nda muamma niteli\u011finde bir entrikan\u0131n da olmas\u0131 gerekir. Ve tabii en sonda okuru \u015fa\u015f\u0131rtan bir \u00e7\u00f6z\u00fcm\u00fcn de&#8230; Dark<span class=\"excerpt-hellip\"> [\u2026]<\/span><\/p>\n","protected":false},"featured_media":0,"template":"","meta":{"_monsterinsights_skip_tracking":false,"_monsterinsights_sitenote_active":false,"_monsterinsights_sitenote_note":"","_monsterinsights_sitenote_category":0},"product_brand":[],"product_cat":[12291,15445],"product_tag":[],"class_list":{"0":"post-743091","1":"product","2":"type-product","3":"status-publish","5":"product_cat-edebiyat","6":"product_cat-polisiye","7":"pa_cilt-ciltsiz","8":"pa_tur-kitap","9":"pa_yayinevi-dark-istanbul-yayinlari","10":"pa_yazar-kolektif","12":"first","13":"instock","14":"sale","15":"shipping-taxable","16":"purchasable","17":"product-type-simple"},"_links":{"self":[{"href":"https:\/\/roveyayinevi.com.tr\/index.php\/wp-json\/wp\/v2\/product\/743091","targetHints":{"allow":["GET"]}}],"collection":[{"href":"https:\/\/roveyayinevi.com.tr\/index.php\/wp-json\/wp\/v2\/product"}],"about":[{"href":"https:\/\/roveyayinevi.com.tr\/index.php\/wp-json\/wp\/v2\/types\/product"}],"wp:attachment":[{"href":"https:\/\/roveyayinevi.com.tr\/index.php\/wp-json\/wp\/v2\/media?parent=743091"}],"wp:term":[{"taxonomy":"product_brand","embeddable":true,"href":"https:\/\/roveyayinevi.com.tr\/index.php\/wp-json\/wp\/v2\/product_brand?post=743091"},{"taxonomy":"product_cat","embeddable":true,"href":"https:\/\/roveyayinevi.com.tr\/index.php\/wp-json\/wp\/v2\/product_cat?post=743091"},{"taxonomy":"product_tag","embeddable":true,"href":"https:\/\/roveyayinevi.com.tr\/index.php\/wp-json\/wp\/v2\/product_tag?post=743091"}],"curies":[{"name":"wp","href":"https:\/\/api.w.org\/{rel}","templated":true}]}}