{"id":743089,"date":"2025-08-28T01:27:29","date_gmt":"2025-08-27T22:27:29","guid":{"rendered":"https:\/\/roveyayinevi.com.tr\/index.php\/urun\/deniz-kabugu-yuzemez\/"},"modified":"2026-04-16T02:54:02","modified_gmt":"2026-04-15T23:54:02","slug":"deniz-kabugu-yuzemez","status":"publish","type":"product","link":"https:\/\/roveyayinevi.com.tr\/index.php\/urun\/deniz-kabugu-yuzemez\/","title":{"rendered":"Deniz Kabu\u011fu Y\u00fczemez"},"content":{"rendered":"<p>A\u011flamaktan yere sa\u00e7\u0131ld\u0131\u011f\u0131nda, \u0130\u00e7ini g\u00f6mse bile ye\u015feremez. Kanats\u0131z dillendi\u011fi u\u00e7u\u015flar\u0131nda, Kirpikleriyle g\u00f6zlerini \u00f6remez. Bo\u011fulmaya takas etti\u011fi susuzlu\u011funda, Deniz kabu\u011fu y\u00fczemez.   Ser\u00e7in \u00c7elik, Alfabesiz ve \u00c7a\u011fs\u0131z\u0131m\u2019dan sonra Deniz Kabu\u011fu Y\u00fczemez ile, \u015fiir d\u00fcnyas\u0131ndaki kendinden emin y\u00fcr\u00fcy\u00fc\u015f\u00fcne devam ediyor&#8230; <\/p>\n","protected":false},"excerpt":{"rendered":"<p>A\u011flamaktan yere sa\u00e7\u0131ld\u0131\u011f\u0131nda, \u0130\u00e7ini g\u00f6mse bile ye\u015feremez. Kanats\u0131z dillendi\u011fi u\u00e7u\u015flar\u0131nda, Kirpikleriyle g\u00f6zlerini \u00f6remez. Bo\u011fulmaya takas etti\u011fi susuzlu\u011funda, Deniz kabu\u011fu y\u00fczemez. Ser\u00e7in \u00c7elik, Alfabesiz ve \u00c7a\u011fs\u0131z\u0131m\u2019dan sonra<span class=\"excerpt-hellip\"> [\u2026]<\/span><\/p>\n","protected":false},"featured_media":0,"template":"","meta":{"_monsterinsights_skip_tracking":false,"_monsterinsights_sitenote_active":false,"_monsterinsights_sitenote_note":"","_monsterinsights_sitenote_category":0},"product_brand":[],"product_cat":[12291,12509],"product_tag":[],"class_list":{"0":"post-743089","1":"product","2":"type-product","3":"status-publish","5":"product_cat-edebiyat","6":"product_cat-siir","7":"pa_cilt-ciltsiz","8":"pa_tur-kitap","9":"pa_yayinevi-luna-yayinlari","10":"pa_yazar-sercin-celik","12":"first","13":"instock","14":"sale","15":"shipping-taxable","16":"purchasable","17":"product-type-simple"},"_links":{"self":[{"href":"https:\/\/roveyayinevi.com.tr\/index.php\/wp-json\/wp\/v2\/product\/743089","targetHints":{"allow":["GET"]}}],"collection":[{"href":"https:\/\/roveyayinevi.com.tr\/index.php\/wp-json\/wp\/v2\/product"}],"about":[{"href":"https:\/\/roveyayinevi.com.tr\/index.php\/wp-json\/wp\/v2\/types\/product"}],"wp:attachment":[{"href":"https:\/\/roveyayinevi.com.tr\/index.php\/wp-json\/wp\/v2\/media?parent=743089"}],"wp:term":[{"taxonomy":"product_brand","embeddable":true,"href":"https:\/\/roveyayinevi.com.tr\/index.php\/wp-json\/wp\/v2\/product_brand?post=743089"},{"taxonomy":"product_cat","embeddable":true,"href":"https:\/\/roveyayinevi.com.tr\/index.php\/wp-json\/wp\/v2\/product_cat?post=743089"},{"taxonomy":"product_tag","embeddable":true,"href":"https:\/\/roveyayinevi.com.tr\/index.php\/wp-json\/wp\/v2\/product_tag?post=743089"}],"curies":[{"name":"wp","href":"https:\/\/api.w.org\/{rel}","templated":true}]}}