{"id":743088,"date":"2025-08-28T01:27:28","date_gmt":"2025-08-27T22:27:28","guid":{"rendered":"https:\/\/roveyayinevi.com.tr\/index.php\/urun\/genimdeki-yabanci\/"},"modified":"2026-04-16T02:54:02","modified_gmt":"2026-04-15T23:54:02","slug":"genimdeki-yabanci","status":"publish","type":"product","link":"https:\/\/roveyayinevi.com.tr\/index.php\/urun\/genimdeki-yabanci\/","title":{"rendered":"Genimdeki Yabanc\u0131"},"content":{"rendered":"<p>S\u0131rlar&#8230; Bir s\u0131rr\u0131n a\u00e7\u0131\u011fa \u00e7\u0131kmas\u0131, sebep oldu\u011fu bilmeceleri \u00e7\u00f6zd\u00fc\u011f\u00fc anlam\u0131na gelmez. Her s\u0131r beraberinde ba\u015fka s\u0131rlara gebedir ve b\u00f6ylelikle daha b\u00fcy\u00fck gizemleri de pe\u015fine takar.   Yaln\u0131z ve gen\u00e7 bir adam\u0131n s\u0131radan hayat\u0131na yapt\u0131\u011f\u0131m\u0131z yolculukta, g\u00f6r\u00fcnenin asla ger\u00e7ek olmad\u0131\u011f\u0131n\u0131 anlayaca\u011f\u0131z. Dostlu\u011fun, a\u015fk\u0131n, intikam\u0131n, su\u00e7un ve zek\u00e2n\u0131n harmanland\u0131\u011f\u0131 bu kitapta, s\u0131rlarla dolu bir hayat\u0131n perdesini sonuna kadar aralayaca\u011f\u0131z. Bazen ger\u00e7ekler umulmayan\u0131n dahi \u00f6tesinde bir yerlerde, gizli bir \u015fekilde ayd\u0131nlanmay\u0131 bekliyordur. <\/p>\n","protected":false},"excerpt":{"rendered":"<p>S\u0131rlar&#8230; Bir s\u0131rr\u0131n a\u00e7\u0131\u011fa \u00e7\u0131kmas\u0131, sebep oldu\u011fu bilmeceleri \u00e7\u00f6zd\u00fc\u011f\u00fc anlam\u0131na gelmez. Her s\u0131r beraberinde ba\u015fka s\u0131rlara gebedir ve b\u00f6ylelikle daha b\u00fcy\u00fck gizemleri de pe\u015fine takar. Yaln\u0131z<span class=\"excerpt-hellip\"> [\u2026]<\/span><\/p>\n","protected":false},"featured_media":0,"template":"","meta":{"_monsterinsights_skip_tracking":false,"_monsterinsights_sitenote_active":false,"_monsterinsights_sitenote_note":"","_monsterinsights_sitenote_category":0},"product_brand":[],"product_cat":[12291,12711],"product_tag":[],"class_list":{"0":"post-743088","1":"product","2":"type-product","3":"status-publish","5":"product_cat-edebiyat","6":"product_cat-roman-oyku","7":"pa_cilt-ciltsiz","8":"pa_tur-kitap","9":"pa_yayinevi-luna-yayinlari","10":"pa_yazar-vedat-akyol","12":"first","13":"instock","14":"sale","15":"shipping-taxable","16":"purchasable","17":"product-type-simple"},"_links":{"self":[{"href":"https:\/\/roveyayinevi.com.tr\/index.php\/wp-json\/wp\/v2\/product\/743088","targetHints":{"allow":["GET"]}}],"collection":[{"href":"https:\/\/roveyayinevi.com.tr\/index.php\/wp-json\/wp\/v2\/product"}],"about":[{"href":"https:\/\/roveyayinevi.com.tr\/index.php\/wp-json\/wp\/v2\/types\/product"}],"wp:attachment":[{"href":"https:\/\/roveyayinevi.com.tr\/index.php\/wp-json\/wp\/v2\/media?parent=743088"}],"wp:term":[{"taxonomy":"product_brand","embeddable":true,"href":"https:\/\/roveyayinevi.com.tr\/index.php\/wp-json\/wp\/v2\/product_brand?post=743088"},{"taxonomy":"product_cat","embeddable":true,"href":"https:\/\/roveyayinevi.com.tr\/index.php\/wp-json\/wp\/v2\/product_cat?post=743088"},{"taxonomy":"product_tag","embeddable":true,"href":"https:\/\/roveyayinevi.com.tr\/index.php\/wp-json\/wp\/v2\/product_tag?post=743088"}],"curies":[{"name":"wp","href":"https:\/\/api.w.org\/{rel}","templated":true}]}}