{"id":743087,"date":"2025-08-28T01:27:26","date_gmt":"2025-08-27T22:27:26","guid":{"rendered":"https:\/\/roveyayinevi.com.tr\/index.php\/urun\/bacasiz-ev\/"},"modified":"2026-04-03T02:58:12","modified_gmt":"2026-04-02T23:58:12","slug":"bacasiz-ev","status":"publish","type":"product","link":"https:\/\/roveyayinevi.com.tr\/index.php\/urun\/bacasiz-ev\/","title":{"rendered":"Bacas\u0131z Ev"},"content":{"rendered":"<p>Yaz g\u00fcne\u015fi tepemizden g\u00fclerken, Yay\u0131l\u0131yor kesik \u00e7ay\u0131r kokusu. Bulu\u015fmu\u015f b\u00fct\u00fcn bay\u0131r\u0131n tozu, Giriyor burun deliklerimizden.   <\/p>\n","protected":false},"excerpt":{"rendered":"<p>Yaz g\u00fcne\u015fi tepemizden g\u00fclerken, Yay\u0131l\u0131yor kesik \u00e7ay\u0131r kokusu. Bulu\u015fmu\u015f b\u00fct\u00fcn bay\u0131r\u0131n tozu, Giriyor burun deliklerimizden.<\/p>\n","protected":false},"featured_media":0,"template":"","meta":{"_monsterinsights_skip_tracking":false,"_monsterinsights_sitenote_active":false,"_monsterinsights_sitenote_note":"","_monsterinsights_sitenote_category":0},"product_brand":[],"product_cat":[12291,12509],"product_tag":[],"class_list":{"0":"post-743087","1":"product","2":"type-product","3":"status-publish","5":"product_cat-edebiyat","6":"product_cat-siir","7":"pa_cilt-ciltsiz","8":"pa_tur-kitap","9":"pa_yayinevi-luna-yayinlari","10":"pa_yazar-adem-ali-komurcu","12":"first","13":"instock","14":"sale","15":"shipping-taxable","16":"purchasable","17":"product-type-simple"},"_links":{"self":[{"href":"https:\/\/roveyayinevi.com.tr\/index.php\/wp-json\/wp\/v2\/product\/743087","targetHints":{"allow":["GET"]}}],"collection":[{"href":"https:\/\/roveyayinevi.com.tr\/index.php\/wp-json\/wp\/v2\/product"}],"about":[{"href":"https:\/\/roveyayinevi.com.tr\/index.php\/wp-json\/wp\/v2\/types\/product"}],"wp:attachment":[{"href":"https:\/\/roveyayinevi.com.tr\/index.php\/wp-json\/wp\/v2\/media?parent=743087"}],"wp:term":[{"taxonomy":"product_brand","embeddable":true,"href":"https:\/\/roveyayinevi.com.tr\/index.php\/wp-json\/wp\/v2\/product_brand?post=743087"},{"taxonomy":"product_cat","embeddable":true,"href":"https:\/\/roveyayinevi.com.tr\/index.php\/wp-json\/wp\/v2\/product_cat?post=743087"},{"taxonomy":"product_tag","embeddable":true,"href":"https:\/\/roveyayinevi.com.tr\/index.php\/wp-json\/wp\/v2\/product_tag?post=743087"}],"curies":[{"name":"wp","href":"https:\/\/api.w.org\/{rel}","templated":true}]}}