{"id":743086,"date":"2025-08-28T01:27:25","date_gmt":"2025-08-27T22:27:25","guid":{"rendered":"https:\/\/roveyayinevi.com.tr\/index.php\/urun\/matematik-parki\/"},"modified":"2026-04-16T02:54:02","modified_gmt":"2026-04-15T23:54:02","slug":"matematik-parki","status":"publish","type":"product","link":"https:\/\/roveyayinevi.com.tr\/index.php\/urun\/matematik-parki\/","title":{"rendered":"Matematik Park\u0131"},"content":{"rendered":"<p>Bilim el\u00e7isi Tak\u0131my\u0131ld\u0131z ekibi bize yepyeni ke\u015fif alanlar\u0131 sunmaya devam ediyor. Hen\u00fcz tan\u0131\u015fmad\u0131ysan\u0131z biraz yakla\u015fmaya ne dersiniz? Hayat\u0131m\u0131z\u0131n her k\u00f6\u015fesinde g\u00fcl\u00fcmseyerek kar\u015f\u0131m\u0131za \u00e7\u0131kan matematik, \u015fimdi de say\u0131s\u0131z renk ve desenle bulu\u015fmu\u015f, bir kitab\u0131n sayfalar\u0131nda bulunmay\u0131 bekliyor. Nas\u0131l m\u0131? \u201cMatematik Park\u0131\u201d konuklar\u0131 i\u00e7in haz\u0131rlan\u0131rken matematik, yard\u0131msever bir dost gibi \u00e7ocuklar\u0131n yanlar\u0131nda beliriyor, onlara her ad\u0131mlar\u0131nda destek oluyor. Sonras\u0131 s\u0131n\u0131rs\u0131z ne\u015fe, bol e\u011flence\u2026 #sonsuzseksek #tatl\u0131olas\u0131l\u0131klar #kavu\u015fank\u00fcmeler #fofl\u00fchf\u00fco *** Haz\u0131rl\u0131klar ba\u015flad\u0131\u2026 Bal\u0131k\u00e7\u0131l G\u00f6l\u00fc \u0130lkokulunda \u00f6\u011frenciler \u00f6\u011fretmenleriyle birlikte okulun yan\u0131ndaki alan\u0131 bir matematik park\u0131na d\u00f6n\u00fc\u015ft\u00fcrmek istiyorlar. Bu park\u0131n, hem oyun oynanabilecek hem de matematikle ilgili ke\u015fifler yap\u0131labilecek bir alan olmas\u0131n\u0131 hayal ediyorlar. \u00dcstelik park\u0131 tasarlarken matematik onlar\u0131n en b\u00fcy\u00fck yard\u0131mc\u0131s\u0131!   Kitaptan   Zencefil ve Karanfil, Fesle\u011fen \u00d6\u011fretmen\u2019le birlikte Matematik Park\u0131\u2019n\u0131n giri\u015findeki alan\u0131 ta\u015flarla kaplayacaklar. Beyaz ta\u015flar\u0131n aras\u0131na renkli ta\u015flarla desen yapacaklar. Bunun i\u00e7in \u00e7evreden \u00e7ok say\u0131da renkli ta\u015f toplad\u0131lar. Ta\u015flar\u0131 renklerine ve b\u00fcy\u00fckl\u00fcklerine g\u00f6re grupland\u0131r\u0131p k\u00fcmeler olu\u015fturdular. B\u00f6ylece desen yaparken ta\u015flar\u0131 se\u00e7meleri kolayla\u015facak. K\u00fcmeler Olu\u015fturmak Nesneler; b\u00fcy\u00fckl\u00fckleri, renkleri, \u015fekilleri, bulunduklar\u0131 yerler ve kullan\u0131m alanlar\u0131 gibi \u00f6zelliklerine g\u00f6re grupland\u0131r\u0131labilir. Nesnelerin belirli ortak \u00f6zelliklerine g\u00f6re olu\u015fturulan gruplara k\u00fcme denir. \u00d6rne\u011fin; yaz\u0131n okunacak kitaplar, bir parkta ya\u015fayan ku\u015flar, okulun basketbol tak\u0131m\u0131ndaki \u00e7ocuklar birer k\u00fcme olu\u015fturur. Olaylar\u0131, konular\u0131 ve i\u015fleri de ortak \u00f6zelliklerine g\u00f6re k\u00fcmelere ay\u0131rabiliriz. B\u00f6ylece ayr\u0131nt\u0131lar\u0131 fark etmemiz, gruplar aras\u0131nda ili\u015fki kurmam\u0131z ve gereksinimleri belirlememiz kolayla\u015f\u0131r. *** Renk renk boyalar, f\u0131r\u00e7alar, eldiven ve \u00f6nl\u00fck\u2026 Parktaki \u00e7iti boyamak i\u00e7in her \u015fey haz\u0131r. Erguvan ve Peksimet, \u00e7itin tahtalar\u0131n\u0131 hangi renkte boyayacaklar\u0131n\u0131 belirlemek i\u00e7in d\u00fc\u015f\u00fcn\u00fcrken bir sar\u0131asman\u0131n \u00f6t\u00fc\u015f\u00fcn\u00fc duydular: Fo &#8211; fl\u00fch &#8211; f\u00fco. Sar\u0131asma yine \u00f6tt\u00fc: Fo &#8211; fl\u00fch &#8211; f\u00fco. Fo &#8211; fl\u00fch &#8211; f\u00fco. Ak\u0131llar\u0131na, \u00e7itin tahtalar\u0131n\u0131 sar\u0131asman\u0131n \u00f6t\u00fc\u015f\u00fcndeki \u00f6r\u00fcnt\u00fcye g\u00f6re boyama fikri geldi. \u201cFo\u201d sesi i\u00e7in mor, \u201cfl\u00fch\u201d sesi i\u00e7in turuncu, \u201cf\u00fco\u201d sesi i\u00e7in sar\u0131 rengi se\u00e7tiler. Tahtalar\u0131, mor-turuncu-sar\u0131 s\u0131ras\u0131n\u0131 tekrarlayacak \u015fekilde boyamaya ba\u015flad\u0131lar. \u00c7evremizdeki \u00d6r\u00fcnt\u00fcler \u00d6r\u00fcnt\u00fc; say\u0131, \u015fekil, desen, renk, olay ve nesnelerin belirli bir kurala g\u00f6re birbirini izlemesi ya da tekrar etmesidir. G\u00fcnl\u00fck ya\u015fant\u0131m\u0131zda \u00f6r\u00fcnt\u00fclerle \u00e7ok s\u0131k kar\u015f\u0131la\u015f\u0131r\u0131z. Ku\u015flar\u0131n \u00f6t\u00fc\u015f\u00fcnde, itfaiye arac\u0131n\u0131n sireninde, haftan\u0131n g\u00fcnlerinde, mevsimlerde, Ay\u2019\u0131n evrelerinde&#8230; \u00d6r\u00fcnt\u00fcler g\u00f6zlemlenerek baz\u0131 olaylar \u00f6ng\u00f6r\u00fclebilir. \u00d6rne\u011fin bilim insanlar\u0131 depremler, f\u0131rt\u0131nalar, yanarda\u011f patlamalar\u0131 gibi olaylara ya da canl\u0131lar\u0131n davran\u0131\u015flar\u0131na ili\u015fkin \u00f6ng\u00f6r\u00fcde bulunmak i\u00e7in \u00f6r\u00fcnt\u00fcleri inceler. *** Okulun yak\u0131n\u0131ndaki Bal\u0131k\u00e7\u0131l G\u00f6l\u00fc\u2019nde \u00e7ok say\u0131da ku\u015f ya\u015f\u0131yor. G\u00f6l\u00fcn k\u0131y\u0131s\u0131nda, ku\u015flar\u0131 g\u00f6zlemlemek i\u00e7in yap\u0131lm\u0131\u015f eski, ah\u015fap bir g\u00f6zlem kulesi var. Ancak kulenin onar\u0131lmas\u0131 gerekiyor. Onar\u0131m i\u015fini Mutlak \u00d6\u011fretmen, P\u0131t\u0131r ve \u00c7\u0131t\u0131r yap\u0131yor. Bu i\u015f i\u00e7in ah\u015fap par\u00e7alar kullan\u0131yorlar. Ah\u015fap par\u00e7alar\u0131n \u00f6l\u00e7\u00fclerini belirlerken d\u00f6rt i\u015flemden yararlan\u0131yorlar. D\u00f6rt \u0130\u015flemle Hesap Yapmak Nesnelerin miktar\u0131, uzunlu\u011fu, a\u011f\u0131rl\u0131\u011f\u0131 ya da bir olay\u0131n s\u00fcresi, ka\u00e7 kez ger\u00e7ekle\u015fti\u011fi say\u0131larla ifade edilir. Bunlar bazen kolayl\u0131kla say\u0131labilir. Kolayca sayamad\u0131\u011f\u0131m\u0131z durumlarda hesap yapmak gerekir. Bunun i\u00e7in genellikle toplama, \u00e7\u0131karma, \u00e7arpma ve b\u00f6lme yani d\u00f6rt i\u015flem kullan\u0131l\u0131r. Bir masa yapmak i\u00e7in gereken malzeme miktar\u0131, marketten meyve al\u0131n\u0131rken \u00f6denecek tutar ya da seyahat s\u0131ras\u0131nda var\u0131lacak yere kalan mesafe hesaplan\u0131rken hep d\u00f6rt i\u015flem kullan\u0131l\u0131r. <\/p>\n","protected":false},"excerpt":{"rendered":"<p>Bilim el\u00e7isi Tak\u0131my\u0131ld\u0131z ekibi bize yepyeni ke\u015fif alanlar\u0131 sunmaya devam ediyor. Hen\u00fcz tan\u0131\u015fmad\u0131ysan\u0131z biraz yakla\u015fmaya ne dersiniz? Hayat\u0131m\u0131z\u0131n her k\u00f6\u015fesinde g\u00fcl\u00fcmseyerek kar\u015f\u0131m\u0131za \u00e7\u0131kan matematik, \u015fimdi de<span class=\"excerpt-hellip\"> [\u2026]<\/span><\/p>\n","protected":false},"featured_media":0,"template":"","meta":{"_monsterinsights_skip_tracking":false,"_monsterinsights_sitenote_active":false,"_monsterinsights_sitenote_note":"","_monsterinsights_sitenote_category":0},"product_brand":[],"product_cat":[12274,15842],"product_tag":[],"class_list":{"0":"post-743086","1":"product","2":"type-product","3":"status-publish","5":"product_cat-cocuk-ve-genclik-kitaplari","6":"product_cat-egitici-kitaplar","7":"pa_cilt-ciltsiz","8":"pa_tur-kitap","9":"pa_yayinevi-elma-cocuk","10":"pa_yazar-takimyildiz","12":"first","13":"instock","14":"sale","15":"shipping-taxable","16":"purchasable","17":"product-type-simple"},"_links":{"self":[{"href":"https:\/\/roveyayinevi.com.tr\/index.php\/wp-json\/wp\/v2\/product\/743086","targetHints":{"allow":["GET"]}}],"collection":[{"href":"https:\/\/roveyayinevi.com.tr\/index.php\/wp-json\/wp\/v2\/product"}],"about":[{"href":"https:\/\/roveyayinevi.com.tr\/index.php\/wp-json\/wp\/v2\/types\/product"}],"wp:attachment":[{"href":"https:\/\/roveyayinevi.com.tr\/index.php\/wp-json\/wp\/v2\/media?parent=743086"}],"wp:term":[{"taxonomy":"product_brand","embeddable":true,"href":"https:\/\/roveyayinevi.com.tr\/index.php\/wp-json\/wp\/v2\/product_brand?post=743086"},{"taxonomy":"product_cat","embeddable":true,"href":"https:\/\/roveyayinevi.com.tr\/index.php\/wp-json\/wp\/v2\/product_cat?post=743086"},{"taxonomy":"product_tag","embeddable":true,"href":"https:\/\/roveyayinevi.com.tr\/index.php\/wp-json\/wp\/v2\/product_tag?post=743086"}],"curies":[{"name":"wp","href":"https:\/\/api.w.org\/{rel}","templated":true}]}}