{"id":743085,"date":"2025-08-28T01:27:24","date_gmt":"2025-08-27T22:27:24","guid":{"rendered":"https:\/\/roveyayinevi.com.tr\/index.php\/urun\/cizgilerle-lacan-rehberi\/"},"modified":"2026-04-16T02:54:02","modified_gmt":"2026-04-15T23:54:02","slug":"cizgilerle-lacan-rehberi","status":"publish","type":"product","link":"https:\/\/roveyayinevi.com.tr\/index.php\/urun\/cizgilerle-lacan-rehberi\/","title":{"rendered":"\u00c7izgilerle Lacan Rehberi"},"content":{"rendered":"<p>Lacan\u2019\u0131 okumak zor, anlamak daha da zor derler. Freud\u2019dan bu yana psikanalizin belki de en etkili ve en tart\u0131\u015fmal\u0131 entelektu\u0308eli Jacques Lacan\u2019la tan\u0131\u015fmak, onun edebiyat, sanat ve felsefe u\u0308zerindeki tesirini g\u00f6rmek i\u00e7in muhtemelen bundan daha iyi bir f\u0131rsat olamazd\u0131. Ya\u015fayan en mahir Lacanc\u0131 psikanalistlerden Darian Leader imzal\u0131 \u00c7izgilerle Lacan Rehberi, okuyucuyu Lacan\u2019\u0131n du\u0308nyas\u0131nda tela\u015fs\u0131z bir gezintiye \u00e7\u0131karan, Lacanc\u0131 teorinin kuytu k\u00f6\u015felerinden ustal\u0131kla ge\u00e7en bir rehber. <\/p>\n","protected":false},"excerpt":{"rendered":"<p>Lacan\u2019\u0131 okumak zor, anlamak daha da zor derler. Freud\u2019dan bu yana psikanalizin belki de en etkili ve en tart\u0131\u015fmal\u0131 entelektu\u0308eli Jacques Lacan\u2019la tan\u0131\u015fmak, onun edebiyat, sanat<span class=\"excerpt-hellip\"> [\u2026]<\/span><\/p>\n","protected":false},"featured_media":0,"template":"","meta":{"_monsterinsights_skip_tracking":false,"_monsterinsights_sitenote_active":false,"_monsterinsights_sitenote_note":"","_monsterinsights_sitenote_category":0},"product_brand":[],"product_cat":[12358,12357],"product_tag":[],"class_list":{"0":"post-743085","1":"product","2":"type-product","3":"status-publish","5":"product_cat-genel-psikoloji","6":"product_cat-psikoloji","7":"pa_cilt-ciltsiz","8":"pa_tur-kitap","9":"pa_yayinevi-okuyan-us-yayin","10":"pa_yazar-darian-leader","12":"first","13":"instock","14":"sale","15":"shipping-taxable","16":"purchasable","17":"product-type-simple"},"_links":{"self":[{"href":"https:\/\/roveyayinevi.com.tr\/index.php\/wp-json\/wp\/v2\/product\/743085","targetHints":{"allow":["GET"]}}],"collection":[{"href":"https:\/\/roveyayinevi.com.tr\/index.php\/wp-json\/wp\/v2\/product"}],"about":[{"href":"https:\/\/roveyayinevi.com.tr\/index.php\/wp-json\/wp\/v2\/types\/product"}],"wp:attachment":[{"href":"https:\/\/roveyayinevi.com.tr\/index.php\/wp-json\/wp\/v2\/media?parent=743085"}],"wp:term":[{"taxonomy":"product_brand","embeddable":true,"href":"https:\/\/roveyayinevi.com.tr\/index.php\/wp-json\/wp\/v2\/product_brand?post=743085"},{"taxonomy":"product_cat","embeddable":true,"href":"https:\/\/roveyayinevi.com.tr\/index.php\/wp-json\/wp\/v2\/product_cat?post=743085"},{"taxonomy":"product_tag","embeddable":true,"href":"https:\/\/roveyayinevi.com.tr\/index.php\/wp-json\/wp\/v2\/product_tag?post=743085"}],"curies":[{"name":"wp","href":"https:\/\/api.w.org\/{rel}","templated":true}]}}