{"id":743082,"date":"2025-08-28T01:27:21","date_gmt":"2025-08-27T22:27:21","guid":{"rendered":"https:\/\/roveyayinevi.com.tr\/index.php\/urun\/gurbet\/"},"modified":"2026-04-16T02:54:02","modified_gmt":"2026-04-15T23:54:02","slug":"gurbet","status":"publish","type":"product","link":"https:\/\/roveyayinevi.com.tr\/index.php\/urun\/gurbet\/","title":{"rendered":"Gurbet"},"content":{"rendered":"<p>Kaleme ald\u0131\u011f\u0131m bu kitab\u0131 gurbette ya\u015fayan ve hayat\u0131n\u0131 kaybetmi\u015f t\u00fcm vatanda\u015flar\u0131m\u0131za ithafen yaz\u0131yorum. \u00dclkesini terk etmek mecburiyetinde kalan T\u00fcrkler, g\u00f6\u00e7 ettikleri \u00fclkelerde i\u015f sahibi olup para kazanarak T\u00fcrkiye&#8217;ye geri d\u00f6nd\u00fcklerinde daha refah, daha iyi bir hayat ve kuracaklar\u0131 i\u015f yerleriyle maddi s\u0131k\u0131nt\u0131 \u00e7ekmeden ya\u015famak i\u00e7in ailesini geride b\u0131rak\u0131p ba\u015fka diyarlara g\u00f6\u00e7 etmek mecburiyetinde kalm\u0131\u015flard\u0131r.<\/p>\n","protected":false},"excerpt":{"rendered":"<p>Kaleme ald\u0131\u011f\u0131m bu kitab\u0131 gurbette ya\u015fayan ve hayat\u0131n\u0131 kaybetmi\u015f t\u00fcm vatanda\u015flar\u0131m\u0131za ithafen yaz\u0131yorum. \u00dclkesini terk etmek mecburiyetinde kalan T\u00fcrkler, g\u00f6\u00e7 ettikleri \u00fclkelerde i\u015f sahibi olup para<span class=\"excerpt-hellip\"> [\u2026]<\/span><\/p>\n","protected":false},"featured_media":0,"template":"","meta":{"_monsterinsights_skip_tracking":false,"_monsterinsights_sitenote_active":false,"_monsterinsights_sitenote_note":"","_monsterinsights_sitenote_category":0},"product_brand":[],"product_cat":[12777,12291],"product_tag":[],"class_list":{"0":"post-743082","1":"product","2":"type-product","3":"status-publish","5":"product_cat-deneme","6":"product_cat-edebiyat","7":"pa_cilt-ciltsiz","8":"pa_tur-kitap","9":"pa_yayinevi-elpis-yayinlari","10":"pa_yazar-salim-alacam","12":"first","13":"instock","14":"sale","15":"shipping-taxable","16":"purchasable","17":"product-type-simple"},"_links":{"self":[{"href":"https:\/\/roveyayinevi.com.tr\/index.php\/wp-json\/wp\/v2\/product\/743082","targetHints":{"allow":["GET"]}}],"collection":[{"href":"https:\/\/roveyayinevi.com.tr\/index.php\/wp-json\/wp\/v2\/product"}],"about":[{"href":"https:\/\/roveyayinevi.com.tr\/index.php\/wp-json\/wp\/v2\/types\/product"}],"wp:attachment":[{"href":"https:\/\/roveyayinevi.com.tr\/index.php\/wp-json\/wp\/v2\/media?parent=743082"}],"wp:term":[{"taxonomy":"product_brand","embeddable":true,"href":"https:\/\/roveyayinevi.com.tr\/index.php\/wp-json\/wp\/v2\/product_brand?post=743082"},{"taxonomy":"product_cat","embeddable":true,"href":"https:\/\/roveyayinevi.com.tr\/index.php\/wp-json\/wp\/v2\/product_cat?post=743082"},{"taxonomy":"product_tag","embeddable":true,"href":"https:\/\/roveyayinevi.com.tr\/index.php\/wp-json\/wp\/v2\/product_tag?post=743082"}],"curies":[{"name":"wp","href":"https:\/\/api.w.org\/{rel}","templated":true}]}}