{"id":743081,"date":"2025-08-28T01:27:20","date_gmt":"2025-08-27T22:27:20","guid":{"rendered":"https:\/\/roveyayinevi.com.tr\/index.php\/urun\/berslan\/"},"modified":"2026-04-16T02:54:02","modified_gmt":"2026-04-15T23:54:02","slug":"berslan","status":"publish","type":"product","link":"https:\/\/roveyayinevi.com.tr\/index.php\/urun\/berslan\/","title":{"rendered":"Berslan"},"content":{"rendered":"<p>Bir g\u00fcn sonbahar gelecekti ve h\u00fcz\u00fcn veren mevsimin en h\u00fcz\u00fcnl\u00fc g\u00fcn\u00fc i\u00e7in ambarlarda en iyi \u015fekilde saklanan elmalar\u0131n a\u011f\u0131z suland\u0131ran kokusunun kap\u0131lardan s\u0131zmas\u0131yla anla\u015f\u0131lacakt\u0131&#8230; anla\u015f\u0131lm\u0131\u015ft\u0131&#8230; ak\u015fam karanl\u0131\u011f\u0131n\u0131n \u00e7\u00f6kmesine yak\u0131n, konaklarda yanan ate\u015flerin ve geleneksel olarak bug\u00fcn i\u00e7in ambarlarda saklanan kasa kasa elmalar\u0131n lezzetli kokusu b\u00fct\u00fcn ci\u011ferleri ince ince yakarken \u015fehrin kap\u0131s\u0131nda t\u00fcccarlar \u00e7anlarla oturduklar\u0131 ate\u015fin ba\u015f\u0131ndan ayaklan\u0131p, sisli sokaklardaki tezgah yard\u0131mc\u0131lar\u0131n\u0131n \u00e7oktan toplamas\u0131 gereken tezgahlar\u0131n\u0131 karanl\u0131k tam \u00e7\u00f6kmeden son kez kontrol ederlerken \u015fehirdeki en az katl\u0131 kona\u011f\u0131n boyunda \u015fehri \u00e7evreleyen duvarlarda bir a\u011fac\u0131n alt\u0131nda ayr\u0131lmak \u00fczere olan iki sevgili birbirlerine kendini her zaman hat\u0131rlatacak hediyelerini son kez vereceklerdir. ancak; adam kad\u0131n\u0131 zaten asla unutamayaca\u011f\u0131n\u0131 biliyordur. can\u0131 ate\u015flerle kavruluyordur. Zaten bu gece \u00e7ok uzun s\u00fcrecektir. Zaten bug\u00fcn h\u00fcz\u00fcnl\u00fc bir g\u00fcn, mevsim h\u00fcz\u00fcnl\u00fc bir mevsim. \u015eehirdeki, hatta Okzalia Orman\u0131&#8217;ndaki, K\u0131ta&#8217;daki ve Adria Denizi&#8217;ndeki t\u00fcm canl\u0131lar i\u00e7in bu gece zaten en uzun gece g\u00f6kten \u00e7\u00f6kecektir. Peki bu geceden sonraki \u015fafak kimler i\u00e7in atacak?  <\/p>\n","protected":false},"excerpt":{"rendered":"<p>Bir g\u00fcn sonbahar gelecekti ve h\u00fcz\u00fcn veren mevsimin en h\u00fcz\u00fcnl\u00fc g\u00fcn\u00fc i\u00e7in ambarlarda en iyi \u015fekilde saklanan elmalar\u0131n a\u011f\u0131z suland\u0131ran kokusunun kap\u0131lardan s\u0131zmas\u0131yla anla\u015f\u0131lacakt\u0131&#8230; anla\u015f\u0131lm\u0131\u015ft\u0131&#8230; ak\u015fam<span class=\"excerpt-hellip\"> [\u2026]<\/span><\/p>\n","protected":false},"featured_media":0,"template":"","meta":{"_monsterinsights_skip_tracking":false,"_monsterinsights_sitenote_active":false,"_monsterinsights_sitenote_note":"","_monsterinsights_sitenote_category":0},"product_brand":[],"product_cat":[12291,14777],"product_tag":[],"class_list":{"0":"post-743081","1":"product","2":"type-product","3":"status-publish","5":"product_cat-edebiyat","6":"product_cat-fantastik","7":"pa_cilt-ciltsiz","8":"pa_tur-kitap","9":"pa_yayinevi-elpis-yayinlari","10":"pa_yazar-furkan-r-tughan","12":"first","13":"instock","14":"sale","15":"shipping-taxable","16":"purchasable","17":"product-type-simple"},"_links":{"self":[{"href":"https:\/\/roveyayinevi.com.tr\/index.php\/wp-json\/wp\/v2\/product\/743081","targetHints":{"allow":["GET"]}}],"collection":[{"href":"https:\/\/roveyayinevi.com.tr\/index.php\/wp-json\/wp\/v2\/product"}],"about":[{"href":"https:\/\/roveyayinevi.com.tr\/index.php\/wp-json\/wp\/v2\/types\/product"}],"wp:attachment":[{"href":"https:\/\/roveyayinevi.com.tr\/index.php\/wp-json\/wp\/v2\/media?parent=743081"}],"wp:term":[{"taxonomy":"product_brand","embeddable":true,"href":"https:\/\/roveyayinevi.com.tr\/index.php\/wp-json\/wp\/v2\/product_brand?post=743081"},{"taxonomy":"product_cat","embeddable":true,"href":"https:\/\/roveyayinevi.com.tr\/index.php\/wp-json\/wp\/v2\/product_cat?post=743081"},{"taxonomy":"product_tag","embeddable":true,"href":"https:\/\/roveyayinevi.com.tr\/index.php\/wp-json\/wp\/v2\/product_tag?post=743081"}],"curies":[{"name":"wp","href":"https:\/\/api.w.org\/{rel}","templated":true}]}}