{"id":743079,"date":"2025-08-28T01:27:17","date_gmt":"2025-08-27T22:27:17","guid":{"rendered":"https:\/\/roveyayinevi.com.tr\/index.php\/urun\/barisi-sagla\/"},"modified":"2026-04-16T02:54:01","modified_gmt":"2026-04-15T23:54:01","slug":"barisi-sagla","status":"publish","type":"product","link":"https:\/\/roveyayinevi.com.tr\/index.php\/urun\/barisi-sagla\/","title":{"rendered":"Bar\u0131\u015f\u0131 Sa\u011fla"},"content":{"rendered":"<p>Herkesin kendi d\u00fcnyas\u0131nda fethetmesi gereken zaferleri vard\u0131r. Bar\u0131\u015f Guvalar ise kendisine tan\u0131d\u0131\u011f\u0131 365 g\u00fcnde, kendi ruhunu, bu karma\u015fan\u0131n i\u00e7erisinde bulaca\u011f\u0131na s\u00f6z vermi\u015fti ancak i\u015fler istedi\u011fi gibi gitmedi. R\u00fcyalar\u0131n\u0131 saran ablas\u0131 da belli ki adaleti istiyordu. Bar\u0131\u015f, o do\u011fmadan \u00f6len ablas\u0131n\u0131n ger\u00e7ekten kazayla m\u0131 yoksa bir kurmacan\u0131n ba\u015frol\u00fc olarak m\u0131 \u00f6ld\u00fc\u011f\u00fcn\u00fc bulmaya \u00e7al\u0131\u015f\u0131yordu. Bir yandan k\u00e2buslar\u0131n\u0131 kontrol etmeye \u00e7al\u0131\u015f\u0131rken, di\u011fer yandan \u015fehrin \u00f6nde gelen varl\u0131kl\u0131 aileleriyle u\u011fra\u015f\u0131yordu. D\u00fc\u015ft\u00fc\u011f\u00fc karma\u015f\u0131k \u00e7ukurun a\u011fz\u0131 gittik\u00e7e kapanmaya ba\u015flad\u0131\u011f\u0131nda boynundaki anahtara s\u0131\u011f\u0131nd\u0131. Onu bu adaletsiz d\u00fcnyadan kurtaran ise basit bir anahtar de\u011fil, arkada\u015flar\u0131 olacakt\u0131\u2026 <\/p>\n","protected":false},"excerpt":{"rendered":"<p>Herkesin kendi d\u00fcnyas\u0131nda fethetmesi gereken zaferleri vard\u0131r. Bar\u0131\u015f Guvalar ise kendisine tan\u0131d\u0131\u011f\u0131 365 g\u00fcnde, kendi ruhunu, bu karma\u015fan\u0131n i\u00e7erisinde bulaca\u011f\u0131na s\u00f6z vermi\u015fti ancak i\u015fler istedi\u011fi gibi<span class=\"excerpt-hellip\"> [\u2026]<\/span><\/p>\n","protected":false},"featured_media":0,"template":"","meta":{"_monsterinsights_skip_tracking":false,"_monsterinsights_sitenote_active":false,"_monsterinsights_sitenote_note":"","_monsterinsights_sitenote_category":0},"product_brand":[],"product_cat":[12291,12711],"product_tag":[],"class_list":{"0":"post-743079","1":"product","2":"type-product","3":"status-publish","5":"product_cat-edebiyat","6":"product_cat-roman-oyku","7":"pa_cilt-ciltsiz","8":"pa_tur-kitap","9":"pa_yayinevi-elpis-yayinlari","10":"pa_yazar-alanur-akar","12":"first","13":"instock","14":"sale","15":"shipping-taxable","16":"purchasable","17":"product-type-simple"},"_links":{"self":[{"href":"https:\/\/roveyayinevi.com.tr\/index.php\/wp-json\/wp\/v2\/product\/743079","targetHints":{"allow":["GET"]}}],"collection":[{"href":"https:\/\/roveyayinevi.com.tr\/index.php\/wp-json\/wp\/v2\/product"}],"about":[{"href":"https:\/\/roveyayinevi.com.tr\/index.php\/wp-json\/wp\/v2\/types\/product"}],"wp:attachment":[{"href":"https:\/\/roveyayinevi.com.tr\/index.php\/wp-json\/wp\/v2\/media?parent=743079"}],"wp:term":[{"taxonomy":"product_brand","embeddable":true,"href":"https:\/\/roveyayinevi.com.tr\/index.php\/wp-json\/wp\/v2\/product_brand?post=743079"},{"taxonomy":"product_cat","embeddable":true,"href":"https:\/\/roveyayinevi.com.tr\/index.php\/wp-json\/wp\/v2\/product_cat?post=743079"},{"taxonomy":"product_tag","embeddable":true,"href":"https:\/\/roveyayinevi.com.tr\/index.php\/wp-json\/wp\/v2\/product_tag?post=743079"}],"curies":[{"name":"wp","href":"https:\/\/api.w.org\/{rel}","templated":true}]}}