{"id":743078,"date":"2025-08-28T01:27:15","date_gmt":"2025-08-27T22:27:15","guid":{"rendered":"https:\/\/roveyayinevi.com.tr\/index.php\/urun\/pusulanin-izi\/"},"modified":"2026-04-16T02:54:01","modified_gmt":"2026-04-15T23:54:01","slug":"pusulanin-izi","status":"publish","type":"product","link":"https:\/\/roveyayinevi.com.tr\/index.php\/urun\/pusulanin-izi\/","title":{"rendered":"Pusulan\u0131n \u0130zi"},"content":{"rendered":"<p>Can, ailesi ile birlikte Ayval\u0131k&#8217;taki evlerine do\u011fru yola \u00e7\u0131kt\u0131klar\u0131nda bu yaz\u0131n kendisi i\u00e7in ba\u015fka d\u00fcnyalar\u0131n kap\u0131lar\u0131n\u0131 aralayaca\u011f\u0131n\u0131 bilmiyordu. Ege&#8217;nin serin ve berrak sular\u0131nda bulup pusula ismini verdi\u011fi aletle s\u0131ra d\u0131\u015f\u0131 maceralara yelken a\u00e7acak, yazg\u0131s\u0131n\u0131n pe\u015finden gidecekti.   Kendini Orta \u00c7a\u011f&#8217;da Sir Alistair adl\u0131 bir \u015f\u00f6valye bedeninde buldu\u011fu zaman r\u00fcyada oldu\u011funu d\u00fc\u015f\u00fcnm\u00fc\u015ft\u00fc. K\u0131z\u0131l Ejderha&#8217;yla kar\u015f\u0131la\u015ft\u0131\u011f\u0131nda hayranl\u0131\u011f\u0131 ve korkuyu ya\u015fad\u0131. Pusula onu cennetten bir k\u00f6\u015feye benzeyen Cava adas\u0131na g\u00f6t\u00fcrd\u00fc\u011f\u00fcnde ise g\u00f6zlerini Kawi ad\u0131nda bir bal\u0131k\u00e7\u0131 olarak a\u00e7m\u0131\u015ft\u0131. Gizemli ya\u015fl\u0131 ustas\u0131n\u0131n deli dolu bir kad\u0131na benzetti\u011fi okyanusa a\u00e7\u0131ld\u0131klar\u0131nda, yine ayn\u0131 duygular\u0131 hissetti. G\u00fczelli\u011fi kar\u015f\u0131s\u0131nda hayranl\u0131k, tehlikesi kar\u015f\u0131s\u0131nda korku\u2026   Bir ba\u015fkas\u0131n\u0131n bedeninde, bir ba\u015fka y\u00fczy\u0131lda&#8230; Bu pusulan\u0131n gizemiydi ve eninde sonunda onun izini s\u00fcrerek bu gizemi \u00e7\u00f6zecekti. Nereden gelmi\u015fti? Gelecekten mi yoksa y\u0131ld\u0131zlardan m\u0131?<\/p>\n","protected":false},"excerpt":{"rendered":"<p>Can, ailesi ile birlikte Ayval\u0131k&#8217;taki evlerine do\u011fru yola \u00e7\u0131kt\u0131klar\u0131nda bu yaz\u0131n kendisi i\u00e7in ba\u015fka d\u00fcnyalar\u0131n kap\u0131lar\u0131n\u0131 aralayaca\u011f\u0131n\u0131 bilmiyordu. Ege&#8217;nin serin ve berrak sular\u0131nda bulup pusula ismini<span class=\"excerpt-hellip\"> [\u2026]<\/span><\/p>\n","protected":false},"featured_media":0,"template":"","meta":{"_monsterinsights_skip_tracking":false,"_monsterinsights_sitenote_active":false,"_monsterinsights_sitenote_note":"","_monsterinsights_sitenote_category":0},"product_brand":[],"product_cat":[12540,12291],"product_tag":[],"class_list":{"0":"post-743078","1":"product","2":"type-product","3":"status-publish","5":"product_cat-bilim-kurgu","6":"product_cat-edebiyat","7":"pa_cilt-ciltsiz","8":"pa_tur-kitap","9":"pa_yayinevi-perseus","10":"pa_yazar-zuzu","12":"first","13":"instock","14":"sale","15":"shipping-taxable","16":"purchasable","17":"product-type-simple"},"_links":{"self":[{"href":"https:\/\/roveyayinevi.com.tr\/index.php\/wp-json\/wp\/v2\/product\/743078","targetHints":{"allow":["GET"]}}],"collection":[{"href":"https:\/\/roveyayinevi.com.tr\/index.php\/wp-json\/wp\/v2\/product"}],"about":[{"href":"https:\/\/roveyayinevi.com.tr\/index.php\/wp-json\/wp\/v2\/types\/product"}],"wp:attachment":[{"href":"https:\/\/roveyayinevi.com.tr\/index.php\/wp-json\/wp\/v2\/media?parent=743078"}],"wp:term":[{"taxonomy":"product_brand","embeddable":true,"href":"https:\/\/roveyayinevi.com.tr\/index.php\/wp-json\/wp\/v2\/product_brand?post=743078"},{"taxonomy":"product_cat","embeddable":true,"href":"https:\/\/roveyayinevi.com.tr\/index.php\/wp-json\/wp\/v2\/product_cat?post=743078"},{"taxonomy":"product_tag","embeddable":true,"href":"https:\/\/roveyayinevi.com.tr\/index.php\/wp-json\/wp\/v2\/product_tag?post=743078"}],"curies":[{"name":"wp","href":"https:\/\/api.w.org\/{rel}","templated":true}]}}