{"id":743077,"date":"2025-08-28T01:27:14","date_gmt":"2025-08-27T22:27:14","guid":{"rendered":"https:\/\/roveyayinevi.com.tr\/index.php\/urun\/nasil-yazdilar\/"},"modified":"2026-04-16T02:54:01","modified_gmt":"2026-04-15T23:54:01","slug":"nasil-yazdilar","status":"publish","type":"product","link":"https:\/\/roveyayinevi.com.tr\/index.php\/urun\/nasil-yazdilar\/","title":{"rendered":"Nasil Yazd\u0131lar?"},"content":{"rendered":"<p>Hem bir okur hem de yazan sorusu. Bu sorunun pe\u015finde hem okudu\u011funuz yazarlar\u0131n ya\u015fam ve yazmak ekseninde incelemesini bulacak hem de yazma u\u011fra\u015f\u0131n\u0131n kendisine her bir kalemde tan\u0131k olacaks\u0131n\u0131z.   Kitapta yer alan t\u00fcm yaz\u0131lar 2009 y\u0131l\u0131ndan itibaren ulusal gazetelerde, kitap eklerinde ve edebiyat dergilerinde yer alan \u00fcretimlerimin toplam\u0131.   Yazarsan\u0131z d\u00f6n\u00fc\u015f\u00fcr ve d\u00f6n\u00fc\u015ft\u00fcr\u00fcrs\u00fcn\u00fcz\u2026   <\/p>\n","protected":false},"excerpt":{"rendered":"<p>Hem bir okur hem de yazan sorusu. Bu sorunun pe\u015finde hem okudu\u011funuz yazarlar\u0131n ya\u015fam ve yazmak ekseninde incelemesini bulacak hem de yazma u\u011fra\u015f\u0131n\u0131n kendisine her bir<span class=\"excerpt-hellip\"> [\u2026]<\/span><\/p>\n","protected":false},"featured_media":0,"template":"","meta":{"_monsterinsights_skip_tracking":false,"_monsterinsights_sitenote_active":false,"_monsterinsights_sitenote_note":"","_monsterinsights_sitenote_category":0},"product_brand":[],"product_cat":[12291,12711],"product_tag":[],"class_list":{"0":"post-743077","1":"product","2":"type-product","3":"status-publish","5":"product_cat-edebiyat","6":"product_cat-roman-oyku","7":"pa_cilt-ciltsiz","8":"pa_tur-kitap","9":"pa_yayinevi-perseus","10":"pa_yazar-ceylan-hazinedar","12":"first","13":"instock","14":"sale","15":"shipping-taxable","16":"purchasable","17":"product-type-simple"},"_links":{"self":[{"href":"https:\/\/roveyayinevi.com.tr\/index.php\/wp-json\/wp\/v2\/product\/743077","targetHints":{"allow":["GET"]}}],"collection":[{"href":"https:\/\/roveyayinevi.com.tr\/index.php\/wp-json\/wp\/v2\/product"}],"about":[{"href":"https:\/\/roveyayinevi.com.tr\/index.php\/wp-json\/wp\/v2\/types\/product"}],"wp:attachment":[{"href":"https:\/\/roveyayinevi.com.tr\/index.php\/wp-json\/wp\/v2\/media?parent=743077"}],"wp:term":[{"taxonomy":"product_brand","embeddable":true,"href":"https:\/\/roveyayinevi.com.tr\/index.php\/wp-json\/wp\/v2\/product_brand?post=743077"},{"taxonomy":"product_cat","embeddable":true,"href":"https:\/\/roveyayinevi.com.tr\/index.php\/wp-json\/wp\/v2\/product_cat?post=743077"},{"taxonomy":"product_tag","embeddable":true,"href":"https:\/\/roveyayinevi.com.tr\/index.php\/wp-json\/wp\/v2\/product_tag?post=743077"}],"curies":[{"name":"wp","href":"https:\/\/api.w.org\/{rel}","templated":true}]}}