{"id":743070,"date":"2025-08-28T01:27:05","date_gmt":"2025-08-27T22:27:05","guid":{"rendered":"https:\/\/roveyayinevi.com.tr\/index.php\/urun\/cocuklarda-ve-yetiskinlerde-dikkat-eksikligi-ve-hiperaktivite-bozuklugu\/"},"modified":"2026-04-16T02:54:01","modified_gmt":"2026-04-15T23:54:01","slug":"cocuklarda-ve-yetiskinlerde-dikkat-eksikligi-ve-hiperaktivite-bozuklugu","status":"publish","type":"product","link":"https:\/\/roveyayinevi.com.tr\/index.php\/urun\/cocuklarda-ve-yetiskinlerde-dikkat-eksikligi-ve-hiperaktivite-bozuklugu\/","title":{"rendered":"\u00c7ocuklarda ve Yeti\u015fkinlerde Dikkat Eksikli\u011fi ve Hiperaktivite Bozuklu\u011fu"},"content":{"rendered":"<p>Dikkat eksiklig\u0306i ve hiperaktivite bozuklug\u0306u ya da k\u0131saca DEHB, gu\u0308nu\u0308mu\u0308zde c\u0327ocuk ve ergen psikiyatrisinde en s\u0131k konulan tan\u0131lardan biri. Pek c\u0327ok kis\u0327i bu sebeple, onun yaramaz veya tembel c\u0327ocuklar ic\u0327in kullan\u0131lan moda bir kavram oldug\u0306unu du\u0308s\u0327u\u0308nu\u0308yor. Peki DEHB tam olarak ne anlama geliyor? Gerc\u0327ekten ebeveynlerin yetis\u0327tirme hatalar\u0131n\u0131 ya da c\u0327ocug\u0306un karakter zaaflar\u0131n\u0131 o\u0308rtbas etmeye hizmet eden kullan\u0131s\u0327l\u0131 bir etiket mi, yoksa u\u0308zerine ciddiyetle eg\u0306ilinmesi gereken bir sag\u0306l\u0131k sorunu mu? DEHB kis\u0327inin kendisiyle, aile u\u0308yeleriyle ve sosyal c\u0327evresiyle ilis\u0327kilerine nas\u0131l yans\u0131r? Bu durumdan mustarip kis\u0327iler hangi duygudurum bozukluklar\u0131ndan etkilenirler? Odaklanma ve du\u0308rtu\u0308sellik neden temel bir zorluk olarak gu\u0308nlu\u0308k hayata damga vurur? C\u0327ocuklarda ve yetis\u0327kinlerde ayn\u0131 tan\u0131 k\u0131staslar\u0131 m\u0131 gec\u0327erlidir, yoksa semptomlar yas\u0327la deg\u0306is\u0327ir mi? I\u0307lac\u0327 tedavisi kac\u0327\u0131n\u0131lmaz m\u0131d\u0131r, dig\u0306er sec\u0327enekler nelerdir? Fiziksel aktivitenin DEHB\u2019yi yo\u0308netmekte nas\u0131l bir rolu\u0308 vard\u0131r? Tehlikeli davran\u0131s\u0327lar ve al\u0131s\u0327kanl\u0131klar DEHB\u2019lilerde daha m\u0131 s\u0131k go\u0308ru\u0308lu\u0308r? DEHB\u2019nin olumlu o\u0308zellikleri nelerdir ve toplum ac\u0327\u0131s\u0131ndan nas\u0131l bir potansiyele sahiptir? Psikosomatik hastal\u0131klar ve psikoterapi uzman\u0131 Astrid Neuy-Bartmann, C\u0327ocuklarda ve Yetis\u0327kinlerde Dikkat Eksiklig\u0306i ve Hiperaktivite Bozuklug\u0306u: Tan\u0131 ve Ba\u015f Etme Yollar\u0131\u2019nda, okuru DEHB\u2019nin temel semptomlar\u0131yla ve farkl\u0131 tedavi yo\u0308ntemleriyle tan\u0131s\u0327t\u0131r\u0131yor. En yeni bilimsel bilgileri dikkate alarak konunun sadece uzmanlarca deg\u0306il, DEHB\u2019liler ve yak\u0131nlar\u0131 taraf\u0131ndan da h\u0131zla kavranmas\u0131n\u0131 sag\u0306l\u0131yor. Gu\u0308nlu\u0308k hayatta kars\u0327\u0131las\u0327\u0131lan ve ilis\u0327kileri c\u0327\u0131kmaza sokan c\u0327es\u0327itli sorunlar\u0131 gidermek ic\u0327in vazgec\u0327ilmez bir bas\u0327ucu kitab\u0131. <\/p>\n","protected":false},"excerpt":{"rendered":"<p>Dikkat eksiklig\u0306i ve hiperaktivite bozuklug\u0306u ya da k\u0131saca DEHB, gu\u0308nu\u0308mu\u0308zde c\u0327ocuk ve ergen psikiyatrisinde en s\u0131k konulan tan\u0131lardan biri. Pek c\u0327ok kis\u0327i bu sebeple, onun yaramaz<span class=\"excerpt-hellip\"> [\u2026]<\/span><\/p>\n","protected":false},"featured_media":0,"template":"","meta":{"_monsterinsights_skip_tracking":false,"_monsterinsights_sitenote_active":false,"_monsterinsights_sitenote_note":"","_monsterinsights_sitenote_category":0},"product_brand":[],"product_cat":[20502,12357],"product_tag":[],"class_list":{"0":"post-743070","1":"product","2":"type-product","3":"status-publish","5":"product_cat-basvuru-kitaplari-psikoloji","6":"product_cat-psikoloji","7":"pa_cilt-ciltsiz","8":"pa_tur-kitap","9":"pa_yayinevi-iletisim-yayinlari","10":"pa_yazar-astrid-neuy-erwin-bartmann","12":"first","13":"instock","14":"sale","15":"shipping-taxable","16":"purchasable","17":"product-type-simple"},"_links":{"self":[{"href":"https:\/\/roveyayinevi.com.tr\/index.php\/wp-json\/wp\/v2\/product\/743070","targetHints":{"allow":["GET"]}}],"collection":[{"href":"https:\/\/roveyayinevi.com.tr\/index.php\/wp-json\/wp\/v2\/product"}],"about":[{"href":"https:\/\/roveyayinevi.com.tr\/index.php\/wp-json\/wp\/v2\/types\/product"}],"wp:attachment":[{"href":"https:\/\/roveyayinevi.com.tr\/index.php\/wp-json\/wp\/v2\/media?parent=743070"}],"wp:term":[{"taxonomy":"product_brand","embeddable":true,"href":"https:\/\/roveyayinevi.com.tr\/index.php\/wp-json\/wp\/v2\/product_brand?post=743070"},{"taxonomy":"product_cat","embeddable":true,"href":"https:\/\/roveyayinevi.com.tr\/index.php\/wp-json\/wp\/v2\/product_cat?post=743070"},{"taxonomy":"product_tag","embeddable":true,"href":"https:\/\/roveyayinevi.com.tr\/index.php\/wp-json\/wp\/v2\/product_tag?post=743070"}],"curies":[{"name":"wp","href":"https:\/\/api.w.org\/{rel}","templated":true}]}}