{"id":743069,"date":"2025-08-28T01:27:04","date_gmt":"2025-08-27T22:27:04","guid":{"rendered":"https:\/\/roveyayinevi.com.tr\/index.php\/urun\/turkiyenin-milli-guvenlik-devleti\/"},"modified":"2026-04-16T02:54:01","modified_gmt":"2026-04-15T23:54:01","slug":"turkiyenin-milli-guvenlik-devleti","status":"publish","type":"product","link":"https:\/\/roveyayinevi.com.tr\/index.php\/urun\/turkiyenin-milli-guvenlik-devleti\/","title":{"rendered":"T\u00fcrkiye&#8217;nin Milli G\u00fcvenlik Devleti"},"content":{"rendered":"<p>\u201cBas\u0327ka gu\u0308venlik devleti o\u0308rneklerinde oldug\u0306u gibi Tu\u0308rkiye\u2019de de mes\u0327ruiyetini du\u0308s\u0327manlar\u0131n varl\u0131g\u0306\u0131na, c\u0327oklug\u0306una ve tehdidin yak\u0131nl\u0131g\u0306\u0131na dayand\u0131ran milli gu\u0308venlik devleti, farkl\u0131 muhalefet bic\u0327imleriyle bag\u0306das\u0327t\u0131rd\u0131g\u0306\u0131 \u2018du\u0308s\u0327man\u2019 so\u0308ylemini, paranoya du\u0308zeyine vard\u0131rd\u0131. Bu c\u0327erc\u0327evede ordunun belirledig\u0306i hedef ve c\u0327\u0131karlarla o\u0308rtu\u0308s\u0327meyen her tu\u0308rlu\u0308 talebin sahipleri kolayl\u0131kla ve rahatl\u0131kla \u2018yabanc\u0131 us\u0327ag\u0306\u0131\u2019, \u2018d\u0131s\u0327 mihrak\u2019 ya da \u2018vatan haini\u2019 gibi etiketlerle yaftaland\u0131.\u201d Ulus-devletlerin kurumsallas\u0327mas\u0131yla beraber \u201cmilli gu\u0308venlik\u201d diye adland\u0131r\u0131lan ve hic\u0327bir zaman yaln\u0131zca d\u0131s\u0327 politikan\u0131n konusu olmam\u0131s\u0327 siyasi ajanda, hem siyaset biliminde hem de uluslararas\u0131 ilis\u0327kiler disiplinlerinde en o\u0308nemli tart\u0131s\u0327ma bas\u0327l\u0131klar\u0131ndan birisi olmus\u0327tur. Tu\u0308rkiye\u2019nin Milli Gu\u0308venlik Devleti\u2019nde Zeynep S\u0327arlak, \u201cmilli gu\u0308venlik devleti\u201d kavram\u0131n\u0131, bilhassa kars\u0327\u0131las\u0327t\u0131rmal\u0131 siyaset bilimi perspektifini kullanarak, Tu\u0308rkiye\u2019de Sog\u0306uk Savas\u0327 do\u0308neminden itibaren tedricen tesis edilmis\u0327 bir rejimi tan\u0131mlamak u\u0308zere ele al\u0131yor ve Sog\u0306uk Savas\u0327 do\u0308neminden itibaren Tu\u0308rkiye tarihine bu kavram u\u0308zerinden bakmay\u0131 o\u0308neriyor. Milli gu\u0308venlik devletinin o\u0308zellikle ic\u0327 siyaseti tasarlay\u0131c\u0131 ve du\u0308zenleyici boyutuyla ilgilenen c\u0327al\u0131s\u0327ma, asker-sivil ilis\u0327kileri, sosyal ve siyasi haklara dair k\u0131rm\u0131z\u0131 c\u0327izgiler, ic\u0327 du\u0308s\u0327manlar, gu\u0308venlik ayg\u0131tlar\u0131n\u0131n tesisi gibi bas\u0327l\u0131klar u\u0308zerinden bugu\u0308nu\u0308n siyasi rejimi u\u0308zerine de yeniden du\u0308s\u0327u\u0308nmeye davet ediyor. Gu\u0308ndelik hayata da ziyadesiyle sirayet etmis\u0327 siyasi paranoya ve korkular\u0131n temellerini aramaya giris\u0327iyor.<\/p>\n","protected":false},"excerpt":{"rendered":"<p>\u201cBas\u0327ka gu\u0308venlik devleti o\u0308rneklerinde oldug\u0306u gibi Tu\u0308rkiye\u2019de de mes\u0327ruiyetini du\u0308s\u0327manlar\u0131n varl\u0131g\u0306\u0131na, c\u0327oklug\u0306una ve tehdidin yak\u0131nl\u0131g\u0306\u0131na dayand\u0131ran milli gu\u0308venlik devleti, farkl\u0131 muhalefet bic\u0327imleriyle bag\u0306das\u0327t\u0131rd\u0131g\u0306\u0131 \u2018du\u0308s\u0327man\u2019 so\u0308ylemini, paranoya<span class=\"excerpt-hellip\"> [\u2026]<\/span><\/p>\n","protected":false},"featured_media":0,"template":"","meta":{"_monsterinsights_skip_tracking":false,"_monsterinsights_sitenote_active":false,"_monsterinsights_sitenote_note":"","_monsterinsights_sitenote_category":0},"product_brand":[],"product_cat":[13590,12337],"product_tag":[],"class_list":{"0":"post-743069","1":"product","2":"type-product","3":"status-publish","5":"product_cat-arastirma-inceleme-politika-siyaset","6":"product_cat-politika-siyaset","7":"pa_cilt-ciltsiz","8":"pa_tur-kitap","9":"pa_yayinevi-iletisim-yayinlari","10":"pa_yazar-zeynep-sarlak","12":"first","13":"instock","14":"sale","15":"shipping-taxable","16":"purchasable","17":"product-type-simple"},"_links":{"self":[{"href":"https:\/\/roveyayinevi.com.tr\/index.php\/wp-json\/wp\/v2\/product\/743069","targetHints":{"allow":["GET"]}}],"collection":[{"href":"https:\/\/roveyayinevi.com.tr\/index.php\/wp-json\/wp\/v2\/product"}],"about":[{"href":"https:\/\/roveyayinevi.com.tr\/index.php\/wp-json\/wp\/v2\/types\/product"}],"wp:attachment":[{"href":"https:\/\/roveyayinevi.com.tr\/index.php\/wp-json\/wp\/v2\/media?parent=743069"}],"wp:term":[{"taxonomy":"product_brand","embeddable":true,"href":"https:\/\/roveyayinevi.com.tr\/index.php\/wp-json\/wp\/v2\/product_brand?post=743069"},{"taxonomy":"product_cat","embeddable":true,"href":"https:\/\/roveyayinevi.com.tr\/index.php\/wp-json\/wp\/v2\/product_cat?post=743069"},{"taxonomy":"product_tag","embeddable":true,"href":"https:\/\/roveyayinevi.com.tr\/index.php\/wp-json\/wp\/v2\/product_tag?post=743069"}],"curies":[{"name":"wp","href":"https:\/\/api.w.org\/{rel}","templated":true}]}}