{"id":743068,"date":"2025-08-28T01:27:03","date_gmt":"2025-08-27T22:27:03","guid":{"rendered":"https:\/\/roveyayinevi.com.tr\/index.php\/urun\/kostebek-yollari\/"},"modified":"2026-02-03T03:09:04","modified_gmt":"2026-02-03T00:09:04","slug":"kostebek-yollari","status":"publish","type":"product","link":"https:\/\/roveyayinevi.com.tr\/index.php\/urun\/kostebek-yollari\/","title":{"rendered":"K\u00f6stebek Yollar\u0131"},"content":{"rendered":"<p>\u201cHerkes nes\u0327elendig\u0306inde ben de nes\u0327eleniyorum. Sonra nes\u0327e po\u0308rsu\u0308yor. Ne oldug\u0306unu bilmiyorum. Ne getirirlerse ben c\u0327evresini kus\u0327at\u0131yorum. Tek yapabildig\u0306im kus\u0327atmak. Kus\u0327att\u0131kc\u0327a, getirdikleri s\u0327ey, kokular, duygular, so\u0308zler koyulas\u0327\u0131yor, yog\u0306unlas\u0327\u0131yor, ag\u0306\u0131rlas\u0327\u0131yor. Sonra havaland\u0131r\u0131yorlar ic\u0327eriyi toprak kendini hat\u0131rlat\u0131yor. Gidemedikleri ad\u0131mlar\u0131 da getiriyorlar, so\u0308yleyemedikleri so\u0308zleri de. Onlar\u0131 bende gidiyor, bende so\u0308ylu\u0308yorlar.\u201d G\u00fcnay C\u0327etao K\u0131z\u0131l\u0131rmak\u2019\u0131n o\u0308yku\u0308lerindeki insan, yas\u0327amay\u0131 kolaylas\u0327t\u0131racag\u0306\u0131n\u0131 sezdig\u0306i s\u0327eyi tam bulacakken kaybediyor. As\u0327k eski s\u0327ark\u0131larda unutulmus\u0327, ormana gitmek \u201ckitabi\u0302 bir heves\u201d, gu\u0308nu\u0308n uzun tu\u0308neline iki ucundan dalan iki insan birbirine ulas\u0327ana kadar yorulup uyuyakal\u0131yor. Derin bir nefes al\u0131p yeniden yola koyulmaktan bas\u0327ka c\u0327are yok, ama o\u0308nu\u0308mu\u0308zde sand\u0131g\u0306\u0131m\u0131z, yu\u0308ru\u0308du\u0308kc\u0327e varacag\u0306\u0131m\u0131z\u0131 du\u0308s\u0327u\u0308ndu\u0308g\u0306u\u0308mu\u0308z hayat hep geride bir yerde kal\u0131yor. I\u0307leriye veya geriye deg\u0306il, daha derinlere gitmek gerekecek art\u0131k, ko\u0308stebek yollar\u0131 kazarak&#8230; Ko\u0308stebek Yollar\u0131, s\u0327ehrin ve yas\u0327am\u0131n du\u0308g\u0306u\u0308mlerini c\u0327o\u0308zu\u0308p insan\u0131 bulmaya, go\u0308rmeye c\u0327al\u0131s\u0327\u0131yor.<\/p>\n","protected":false},"excerpt":{"rendered":"<p>\u201cHerkes nes\u0327elendig\u0306inde ben de nes\u0327eleniyorum. Sonra nes\u0327e po\u0308rsu\u0308yor. Ne oldug\u0306unu bilmiyorum. Ne getirirlerse ben c\u0327evresini kus\u0327at\u0131yorum. Tek yapabildig\u0306im kus\u0327atmak. Kus\u0327att\u0131kc\u0327a, getirdikleri s\u0327ey, kokular, duygular, so\u0308zler koyulas\u0327\u0131yor,<span class=\"excerpt-hellip\"> [\u2026]<\/span><\/p>\n","protected":false},"featured_media":0,"template":"","meta":{"_monsterinsights_skip_tracking":false,"_monsterinsights_sitenote_active":false,"_monsterinsights_sitenote_note":"","_monsterinsights_sitenote_category":0},"product_brand":[],"product_cat":[12291,12711],"product_tag":[],"class_list":{"0":"post-743068","1":"product","2":"type-product","3":"status-publish","5":"product_cat-edebiyat","6":"product_cat-roman-oyku","7":"pa_cilt-ciltsiz","8":"pa_tur-kitap","9":"pa_yayinevi-iletisim-yayinlari","10":"pa_yazar-gunay-cetao-kizilirmak","12":"first","13":"instock","14":"sale","15":"shipping-taxable","16":"purchasable","17":"product-type-simple"},"_links":{"self":[{"href":"https:\/\/roveyayinevi.com.tr\/index.php\/wp-json\/wp\/v2\/product\/743068","targetHints":{"allow":["GET"]}}],"collection":[{"href":"https:\/\/roveyayinevi.com.tr\/index.php\/wp-json\/wp\/v2\/product"}],"about":[{"href":"https:\/\/roveyayinevi.com.tr\/index.php\/wp-json\/wp\/v2\/types\/product"}],"wp:attachment":[{"href":"https:\/\/roveyayinevi.com.tr\/index.php\/wp-json\/wp\/v2\/media?parent=743068"}],"wp:term":[{"taxonomy":"product_brand","embeddable":true,"href":"https:\/\/roveyayinevi.com.tr\/index.php\/wp-json\/wp\/v2\/product_brand?post=743068"},{"taxonomy":"product_cat","embeddable":true,"href":"https:\/\/roveyayinevi.com.tr\/index.php\/wp-json\/wp\/v2\/product_cat?post=743068"},{"taxonomy":"product_tag","embeddable":true,"href":"https:\/\/roveyayinevi.com.tr\/index.php\/wp-json\/wp\/v2\/product_tag?post=743068"}],"curies":[{"name":"wp","href":"https:\/\/api.w.org\/{rel}","templated":true}]}}