{"id":743065,"date":"2025-08-28T01:26:59","date_gmt":"2025-08-27T22:26:59","guid":{"rendered":"https:\/\/roveyayinevi.com.tr\/index.php\/urun\/aile-polisi\/"},"modified":"2026-04-16T02:54:01","modified_gmt":"2026-04-15T23:54:01","slug":"aile-polisi","status":"publish","type":"product","link":"https:\/\/roveyayinevi.com.tr\/index.php\/urun\/aile-polisi\/","title":{"rendered":"Aile Polisi"},"content":{"rendered":"<p>\u201cAile, m\u00fcesses nizam\u0131 yeniden \u00fcretmenin bir arac\u0131 m\u0131d\u0131r?\u201dJacques Donzelot, siyasi akl\u0131n ele\u015ftirisinde bir ba\u015fyap\u0131t te\u015fkil eden Aile Polisi\u2019nde, on sekizinci y\u00fczy\u0131ldan itibaren kamusal m\u00fcdahale alan\u0131na d\u00f6n\u00fc\u015fen ailenin tabi tutuldu\u011fu reform hareketini, \u201csosyal\u201d sekt\u00f6r\u00fcn\u00fcn ortaya \u00e7\u0131k\u0131\u015f\u0131yla birlikte ele al\u0131yor. Ailelerin y\u00f6netiminden ailelerle y\u00f6netime ge\u00e7i\u015f olarak kuramsalla\u015ft\u0131rd\u0131\u011f\u0131 bu s\u00fcre\u00e7te, Donzelot, i\u015f\u00e7i s\u0131n\u0131f\u0131ile orta s\u0131n\u0131f\u0131n, liberal ekonomi ba\u011flam\u0131nda aile-toplum ili\u015fkini yeniden \u015fekillendirmek isteyen sosyal pratikler ile s\u00f6ylemler taraf\u0131ndan nas\u0131l farkl\u0131 \u015fekillerde hedeflendi\u011fini, aile yoluyla hangi problemlerin \u00e7\u00f6z\u00fclmeye \u00e7al\u0131\u015f\u0131ld\u0131\u011f\u0131n\u0131 ve ailenin \u201cileri liberal toplum\u201da adaptasyon s\u00fcrecinde filantropi, sosyal meslekler, t\u0131p, e\u011fitim ve psikiyatrinin oynad\u0131klar\u0131 rol\u00fc, psikanalitik s\u00f6ylem ve pratiklerin y\u00fckseli\u015fine do\u011fru ele al\u0131yor. \u201cToplumsal y\u00fczeyin bir tarihini yazma\u201d iddias\u0131yla, ele\u015ftirinin b\u00fct\u00fcn g\u00fcc\u00fcn\u00fc ku\u015fanm\u0131\u015f olarak gelen bu kitap, Gilles Deleuze\u2019\u00fcn son s\u00f6z\u00fcyle birlikte, ilk kez T\u00fcrk\u00e7ede okurlar\u0131yla bulu\u015fuyor. Bu kitab\u0131n a\u00e7t\u0131\u011f\u0131 yolu, yine en iyi, iki yazar anlat\u0131yor:\u201cBu kitap bir ilk oldu\u011fu s\u00f6ylenebilecek bir ad\u0131m att\u0131ysa, bu onun ailenin son iki y\u00fczy\u0131l\u0131 kapsayan bu reform hareketini \u2018y\u00f6netim\u2019 de\u011fi\u015fikli\u011fi kabilinden d\u00fc\u015f\u00fcnm\u00fc\u015f olmas\u0131, bu terime vurgu yaparak sosyal kontrol ve disiplinle\u015fme terimlerine yo\u011funla\u015fan tek y\u00f6nl\u00fc okumalardaki yan\u0131lg\u0131lar\u0131 bir \u00f6l\u00e7\u00fcde a\u015fm\u0131\u015f olmas\u0131 ve b\u00f6ylece Michel Foucault\u2019nun \u00e7ok ge\u00e7meden sistematik bir kurama d\u00f6n\u00fc\u015ft\u00fcrece\u011fi bir yakla\u015f\u0131m\u0131n genel hatlar\u0131n\u0131 ortaya koymu\u015f olmas\u0131d\u0131r.\u201dJacques Donzelot,<\/p>\n","protected":false},"excerpt":{"rendered":"<p>\u201cAile, m\u00fcesses nizam\u0131 yeniden \u00fcretmenin bir arac\u0131 m\u0131d\u0131r?\u201dJacques Donzelot, siyasi akl\u0131n ele\u015ftirisinde bir ba\u015fyap\u0131t te\u015fkil eden Aile Polisi\u2019nde, on sekizinci y\u00fczy\u0131ldan itibaren kamusal m\u00fcdahale alan\u0131na d\u00f6n\u00fc\u015fen<span class=\"excerpt-hellip\"> [\u2026]<\/span><\/p>\n","protected":false},"featured_media":0,"template":"","meta":{"_monsterinsights_skip_tracking":false,"_monsterinsights_sitenote_active":false,"_monsterinsights_sitenote_note":"","_monsterinsights_sitenote_category":0},"product_brand":[],"product_cat":[12831,12324],"product_tag":[],"class_list":{"0":"post-743065","1":"product","2":"type-product","3":"status-publish","5":"product_cat-aile-ve-cocuk","6":"product_cat-sosyoloji","7":"pa_cilt-ciltsiz","8":"pa_tur-kitap","9":"pa_yayinevi-nika-yayinevi","10":"pa_yazar-jacques-donzelot","12":"first","13":"instock","14":"sale","15":"shipping-taxable","16":"purchasable","17":"product-type-simple"},"_links":{"self":[{"href":"https:\/\/roveyayinevi.com.tr\/index.php\/wp-json\/wp\/v2\/product\/743065","targetHints":{"allow":["GET"]}}],"collection":[{"href":"https:\/\/roveyayinevi.com.tr\/index.php\/wp-json\/wp\/v2\/product"}],"about":[{"href":"https:\/\/roveyayinevi.com.tr\/index.php\/wp-json\/wp\/v2\/types\/product"}],"wp:attachment":[{"href":"https:\/\/roveyayinevi.com.tr\/index.php\/wp-json\/wp\/v2\/media?parent=743065"}],"wp:term":[{"taxonomy":"product_brand","embeddable":true,"href":"https:\/\/roveyayinevi.com.tr\/index.php\/wp-json\/wp\/v2\/product_brand?post=743065"},{"taxonomy":"product_cat","embeddable":true,"href":"https:\/\/roveyayinevi.com.tr\/index.php\/wp-json\/wp\/v2\/product_cat?post=743065"},{"taxonomy":"product_tag","embeddable":true,"href":"https:\/\/roveyayinevi.com.tr\/index.php\/wp-json\/wp\/v2\/product_tag?post=743065"}],"curies":[{"name":"wp","href":"https:\/\/api.w.org\/{rel}","templated":true}]}}