{"id":743054,"date":"2025-08-28T01:26:45","date_gmt":"2025-08-27T22:26:45","guid":{"rendered":"https:\/\/roveyayinevi.com.tr\/index.php\/urun\/bir-tirtilin-hikayesi\/"},"modified":"2026-04-16T02:54:01","modified_gmt":"2026-04-15T23:54:01","slug":"bir-tirtilin-hikayesi","status":"publish","type":"product","link":"https:\/\/roveyayinevi.com.tr\/index.php\/urun\/bir-tirtilin-hikayesi\/","title":{"rendered":"Bir T\u0131rt\u0131l\u0131n Hikayesi"},"content":{"rendered":"<p>Minik t\u0131rt\u0131l Yumuk, yak\u0131nda bir g\u00fcve olacak. Ama \u00f6nce karn\u0131n\u0131 doyurmak i\u00e7in yiyecek bulmas\u0131 gerekiyor. Yumuk, afiyetle yiyece\u011fi karahindiba yapraklar\u0131 ararken ba\u015fka t\u0131rt\u0131llarla kar\u015f\u0131la\u015f\u0131yor. Rengarenk, birbirinden g\u00f6z al\u0131c\u0131 ama pek de kibar olmayan bu t\u0131rt\u0131llar, Yumuk\u2019un s\u0131radan bir g\u00fcve olaca\u011f\u0131n\u0131 d\u00fc\u015f\u00fcn\u00fcyor. Hepsi de Yumuk\u2019a kahkalarla g\u00fcl\u00fcyor. Acaba Yumuk nas\u0131l bir g\u00fcve olacak? D\u00fcnyaca \u00fcnl\u00fc Yayazula\u2019n\u0131n yazar\u0131 Julia Donaldson ve \u00f6d\u00fcll\u00fc \u00e7izer Yuval Zommer\u2019den muhte\u015fem bir d\u00f6n\u00fc\u015f\u00fcm hik\u00e2yesi. <\/p>\n","protected":false},"excerpt":{"rendered":"<p>Minik t\u0131rt\u0131l Yumuk, yak\u0131nda bir g\u00fcve olacak. Ama \u00f6nce karn\u0131n\u0131 doyurmak i\u00e7in yiyecek bulmas\u0131 gerekiyor. Yumuk, afiyetle yiyece\u011fi karahindiba yapraklar\u0131 ararken ba\u015fka t\u0131rt\u0131llarla kar\u015f\u0131la\u015f\u0131yor. Rengarenk, birbirinden<span class=\"excerpt-hellip\"> [\u2026]<\/span><\/p>\n","protected":false},"featured_media":0,"template":"","meta":{"_monsterinsights_skip_tracking":false,"_monsterinsights_sitenote_active":false,"_monsterinsights_sitenote_note":"","_monsterinsights_sitenote_category":0},"product_brand":[],"product_cat":[12274,12518],"product_tag":[],"class_list":{"0":"post-743054","1":"product","2":"type-product","3":"status-publish","5":"product_cat-cocuk-ve-genclik-kitaplari","6":"product_cat-okul-oncesi-kitaplar","7":"pa_cilt-ciltsiz","8":"pa_tur-kitap","9":"pa_yayinevi-is-bankasi-kultur-yayinlari","10":"pa_yazar-julia-donaldson","12":"first","13":"instock","14":"sale","15":"shipping-taxable","16":"purchasable","17":"product-type-simple"},"_links":{"self":[{"href":"https:\/\/roveyayinevi.com.tr\/index.php\/wp-json\/wp\/v2\/product\/743054","targetHints":{"allow":["GET"]}}],"collection":[{"href":"https:\/\/roveyayinevi.com.tr\/index.php\/wp-json\/wp\/v2\/product"}],"about":[{"href":"https:\/\/roveyayinevi.com.tr\/index.php\/wp-json\/wp\/v2\/types\/product"}],"wp:attachment":[{"href":"https:\/\/roveyayinevi.com.tr\/index.php\/wp-json\/wp\/v2\/media?parent=743054"}],"wp:term":[{"taxonomy":"product_brand","embeddable":true,"href":"https:\/\/roveyayinevi.com.tr\/index.php\/wp-json\/wp\/v2\/product_brand?post=743054"},{"taxonomy":"product_cat","embeddable":true,"href":"https:\/\/roveyayinevi.com.tr\/index.php\/wp-json\/wp\/v2\/product_cat?post=743054"},{"taxonomy":"product_tag","embeddable":true,"href":"https:\/\/roveyayinevi.com.tr\/index.php\/wp-json\/wp\/v2\/product_tag?post=743054"}],"curies":[{"name":"wp","href":"https:\/\/api.w.org\/{rel}","templated":true}]}}