{"id":743053,"date":"2025-08-28T01:26:44","date_gmt":"2025-08-27T22:26:44","guid":{"rendered":"https:\/\/roveyayinevi.com.tr\/index.php\/urun\/kavanozda-bir-yildiz\/"},"modified":"2026-04-16T02:54:01","modified_gmt":"2026-04-15T23:54:01","slug":"kavanozda-bir-yildiz","status":"publish","type":"product","link":"https:\/\/roveyayinevi.com.tr\/index.php\/urun\/kavanozda-bir-yildiz\/","title":{"rendered":"Kavanozda Bir Y\u0131ld\u0131z"},"content":{"rendered":"<p>K\u00fc\u00e7\u00fck bir \u00e7ocuk, bir g\u00fcn bir y\u0131ld\u0131z buldu. Y\u0131ld\u0131z\u0131n\u0131 bir kavanoza koyup onunla maceralara at\u0131ld\u0131. Fakat minik y\u0131ld\u0131z evini \u00e7ok \u00f6zl\u00fcyordu&#8230; K\u00fc\u00e7\u00fck \u00e7ocukla ablas\u0131, y\u0131ld\u0131z\u0131n evine sa\u011f salim d\u00f6nmesini sa\u011flayabilecekler mi dersiniz? \u0130ki karde\u015fin arkada\u015fl\u0131\u011f\u0131n\u0131 m\u00fckemmel bir \u015fekilde anlatan s\u0131cac\u0131k bir hik\u00e2ye. <\/p>\n","protected":false},"excerpt":{"rendered":"<p>K\u00fc\u00e7\u00fck bir \u00e7ocuk, bir g\u00fcn bir y\u0131ld\u0131z buldu. Y\u0131ld\u0131z\u0131n\u0131 bir kavanoza koyup onunla maceralara at\u0131ld\u0131. Fakat minik y\u0131ld\u0131z evini \u00e7ok \u00f6zl\u00fcyordu&#8230; K\u00fc\u00e7\u00fck \u00e7ocukla ablas\u0131, y\u0131ld\u0131z\u0131n evine<span class=\"excerpt-hellip\"> [\u2026]<\/span><\/p>\n","protected":false},"featured_media":0,"template":"","meta":{"_monsterinsights_skip_tracking":false,"_monsterinsights_sitenote_active":false,"_monsterinsights_sitenote_note":"","_monsterinsights_sitenote_category":0},"product_brand":[],"product_cat":[12274,12518],"product_tag":[],"class_list":{"0":"post-743053","1":"product","2":"type-product","3":"status-publish","5":"product_cat-cocuk-ve-genclik-kitaplari","6":"product_cat-okul-oncesi-kitaplar","7":"pa_cilt-ciltsiz","8":"pa_tur-kitap","9":"pa_yayinevi-is-bankasi-kultur-yayinlari","10":"pa_yazar-sam-hay","12":"first","13":"instock","14":"sale","15":"shipping-taxable","16":"purchasable","17":"product-type-simple"},"_links":{"self":[{"href":"https:\/\/roveyayinevi.com.tr\/index.php\/wp-json\/wp\/v2\/product\/743053","targetHints":{"allow":["GET"]}}],"collection":[{"href":"https:\/\/roveyayinevi.com.tr\/index.php\/wp-json\/wp\/v2\/product"}],"about":[{"href":"https:\/\/roveyayinevi.com.tr\/index.php\/wp-json\/wp\/v2\/types\/product"}],"wp:attachment":[{"href":"https:\/\/roveyayinevi.com.tr\/index.php\/wp-json\/wp\/v2\/media?parent=743053"}],"wp:term":[{"taxonomy":"product_brand","embeddable":true,"href":"https:\/\/roveyayinevi.com.tr\/index.php\/wp-json\/wp\/v2\/product_brand?post=743053"},{"taxonomy":"product_cat","embeddable":true,"href":"https:\/\/roveyayinevi.com.tr\/index.php\/wp-json\/wp\/v2\/product_cat?post=743053"},{"taxonomy":"product_tag","embeddable":true,"href":"https:\/\/roveyayinevi.com.tr\/index.php\/wp-json\/wp\/v2\/product_tag?post=743053"}],"curies":[{"name":"wp","href":"https:\/\/api.w.org\/{rel}","templated":true}]}}