{"id":743050,"date":"2025-08-28T01:26:40","date_gmt":"2025-08-27T22:26:40","guid":{"rendered":"https:\/\/roveyayinevi.com.tr\/index.php\/urun\/mira-her-seyi-bilir\/"},"modified":"2026-04-16T02:54:01","modified_gmt":"2026-04-15T23:54:01","slug":"mira-her-seyi-bilir","status":"publish","type":"product","link":"https:\/\/roveyayinevi.com.tr\/index.php\/urun\/mira-her-seyi-bilir\/","title":{"rendered":"Mira Her \u015eeyi Bilir"},"content":{"rendered":"<p>Vera bu duyguyu biliyordu, bir yalan\u0131 ke\u015ffedersin ama bir an i\u00e7in tekrar inanmak istersin. \u00c7u\u0308nku\u0308 daha rahatt\u0131r, \u00e7u\u0308nku\u0308 daha ac\u0131s\u0131zd\u0131r, \u00e7u\u0308nku\u0308 seni huzur i\u00e7inde uyudu\u011funa inand\u0131r\u0131r; oysaki yaln\u0131zca uyu\u015fturulmu\u015fsundur. G\u00f6zler kapal\u0131, ama ru\u0308ya yoktur. Mesaj\u0131 tekrar okudu, sonra g\u00f6nu\u0308lsu\u0308zce ku\u0308\u00e7u\u0308cu\u0308k par\u00e7alara b\u00f6lerek limonatan\u0131n i\u00e7ine att\u0131. Ale\u2019nin mesaj\u0131n\u0131 saklamay\u0131 ne kadar isterdi ama \u00e7ok riskli olurdu. \u0130z b\u0131rakamazlard\u0131. Protokol gere\u011fi mataray\u0131 sallad\u0131 ve iki numaral\u0131 k\u00e2\u011f\u0131d\u0131 ald\u0131.Ya\u015fam; g\u00f6zetleyen, izleyen, her sorunu \u00e7\u00f6zen, her soruyu cevaplayan bir yapay zek\u00e2n\u0131n, Mira\u2019n\u0131n kontrolu\u0308nde! Dijital a\u011flarla \u00f6r\u00fcl\u00fc \u201cmu\u0308kemmel\u201d topluma ayak uydurmakta zorlanan d\u00f6rt gencin arkada\u015fl\u0131\u011f\u0131, a\u015fk\u0131 sorgulay\u0131\u015flar\u0131, onlar\u0131 \u00f6zgu\u0308rlu\u0308\u011fe kavu\u015fturacak bir ba\u015fkald\u0131r\u0131n\u0131n k\u0131v\u0131lc\u0131m\u0131n\u0131 yak\u0131yor. Kendilerine dayat\u0131lan sanal Rejim\u2019e kar\u015f\u0131 \u00e7\u0131kanlarla birlikte onlar da edebiyat\u0131n, kitaplar\u0131n g\u00fcc\u00fcne tutunuyor\u2026 \u00c7a\u011fda\u015f \u0130talyan edebiyat\u0131n\u0131n \u00f6du\u0308llu\u0308 yazarlar\u0131ndan Luigi Ballerini, distopik roman\u0131nda okuru, teknolojiyle bi\u00e7imlenen karanl\u0131k bir yolculu\u011fa \u00e7\u0131kar\u0131yor. Teknolojinin s\u0131n\u0131rlar\u0131n\u0131 sorgulatan, h\u00fcr irade ve \u00f6zg\u00fcrl\u00fck gibi kavramlar\u0131 \u00e7arp\u0131c\u0131 \u00f6rneklerle i\u015fleyen Ballerini, gelece\u011fin d\u00fcnyas\u0131ndan bir soru soruyor: Distopya ne kadar uzakta?<\/p>\n","protected":false},"excerpt":{"rendered":"<p>Vera bu duyguyu biliyordu, bir yalan\u0131 ke\u015ffedersin ama bir an i\u00e7in tekrar inanmak istersin. \u00c7u\u0308nku\u0308 daha rahatt\u0131r, \u00e7u\u0308nku\u0308 daha ac\u0131s\u0131zd\u0131r, \u00e7u\u0308nku\u0308 seni huzur i\u00e7inde uyudu\u011funa inand\u0131r\u0131r;<span class=\"excerpt-hellip\"> [\u2026]<\/span><\/p>\n","protected":false},"featured_media":0,"template":"","meta":{"_monsterinsights_skip_tracking":false,"_monsterinsights_sitenote_active":false,"_monsterinsights_sitenote_note":"","_monsterinsights_sitenote_category":0},"product_brand":[],"product_cat":[12291,12711],"product_tag":[],"class_list":{"0":"post-743050","1":"product","2":"type-product","3":"status-publish","5":"product_cat-edebiyat","6":"product_cat-roman-oyku","7":"pa_cilt-ciltsiz","8":"pa_tur-kitap","9":"pa_yayinevi-on8-kitap","10":"pa_yazar-luigi-ballerini","12":"first","13":"instock","14":"sale","15":"shipping-taxable","16":"purchasable","17":"product-type-simple"},"_links":{"self":[{"href":"https:\/\/roveyayinevi.com.tr\/index.php\/wp-json\/wp\/v2\/product\/743050","targetHints":{"allow":["GET"]}}],"collection":[{"href":"https:\/\/roveyayinevi.com.tr\/index.php\/wp-json\/wp\/v2\/product"}],"about":[{"href":"https:\/\/roveyayinevi.com.tr\/index.php\/wp-json\/wp\/v2\/types\/product"}],"wp:attachment":[{"href":"https:\/\/roveyayinevi.com.tr\/index.php\/wp-json\/wp\/v2\/media?parent=743050"}],"wp:term":[{"taxonomy":"product_brand","embeddable":true,"href":"https:\/\/roveyayinevi.com.tr\/index.php\/wp-json\/wp\/v2\/product_brand?post=743050"},{"taxonomy":"product_cat","embeddable":true,"href":"https:\/\/roveyayinevi.com.tr\/index.php\/wp-json\/wp\/v2\/product_cat?post=743050"},{"taxonomy":"product_tag","embeddable":true,"href":"https:\/\/roveyayinevi.com.tr\/index.php\/wp-json\/wp\/v2\/product_tag?post=743050"}],"curies":[{"name":"wp","href":"https:\/\/api.w.org\/{rel}","templated":true}]}}