{"id":743049,"date":"2025-08-28T01:26:38","date_gmt":"2025-08-27T22:26:38","guid":{"rendered":"https:\/\/roveyayinevi.com.tr\/index.php\/urun\/minik-arinin-bir-gunu\/"},"modified":"2026-04-16T02:54:01","modified_gmt":"2026-04-15T23:54:01","slug":"minik-arinin-bir-gunu","status":"publish","type":"product","link":"https:\/\/roveyayinevi.com.tr\/index.php\/urun\/minik-arinin-bir-gunu\/","title":{"rendered":"Minik Ar\u0131&#8217;n\u0131n Bir G\u00fcn\u00fc"},"content":{"rendered":"<p>V\u0131zz v\u0131zz!Hey beni duyuyor musunuz?O ses nereden mi geliyor?Benden tabii\u2026 V\u0131zz v\u0131zz!Bal kovan\u0131ma ho\u015fgeldiniz. Bendeniz \u00e7al\u0131\u015fkan bir bal ar\u0131s\u0131y\u0131m. \u0130\u015fim g\u00fcc\u00fcm bal yapmak. \u015eey\u2026 Yani bug\u00fcnden itibaren diyebiliriz. Bug\u00fcn kovan\u0131mdan ilk kez d\u0131\u015far\u0131 \u00e7\u0131kaca\u011f\u0131m. \u00c7ok heyecanl\u0131y\u0131m!Etraf\u0131 \u00e7ok merak ediyorum. \u00d6zellikle de mis kokulu birbirinden g\u00fczel \u00e7i\u00e7ekleri, a\u011fa\u00e7lar\u0131, meyveleri\u2026 T\u00fcm g\u00fcn \u00e7i\u00e7ekten \u00e7i\u00e7e\u011fe konup bal yapmak i\u00e7in polen toplayaca\u011f\u0131m. Bana e\u015flik eder misiniz?Ar\u0131lar\u0131n dans etmeyi \u00e7ok sevdi\u011fini biliyor musunuz? Ya da en g\u00fczel \u00e7i\u00e7e\u011fi bulmalar\u0131n\u0131 sa\u011flayan s\u00fcper koku alma duyular\u0131 oldu\u011funu? Hadi o zaman tak\u0131lal\u0131m pe\u015fine ar\u0131c\u0131\u011f\u0131n da \u00f6\u011frenelim ar\u0131lar\u0131n gizli ya\u015fam\u0131n\u0131!<\/p>\n","protected":false},"excerpt":{"rendered":"<p>V\u0131zz v\u0131zz!Hey beni duyuyor musunuz?O ses nereden mi geliyor?Benden tabii\u2026 V\u0131zz v\u0131zz!Bal kovan\u0131ma ho\u015fgeldiniz. Bendeniz \u00e7al\u0131\u015fkan bir bal ar\u0131s\u0131y\u0131m. \u0130\u015fim g\u00fcc\u00fcm bal yapmak. \u015eey\u2026 Yani bug\u00fcnden<span class=\"excerpt-hellip\"> [\u2026]<\/span><\/p>\n","protected":false},"featured_media":0,"template":"","meta":{"_monsterinsights_skip_tracking":false,"_monsterinsights_sitenote_active":false,"_monsterinsights_sitenote_note":"","_monsterinsights_sitenote_category":0},"product_brand":[],"product_cat":[12913,12274],"product_tag":[],"class_list":{"0":"post-743049","1":"product","2":"type-product","3":"status-publish","5":"product_cat-3-6-yas-kitaplari","6":"product_cat-cocuk-ve-genclik-kitaplari","7":"pa_cilt-ciltsiz","8":"pa_tur-kitap","9":"pa_yayinevi-ucan-kitap","10":"pa_yazar-zeynep-dagguden","12":"first","13":"instock","14":"sale","15":"shipping-taxable","16":"purchasable","17":"product-type-simple"},"_links":{"self":[{"href":"https:\/\/roveyayinevi.com.tr\/index.php\/wp-json\/wp\/v2\/product\/743049","targetHints":{"allow":["GET"]}}],"collection":[{"href":"https:\/\/roveyayinevi.com.tr\/index.php\/wp-json\/wp\/v2\/product"}],"about":[{"href":"https:\/\/roveyayinevi.com.tr\/index.php\/wp-json\/wp\/v2\/types\/product"}],"wp:attachment":[{"href":"https:\/\/roveyayinevi.com.tr\/index.php\/wp-json\/wp\/v2\/media?parent=743049"}],"wp:term":[{"taxonomy":"product_brand","embeddable":true,"href":"https:\/\/roveyayinevi.com.tr\/index.php\/wp-json\/wp\/v2\/product_brand?post=743049"},{"taxonomy":"product_cat","embeddable":true,"href":"https:\/\/roveyayinevi.com.tr\/index.php\/wp-json\/wp\/v2\/product_cat?post=743049"},{"taxonomy":"product_tag","embeddable":true,"href":"https:\/\/roveyayinevi.com.tr\/index.php\/wp-json\/wp\/v2\/product_tag?post=743049"}],"curies":[{"name":"wp","href":"https:\/\/api.w.org\/{rel}","templated":true}]}}