{"id":743048,"date":"2025-08-28T01:26:38","date_gmt":"2025-08-27T22:26:38","guid":{"rendered":"https:\/\/roveyayinevi.com.tr\/index.php\/urun\/matematik-sembollerinin-kisa-tarihi\/"},"modified":"2026-04-16T02:54:01","modified_gmt":"2026-04-15T23:54:01","slug":"matematik-sembollerinin-kisa-tarihi","status":"publish","type":"product","link":"https:\/\/roveyayinevi.com.tr\/index.php\/urun\/matematik-sembollerinin-kisa-tarihi\/","title":{"rendered":"Matematik Sembollerinin K\u0131sa Tarihi"},"content":{"rendered":"<p>\u201cBu kitap matematikteki yerle\u015fik sembollerin k\u00f6kenlerinin ve evriminin izini s\u00fcrmektedir. Esasen bir matematik sembolleri tarihidir, ancak ayn\u0131 zamanda sembollerin matematiksel d\u00fc\u015f\u00fcn\u00fc\u015f\u00fc nas\u0131l etkilediklerinin ve nas\u0131l geni\u015f ve kal\u0131c\u0131 bir bilin\u00e7alt\u0131 esin yelpazesi uyand\u0131rd\u0131klar\u0131n\u0131n da ke\u015ffidir.\u201d Pek \u00e7o\u011fumuz art\u0131, eksi, e\u015fittir gibi basit matematik sembollerini s\u0131k s\u0131k kullansak da \u00e7ok az\u0131m\u0131z bu sembollerin 16. y\u00fczy\u0131ldan \u00f6nce var olmad\u0131klar\u0131n\u0131 bilir. Peki, bunun \u00f6ncesinde matematik\u00e7iler ne yap\u0131yordu? Matematik bug\u00fcn bildi\u011fimiz haline nas\u0131l evrildi? Matematik Sembollerinin K\u0131sa Tarihi \u2019nde Joseph Mazur matematiksel notasyon sistemimizin geli\u015fiminin ard\u0131ndaki b\u00fcy\u00fcleyici hik\u00e2yeyi bizlere anlat\u0131yor. Sembollerin ilk kez nas\u0131l kullan\u0131ld\u0131\u011f\u0131n\u0131, zaman i\u00e7inde sembollerin nas\u0131l de\u011fi\u015fim ge\u00e7irdi\u011fini ve yaz\u0131l\u0131 matemati\u011fin sembol \u00f6ncesi ve sonras\u0131 d\u00f6nemde nas\u0131l uyguland\u0131\u011f\u0131n\u0131 ayr\u0131nt\u0131lar\u0131yla a\u00e7\u0131kl\u0131yor. 16. y\u00fczy\u0131ldan \u00f6nce nesir ya da naz\u0131m \u015feklinde kaleme al\u0131nan, hatta rakamlar\u0131n bile yaz\u0131yla g\u00f6sterildi\u011fi metinlerle yap\u0131lan retorik cebir, semboller sayesinde bir d\u00f6n\u00fc\u015f\u00fcm ge\u00e7irir. Bu sadece \u015feklen de\u011fil, matematiksel d\u00fc\u015f\u00fcnceyi, yakla\u015f\u0131m\u0131, anlam\u0131, anlamay\u0131 ve ileti\u015fimi de de\u011fi\u015ftiren psikolojik bir d\u00f6n\u00fc\u015f\u00fcmd\u00fcr. Semboller benzerlik, ili\u015fkilendirme, \u00f6zde\u015flik, \u00e7a\u011fr\u0131\u015f\u0131m ve tekrarlanan imgeler yoluyla bizi etkiler, bilin\u00e7alt\u0131 \u00e7a\u011fr\u0131\u015f\u0131mlarla yeni fikirlere kap\u0131 a\u00e7ar, deneyim ile bilinmeyen aras\u0131nda ba\u011flant\u0131lar kurulmas\u0131n\u0131 sa\u011flar ve temel matematik bilgisinin yay\u0131lmas\u0131n\u0131 kolayla\u015ft\u0131r\u0131r. Matemati\u011fin kelimelerden k\u0131saltmalara, oradan sembollere uzanarak bug\u00fcn bildi\u011fimiz haline ula\u015fma ser\u00fcveni Matematik Sembollerinin K\u0131sa Tarihi \u2019nde \u00e7arp\u0131c\u0131 tarihi anekdotlar e\u015fli\u011finde sizleri bekliyor&#8230; <\/p>\n","protected":false},"excerpt":{"rendered":"<p>\u201cBu kitap matematikteki yerle\u015fik sembollerin k\u00f6kenlerinin ve evriminin izini s\u00fcrmektedir. Esasen bir matematik sembolleri tarihidir, ancak ayn\u0131 zamanda sembollerin matematiksel d\u00fc\u015f\u00fcn\u00fc\u015f\u00fc nas\u0131l etkilediklerinin ve nas\u0131l geni\u015f<span class=\"excerpt-hellip\"> [\u2026]<\/span><\/p>\n","protected":false},"featured_media":0,"template":"","meta":{"_monsterinsights_skip_tracking":false,"_monsterinsights_sitenote_active":false,"_monsterinsights_sitenote_note":"","_monsterinsights_sitenote_category":0},"product_brand":[],"product_cat":[13005,16724],"product_tag":[],"class_list":{"0":"post-743048","1":"product","2":"type-product","3":"status-publish","5":"product_cat-bilim-muhendislik","6":"product_cat-matematik","7":"pa_cilt-ciltsiz","8":"pa_tur-kitap","9":"pa_yayinevi-is-bankasi-kultur-yayinlari","10":"pa_yazar-joseph-mazur","12":"first","13":"instock","14":"sale","15":"shipping-taxable","16":"purchasable","17":"product-type-simple"},"_links":{"self":[{"href":"https:\/\/roveyayinevi.com.tr\/index.php\/wp-json\/wp\/v2\/product\/743048","targetHints":{"allow":["GET"]}}],"collection":[{"href":"https:\/\/roveyayinevi.com.tr\/index.php\/wp-json\/wp\/v2\/product"}],"about":[{"href":"https:\/\/roveyayinevi.com.tr\/index.php\/wp-json\/wp\/v2\/types\/product"}],"wp:attachment":[{"href":"https:\/\/roveyayinevi.com.tr\/index.php\/wp-json\/wp\/v2\/media?parent=743048"}],"wp:term":[{"taxonomy":"product_brand","embeddable":true,"href":"https:\/\/roveyayinevi.com.tr\/index.php\/wp-json\/wp\/v2\/product_brand?post=743048"},{"taxonomy":"product_cat","embeddable":true,"href":"https:\/\/roveyayinevi.com.tr\/index.php\/wp-json\/wp\/v2\/product_cat?post=743048"},{"taxonomy":"product_tag","embeddable":true,"href":"https:\/\/roveyayinevi.com.tr\/index.php\/wp-json\/wp\/v2\/product_tag?post=743048"}],"curies":[{"name":"wp","href":"https:\/\/api.w.org\/{rel}","templated":true}]}}