{"id":743044,"date":"2025-08-28T01:26:32","date_gmt":"2025-08-27T22:26:32","guid":{"rendered":"https:\/\/roveyayinevi.com.tr\/index.php\/urun\/gokdeniz-turkiye-turunda-4-sinif-seti-10-kitap\/"},"modified":"2026-04-16T02:54:01","modified_gmt":"2026-04-15T23:54:01","slug":"gokdeniz-turkiye-turunda-4-sinif-seti-10-kitap","status":"publish","type":"product","link":"https:\/\/roveyayinevi.com.tr\/index.php\/urun\/gokdeniz-turkiye-turunda-4-sinif-seti-10-kitap\/","title":{"rendered":"G\u00f6kdeniz T\u00fcrkiye Turunda 4. S\u0131n\u0131f Seti &#8211; (10 Kitap)"},"content":{"rendered":"<p>G\u00f6zlerini kapatarak g\u00f6rebilir misin? Ya da g\u00f6zlerin kapal\u0131yken d\u00fcnyay\u0131 gezebilir misin? D\u00fcnyan\u0131n en iyi iki rehberiyle birlikte, hareketli bir s\u0131n\u0131f ve anlay\u0131\u015fl\u0131 bir \u00f6\u011fretmen. S\u00fcrekli b\u00fcy\u00fcyen bir sevgi ve her hik\u00e2yede artan heyecan.Gezmek ve g\u00f6rmek i\u00e7in g\u00f6zlerinin a\u00e7\u0131k olmas\u0131na gerek yok. Hayal g\u00fcc\u00fcnde s\u0131n\u0131r olmad\u0131\u011f\u0131n\u0131, e\u011flenmek ve \u00f6\u011frenmek i\u00e7in gerekli malzemelerin sende sakl\u0131 oldu\u011funu ke\u015ffet. Haydi s\u0131ra sende, sen de kapat g\u00f6zlerini&#8230;<\/p>\n","protected":false},"excerpt":{"rendered":"<p>G\u00f6zlerini kapatarak g\u00f6rebilir misin? Ya da g\u00f6zlerin kapal\u0131yken d\u00fcnyay\u0131 gezebilir misin? D\u00fcnyan\u0131n en iyi iki rehberiyle birlikte, hareketli bir s\u0131n\u0131f ve anlay\u0131\u015fl\u0131 bir \u00f6\u011fretmen. S\u00fcrekli b\u00fcy\u00fcyen<span class=\"excerpt-hellip\"> [\u2026]<\/span><\/p>\n","protected":false},"featured_media":0,"template":"","meta":{"_monsterinsights_skip_tracking":false,"_monsterinsights_sitenote_active":false,"_monsterinsights_sitenote_note":"","_monsterinsights_sitenote_category":0},"product_brand":[],"product_cat":[12275,12274],"product_tag":[],"class_list":{"0":"post-743044","1":"product","2":"type-product","3":"status-publish","5":"product_cat-6-12-yas-kitaplari","6":"product_cat-cocuk-ve-genclik-kitaplari","7":"pa_cilt-set","8":"pa_tur-kitap","9":"pa_yayinevi-mavi-kirpi-yayinlari","10":"pa_yazar-vildan-ozdemir","12":"first","13":"instock","14":"sale","15":"shipping-taxable","16":"purchasable","17":"product-type-simple"},"_links":{"self":[{"href":"https:\/\/roveyayinevi.com.tr\/index.php\/wp-json\/wp\/v2\/product\/743044","targetHints":{"allow":["GET"]}}],"collection":[{"href":"https:\/\/roveyayinevi.com.tr\/index.php\/wp-json\/wp\/v2\/product"}],"about":[{"href":"https:\/\/roveyayinevi.com.tr\/index.php\/wp-json\/wp\/v2\/types\/product"}],"wp:attachment":[{"href":"https:\/\/roveyayinevi.com.tr\/index.php\/wp-json\/wp\/v2\/media?parent=743044"}],"wp:term":[{"taxonomy":"product_brand","embeddable":true,"href":"https:\/\/roveyayinevi.com.tr\/index.php\/wp-json\/wp\/v2\/product_brand?post=743044"},{"taxonomy":"product_cat","embeddable":true,"href":"https:\/\/roveyayinevi.com.tr\/index.php\/wp-json\/wp\/v2\/product_cat?post=743044"},{"taxonomy":"product_tag","embeddable":true,"href":"https:\/\/roveyayinevi.com.tr\/index.php\/wp-json\/wp\/v2\/product_tag?post=743044"}],"curies":[{"name":"wp","href":"https:\/\/api.w.org\/{rel}","templated":true}]}}