{"id":743042,"date":"2025-08-28T01:26:29","date_gmt":"2025-08-27T22:26:29","guid":{"rendered":"https:\/\/roveyayinevi.com.tr\/index.php\/urun\/gizemli-carkin-pesinde-3-sinif-seti-10-kitap\/"},"modified":"2026-04-16T02:54:01","modified_gmt":"2026-04-15T23:54:01","slug":"gizemli-carkin-pesinde-3-sinif-seti-10-kitap","status":"publish","type":"product","link":"https:\/\/roveyayinevi.com.tr\/index.php\/urun\/gizemli-carkin-pesinde-3-sinif-seti-10-kitap\/","title":{"rendered":"Gizemli \u00c7ark\u0131n Pe\u015finde 3. S\u0131n\u0131f Seti &#8211; (10 Kitap)"},"content":{"rendered":"<p>Mahallenin yaramazlar\u0131 Berk ve Kerem; karnelerini alm\u0131\u015f, tatil planlar\u0131 yaparken yaz boyunca Recep amcan\u0131n marangozat\u00f6lyesinde \u00e7al\u0131\u015facaklar\u0131n\u0131 \u00f6\u011frenirler. Ba\u015fta bu fikirden hi\u00e7 ho\u015flanmazlar tabii.Nereden bilebilirlerdi ki gizemli bir \u00e7ark\u0131n pe\u015finde hayatlar\u0131n\u0131n en unutulmaz anlar\u0131n\u0131 ya\u015fayacaklar\u0131n\u0131&#8230;<\/p>\n","protected":false},"excerpt":{"rendered":"<p>Mahallenin yaramazlar\u0131 Berk ve Kerem; karnelerini alm\u0131\u015f, tatil planlar\u0131 yaparken yaz boyunca Recep amcan\u0131n marangozat\u00f6lyesinde \u00e7al\u0131\u015facaklar\u0131n\u0131 \u00f6\u011frenirler. Ba\u015fta bu fikirden hi\u00e7 ho\u015flanmazlar tabii.Nereden bilebilirlerdi ki gizemli<span class=\"excerpt-hellip\"> [\u2026]<\/span><\/p>\n","protected":false},"featured_media":0,"template":"","meta":{"_monsterinsights_skip_tracking":false,"_monsterinsights_sitenote_active":false,"_monsterinsights_sitenote_note":"","_monsterinsights_sitenote_category":0},"product_brand":[],"product_cat":[12275,12274],"product_tag":[],"class_list":{"0":"post-743042","1":"product","2":"type-product","3":"status-publish","5":"product_cat-6-12-yas-kitaplari","6":"product_cat-cocuk-ve-genclik-kitaplari","7":"pa_cilt-set","8":"pa_tur-kitap","9":"pa_yayinevi-mavi-kirpi-yayinlari","10":"pa_yazar-kuzey-bulut","12":"first","13":"instock","14":"sale","15":"shipping-taxable","16":"purchasable","17":"product-type-simple"},"_links":{"self":[{"href":"https:\/\/roveyayinevi.com.tr\/index.php\/wp-json\/wp\/v2\/product\/743042","targetHints":{"allow":["GET"]}}],"collection":[{"href":"https:\/\/roveyayinevi.com.tr\/index.php\/wp-json\/wp\/v2\/product"}],"about":[{"href":"https:\/\/roveyayinevi.com.tr\/index.php\/wp-json\/wp\/v2\/types\/product"}],"wp:attachment":[{"href":"https:\/\/roveyayinevi.com.tr\/index.php\/wp-json\/wp\/v2\/media?parent=743042"}],"wp:term":[{"taxonomy":"product_brand","embeddable":true,"href":"https:\/\/roveyayinevi.com.tr\/index.php\/wp-json\/wp\/v2\/product_brand?post=743042"},{"taxonomy":"product_cat","embeddable":true,"href":"https:\/\/roveyayinevi.com.tr\/index.php\/wp-json\/wp\/v2\/product_cat?post=743042"},{"taxonomy":"product_tag","embeddable":true,"href":"https:\/\/roveyayinevi.com.tr\/index.php\/wp-json\/wp\/v2\/product_tag?post=743042"}],"curies":[{"name":"wp","href":"https:\/\/api.w.org\/{rel}","templated":true}]}}