{"id":743041,"date":"2025-08-28T01:26:28","date_gmt":"2025-08-27T22:26:28","guid":{"rendered":"https:\/\/roveyayinevi.com.tr\/index.php\/urun\/uzaya-giden-tren\/"},"modified":"2026-04-16T02:54:00","modified_gmt":"2026-04-15T23:54:00","slug":"uzaya-giden-tren","status":"publish","type":"product","link":"https:\/\/roveyayinevi.com.tr\/index.php\/urun\/uzaya-giden-tren\/","title":{"rendered":"Uzaya Giden Tren"},"content":{"rendered":"<p>Benim Z\u00fcrafam U\u00e7abilir kitab\u0131n\u0131n yazar\u0131ndan yine muhte\u015fem bir macera! Hayallerinize giden bir trene binmeye haz\u0131r m\u0131s\u0131n\u0131z?\u00d6\u011fretmen, bu sefer de s\u0131n\u0131fa bir tren hik\u00e2yesi yazma g\u00f6revi verdi. Bu bir ekip \u00e7al\u0131\u015fmas\u0131 olacakt\u0131. Moni ve arkada\u015flar\u0131 s\u0131ra d\u0131\u015f\u0131 bir tren hik\u00e2yesi yazmak i\u00e7in heyecan dolu bir maceraya ba\u015flad\u0131.Bu tren Cumburlop Kasabas\u0131\u2019na m\u0131 gidecekti yoksa Gergedanlar K\u00f6y\u00fc\u2019ne mi?Hay\u0131r hay\u0131r! Treni raydan \u00e7\u0131karma zaman\u0131 gelmi\u015fti. \u00c7\u00fcnk\u00fc bu tren uzaya gidecekti! Peki ama nas\u0131l?Kahramanlar\u0131m\u0131z, hik\u00e2ye kurgulaman\u0131n inceliklerini ve yarat\u0131c\u0131 yazarl\u0131k s\u0131rlar\u0131n\u0131 payla\u015facaklar\u0131 b\u00fcy\u00fcleyici yolculuklar\u0131na b\u00fct\u00fcn okuyucular\u0131 davet ediyor!Haydi, D\u00fcnyan\u0131n En B\u00fcy\u00fck Kitab\u0131n\u0131 yazmaya sen de var m\u0131s\u0131n?<\/p>\n","protected":false},"excerpt":{"rendered":"<p>Benim Z\u00fcrafam U\u00e7abilir kitab\u0131n\u0131n yazar\u0131ndan yine muhte\u015fem bir macera! Hayallerinize giden bir trene binmeye haz\u0131r m\u0131s\u0131n\u0131z?\u00d6\u011fretmen, bu sefer de s\u0131n\u0131fa bir tren hik\u00e2yesi yazma g\u00f6revi verdi.<span class=\"excerpt-hellip\"> [\u2026]<\/span><\/p>\n","protected":false},"featured_media":0,"template":"","meta":{"_monsterinsights_skip_tracking":false,"_monsterinsights_sitenote_active":false,"_monsterinsights_sitenote_note":"","_monsterinsights_sitenote_category":0},"product_brand":[],"product_cat":[12275,12274],"product_tag":[],"class_list":{"0":"post-743041","1":"product","2":"type-product","3":"status-publish","5":"product_cat-6-12-yas-kitaplari","6":"product_cat-cocuk-ve-genclik-kitaplari","7":"pa_cilt-ciltsiz","8":"pa_tur-kitap","9":"pa_yayinevi-timas-cocuk","10":"pa_yazar-mert-arik","12":"first","13":"instock","14":"sale","15":"shipping-taxable","16":"purchasable","17":"product-type-simple"},"_links":{"self":[{"href":"https:\/\/roveyayinevi.com.tr\/index.php\/wp-json\/wp\/v2\/product\/743041","targetHints":{"allow":["GET"]}}],"collection":[{"href":"https:\/\/roveyayinevi.com.tr\/index.php\/wp-json\/wp\/v2\/product"}],"about":[{"href":"https:\/\/roveyayinevi.com.tr\/index.php\/wp-json\/wp\/v2\/types\/product"}],"wp:attachment":[{"href":"https:\/\/roveyayinevi.com.tr\/index.php\/wp-json\/wp\/v2\/media?parent=743041"}],"wp:term":[{"taxonomy":"product_brand","embeddable":true,"href":"https:\/\/roveyayinevi.com.tr\/index.php\/wp-json\/wp\/v2\/product_brand?post=743041"},{"taxonomy":"product_cat","embeddable":true,"href":"https:\/\/roveyayinevi.com.tr\/index.php\/wp-json\/wp\/v2\/product_cat?post=743041"},{"taxonomy":"product_tag","embeddable":true,"href":"https:\/\/roveyayinevi.com.tr\/index.php\/wp-json\/wp\/v2\/product_tag?post=743041"}],"curies":[{"name":"wp","href":"https:\/\/api.w.org\/{rel}","templated":true}]}}