{"id":743037,"date":"2025-08-28T01:26:23","date_gmt":"2025-08-27T22:26:23","guid":{"rendered":"https:\/\/roveyayinevi.com.tr\/index.php\/urun\/padisahin-adamlari\/"},"modified":"2026-04-16T02:54:00","modified_gmt":"2026-04-15T23:54:00","slug":"padisahin-adamlari","status":"publish","type":"product","link":"https:\/\/roveyayinevi.com.tr\/index.php\/urun\/padisahin-adamlari\/","title":{"rendered":"Padi\u015fah\u0131n Adamlar\u0131"},"content":{"rendered":"<p>600 y\u0131ldan fazla h\u00fck\u00fcm s\u00fcren Osmanl\u0131 \u0130mparatorlu\u011fu&#8217;nu padi\u015fah\u0131n tek ba\u015f\u0131na y\u00f6netti\u011fini mi d\u00fc\u015f\u00fcn\u00fcyorsun? O h\u00e2lde sana ger\u00e7ekleri a\u00e7\u0131klaman\u0131n zaman\u0131 geldi. Osmanl\u0131 \u0130mparatorlu\u011fu\u2019nda padi\u015fahtan sonra gelen devlet g\u00f6revlilerinin tamam\u0131 i\u015fte bu kitapta anlat\u0131l\u0131yor! \u015eimdi, bu devlet g\u00f6revlilerinin bir\u00e7o\u011funu yak\u0131ndan tan\u0131yacak, \u00fc\u00e7 k\u0131taya h\u00fckmetmi\u015f bir imparatorlu\u011fun nas\u0131l ve kimler taraf\u0131ndan idare edildi\u011fini, i\u015flerin nas\u0131l t\u0131k\u0131r t\u0131k\u0131r y\u00fcr\u00fct\u00fcld\u00fc\u011f\u00fcn\u00fc \u00f6\u011freneceksin. Haydi; acele edin, Divan-\u0131 H\u00fcmayun toplant\u0131s\u0131 ba\u015fl\u0131yor!<\/p>\n","protected":false},"excerpt":{"rendered":"<p>600 y\u0131ldan fazla h\u00fck\u00fcm s\u00fcren Osmanl\u0131 \u0130mparatorlu\u011fu&#8217;nu padi\u015fah\u0131n tek ba\u015f\u0131na y\u00f6netti\u011fini mi d\u00fc\u015f\u00fcn\u00fcyorsun? O h\u00e2lde sana ger\u00e7ekleri a\u00e7\u0131klaman\u0131n zaman\u0131 geldi. Osmanl\u0131 \u0130mparatorlu\u011fu\u2019nda padi\u015fahtan sonra gelen devlet<span class=\"excerpt-hellip\"> [\u2026]<\/span><\/p>\n","protected":false},"featured_media":0,"template":"","meta":{"_monsterinsights_skip_tracking":false,"_monsterinsights_sitenote_active":false,"_monsterinsights_sitenote_note":"","_monsterinsights_sitenote_category":0},"product_brand":[],"product_cat":[12274,15842],"product_tag":[],"class_list":{"0":"post-743037","1":"product","2":"type-product","3":"status-publish","5":"product_cat-cocuk-ve-genclik-kitaplari","6":"product_cat-egitici-kitaplar","7":"pa_cilt-ciltsiz","8":"pa_tur-kitap","9":"pa_yayinevi-eglenceli-bilgi-yayinlari","10":"pa_yazar-mazlum-akin","12":"first","13":"instock","14":"sale","15":"shipping-taxable","16":"purchasable","17":"product-type-simple"},"_links":{"self":[{"href":"https:\/\/roveyayinevi.com.tr\/index.php\/wp-json\/wp\/v2\/product\/743037","targetHints":{"allow":["GET"]}}],"collection":[{"href":"https:\/\/roveyayinevi.com.tr\/index.php\/wp-json\/wp\/v2\/product"}],"about":[{"href":"https:\/\/roveyayinevi.com.tr\/index.php\/wp-json\/wp\/v2\/types\/product"}],"wp:attachment":[{"href":"https:\/\/roveyayinevi.com.tr\/index.php\/wp-json\/wp\/v2\/media?parent=743037"}],"wp:term":[{"taxonomy":"product_brand","embeddable":true,"href":"https:\/\/roveyayinevi.com.tr\/index.php\/wp-json\/wp\/v2\/product_brand?post=743037"},{"taxonomy":"product_cat","embeddable":true,"href":"https:\/\/roveyayinevi.com.tr\/index.php\/wp-json\/wp\/v2\/product_cat?post=743037"},{"taxonomy":"product_tag","embeddable":true,"href":"https:\/\/roveyayinevi.com.tr\/index.php\/wp-json\/wp\/v2\/product_tag?post=743037"}],"curies":[{"name":"wp","href":"https:\/\/api.w.org\/{rel}","templated":true}]}}