{"id":743035,"date":"2025-08-28T01:26:21","date_gmt":"2025-08-27T22:26:21","guid":{"rendered":"https:\/\/roveyayinevi.com.tr\/index.php\/urun\/kalb-i-selim\/"},"modified":"2026-04-16T02:54:00","modified_gmt":"2026-04-15T23:54:00","slug":"kalb-i-selim","status":"publish","type":"product","link":"https:\/\/roveyayinevi.com.tr\/index.php\/urun\/kalb-i-selim\/","title":{"rendered":"Kalb-i Selim"},"content":{"rendered":"<p>Sanma ey h\u00e2ce senden zer u s\u00eem isterlerYevme la yenfe\u2018uda kalb-i sel\u00eem isterlerBa\u011fdatl\u0131 Ruh\u00ee Ak\u0131l b\u00fcy\u00fck bir nimettir. \u0130nsan, akl\u0131 kalbin hizmetine vermekle ruh semas\u0131nda kanatlan\u0131r ve pervaz eder. Kalb\u00ee hayatta tezah\u00fcr eden a\u015fk, akla ak\u0131l ile veda etmektir. Akl\u0131n yetersizli\u011fini ak\u0131lla anlamak vahye muhatap olman\u0131n da vesilelerinden biridir. Vahiy ise do\u011frudan do\u011fruya bu akl\u0131n fonksiyonunu kavram\u0131\u015f kalbe; daha teknik ifadeyle \u201cakleden kalbe\u201d hitap eder. \u0130\u015fte Cenab-\u0131 Hakk\u2019\u0131n nazar etti\u011fi bu kalptir ki marazlardan ve hastal\u0131klardan kurtuldu\u011fu \u00f6l\u00e7\u00fcde \u201cbeytullah\u201d haline gelir. \u00d6mer Tu\u011frul \u0130nan\u00e7er bu \u00f6nemli kitab\u0131nda a\u015fk yolunda y\u00fckselmeye m\u00fcheyya olan insan kalbinin \u201csel\u00eem\u201d bir mahiyet kazanabilmesinin yollar\u0131n\u0131 g\u00f6steriyor. Kalbin kibir, benlik, gurur, ucb, haset ve g\u0131ybet gibi tehlikelerden korunmas\u0131, bu menfi hisleri daha m\u00fcspet ve pozitif davran\u0131\u015flara d\u00f6n\u00fc\u015ft\u00fcrerek s\u0131rat-\u0131 m\u00fcstakim hatt\u0131nda kalabilmenin ayr\u0131nt\u0131lar\u0131n\u0131 ortaya koyuyor. Muhterem \u0130nan\u00e7er, her zamanki selis ve ak\u0131c\u0131 \u00fcslubuyla izah etti\u011fi bu hayati meselelerin anla\u015f\u0131lmas\u0131nda hem ak\u0131lda hem de g\u00f6n\u00fclde itminan has\u0131l ediyor.<\/p>\n","protected":false},"excerpt":{"rendered":"<p>Sanma ey h\u00e2ce senden zer u s\u00eem isterlerYevme la yenfe\u2018uda kalb-i sel\u00eem isterlerBa\u011fdatl\u0131 Ruh\u00ee Ak\u0131l b\u00fcy\u00fck bir nimettir. \u0130nsan, akl\u0131 kalbin hizmetine vermekle ruh semas\u0131nda kanatlan\u0131r<span class=\"excerpt-hellip\"> [\u2026]<\/span><\/p>\n","protected":false},"featured_media":0,"template":"","meta":{"_monsterinsights_skip_tracking":false,"_monsterinsights_sitenote_active":false,"_monsterinsights_sitenote_note":"","_monsterinsights_sitenote_category":0},"product_brand":[],"product_cat":[12718,12719],"product_tag":[],"class_list":{"0":"post-743035","1":"product","2":"type-product","3":"status-publish","5":"product_cat-din","6":"product_cat-islam","7":"pa_cilt-ciltsiz","8":"pa_tur-kitap","9":"pa_yayinevi-sufi-kitap","10":"pa_yazar-omer-tugrul-inancer","12":"first","13":"instock","14":"sale","15":"shipping-taxable","16":"purchasable","17":"product-type-simple"},"_links":{"self":[{"href":"https:\/\/roveyayinevi.com.tr\/index.php\/wp-json\/wp\/v2\/product\/743035","targetHints":{"allow":["GET"]}}],"collection":[{"href":"https:\/\/roveyayinevi.com.tr\/index.php\/wp-json\/wp\/v2\/product"}],"about":[{"href":"https:\/\/roveyayinevi.com.tr\/index.php\/wp-json\/wp\/v2\/types\/product"}],"wp:attachment":[{"href":"https:\/\/roveyayinevi.com.tr\/index.php\/wp-json\/wp\/v2\/media?parent=743035"}],"wp:term":[{"taxonomy":"product_brand","embeddable":true,"href":"https:\/\/roveyayinevi.com.tr\/index.php\/wp-json\/wp\/v2\/product_brand?post=743035"},{"taxonomy":"product_cat","embeddable":true,"href":"https:\/\/roveyayinevi.com.tr\/index.php\/wp-json\/wp\/v2\/product_cat?post=743035"},{"taxonomy":"product_tag","embeddable":true,"href":"https:\/\/roveyayinevi.com.tr\/index.php\/wp-json\/wp\/v2\/product_tag?post=743035"}],"curies":[{"name":"wp","href":"https:\/\/api.w.org\/{rel}","templated":true}]}}