{"id":743033,"date":"2025-08-28T01:26:19","date_gmt":"2025-08-27T22:26:19","guid":{"rendered":"https:\/\/roveyayinevi.com.tr\/index.php\/urun\/dinlerin-baskenti-kudus-eski-sehir\/"},"modified":"2026-04-16T02:54:00","modified_gmt":"2026-04-15T23:54:00","slug":"dinlerin-baskenti-kudus-eski-sehir","status":"publish","type":"product","link":"https:\/\/roveyayinevi.com.tr\/index.php\/urun\/dinlerin-baskenti-kudus-eski-sehir\/","title":{"rendered":"Dinlerin Ba\u015fkenti Kud\u00fcs Eski \u015eehir"},"content":{"rendered":"<p>Kitaplar\u0131, televizyon programlar\u0131 ve gezileriyle binlerce insan\u0131 keyifli tarih yolculuklar\u0131na \u00e7\u0131karan Talha U\u011furluel Kud\u00fcs Serisi\u2019nin ikinci kitab\u0131yla kar\u015f\u0131n\u0131zda! Bu kitapla okurlar\u0131na \u015fehrin surlar\u0131ndan bir kap\u0131 a\u00e7an yazar, gezerek \u00f6\u011frenmeyi sevenlere yepyeni bir g\u00f6rsel \u015f\u00f6len sunuyor. Sayfalara s\u0131\u011fmayan, anlatmakla bitmeyen, medeniyetlere be\u015fiklik eden Kud\u00fcs\u2019\u00fcn surlarla \u00e7evrili b\u00f6l\u00fcm\u00fc olan Eski \u015eehir \u00e7ok katmanl\u0131 yap\u0131s\u0131yla, mukaddes emanetleriyle ve k\u00f6k\u00fc Antik \u00c7a\u011f\u2019a kadar dayanan kal\u0131nt\u0131lar\u0131yla bu eserde bir arada.Eski \u015eehir, bu kitapta alt\u0131 b\u00f6l\u00fcme ayr\u0131ld\u0131. Alt\u0131 g\u00fczerg\u00e2h \u00e7izildi ve g\u00f6r\u00fcnen-g\u00f6r\u00fcnmeyen b\u00fct\u00fcn detaylar renkli resimlerle desteklendi. Nihayet sadece kitap okuyarak \u015fehrin caddelerinde dola\u015fabilece\u011finiz, Eski \u015eehir\u2019i ziyaret etti\u011finizde ise tek bir kitap ile b\u00f6lgeyi gezebilece\u011finiz, her arad\u0131\u011f\u0131n\u0131z\u0131 elinizle koymu\u015f gibi bulabilece\u011finiz bir eser meydana geldi.Burak (A\u011flama) Duvar\u0131, Kubbet\u00fcssahra, Davut Burcu, yer alt\u0131 t\u00fcnelleri, Hristiyanlar\u0131n hac yolu olan \u00c7ile Yolu, Haseki H\u00fcrrem K\u00fclliyesi, Hz. \u00d6mer\u2019in \u015fehre girdi\u011fi Bab\u00fc\u2019l-Halil Kap\u0131s\u0131, Kanuni Sultan S\u00fcleyman\u2019\u0131n in\u015fa ettirdi\u011fi Aslanl\u0131 Kap\u0131, Orta \u00c7a\u011f Kud\u00fcs ku\u015fatmalar\u0131n\u0131n izleri, medreseler, tekkeler, kiliseler ve dahas\u0131\u2026Dinlerin Ba\u015fkenti Kud\u00fcs 2: Eski \u015eehir ile surlardan i\u00e7eri girmeye, \u015fehri sokak sokak gezmeye haz\u0131r m\u0131s\u0131n\u0131z?<\/p>\n","protected":false},"excerpt":{"rendered":"<p>Kitaplar\u0131, televizyon programlar\u0131 ve gezileriyle binlerce insan\u0131 keyifli tarih yolculuklar\u0131na \u00e7\u0131karan Talha U\u011furluel Kud\u00fcs Serisi\u2019nin ikinci kitab\u0131yla kar\u015f\u0131n\u0131zda! Bu kitapla okurlar\u0131na \u015fehrin surlar\u0131ndan bir kap\u0131 a\u00e7an<span class=\"excerpt-hellip\"> [\u2026]<\/span><\/p>\n","protected":false},"featured_media":0,"template":"","meta":{"_monsterinsights_skip_tracking":false,"_monsterinsights_sitenote_active":false,"_monsterinsights_sitenote_note":"","_monsterinsights_sitenote_category":0},"product_brand":[],"product_cat":[12370,12304],"product_tag":[],"class_list":{"0":"post-743033","1":"product","2":"type-product","3":"status-publish","5":"product_cat-arastirma-inceleme","6":"product_cat-tarih","7":"pa_cilt-ciltsiz","8":"pa_tur-kitap","9":"pa_yayinevi-timas-yayinlari","10":"pa_yazar-talha-ugurluel","12":"first","13":"instock","14":"sale","15":"shipping-taxable","16":"purchasable","17":"product-type-simple"},"_links":{"self":[{"href":"https:\/\/roveyayinevi.com.tr\/index.php\/wp-json\/wp\/v2\/product\/743033","targetHints":{"allow":["GET"]}}],"collection":[{"href":"https:\/\/roveyayinevi.com.tr\/index.php\/wp-json\/wp\/v2\/product"}],"about":[{"href":"https:\/\/roveyayinevi.com.tr\/index.php\/wp-json\/wp\/v2\/types\/product"}],"wp:attachment":[{"href":"https:\/\/roveyayinevi.com.tr\/index.php\/wp-json\/wp\/v2\/media?parent=743033"}],"wp:term":[{"taxonomy":"product_brand","embeddable":true,"href":"https:\/\/roveyayinevi.com.tr\/index.php\/wp-json\/wp\/v2\/product_brand?post=743033"},{"taxonomy":"product_cat","embeddable":true,"href":"https:\/\/roveyayinevi.com.tr\/index.php\/wp-json\/wp\/v2\/product_cat?post=743033"},{"taxonomy":"product_tag","embeddable":true,"href":"https:\/\/roveyayinevi.com.tr\/index.php\/wp-json\/wp\/v2\/product_tag?post=743033"}],"curies":[{"name":"wp","href":"https:\/\/api.w.org\/{rel}","templated":true}]}}