{"id":743032,"date":"2025-08-28T01:26:18","date_gmt":"2025-08-27T22:26:18","guid":{"rendered":"https:\/\/roveyayinevi.com.tr\/index.php\/urun\/karsilastirmali-kamu-yonetimi-ciltli\/"},"modified":"2026-04-16T02:54:00","modified_gmt":"2026-04-15T23:54:00","slug":"karsilastirmali-kamu-yonetimi-ciltli","status":"publish","type":"product","link":"https:\/\/roveyayinevi.com.tr\/index.php\/urun\/karsilastirmali-kamu-yonetimi-ciltli\/","title":{"rendered":"Kar\u015f\u0131la\u015ft\u0131rmal\u0131 Kamu Y\u00f6netimi (Ciltli)"},"content":{"rendered":"<p>Kar\u015f\u0131la\u015ft\u0131rmal\u0131KamuY\u00f6netimi \u00dclkelerin idari sistemlerin kar\u015f\u0131la\u015ft\u0131r\u0131lmas\u0131, insanlar\u0131n devletli ya\u015fama ge\u00e7i\u015fleri kadar eski bir gelene\u011fe sahiptir. Ancak, bu kar\u015f\u0131la\u015ft\u0131rman\u0131n sistematik \u015fekilde ger\u00e7ekle\u015ftirilmesi, \u0130kinci D\u00fcnya Sava\u015f\u0131 sonras\u0131 So\u011fuk Sava\u015f D\u00f6nemi\u2019nin bir siyasi projesi olarak ba\u015flay\u0131p, zamanla geli\u015ferek g\u00fcn\u00fcm\u00fczde \u00e7ok daha kapsaml\u0131 hale geldi. \u00d6zellikle 20. y\u00fczy\u0131l\u0131n ikinci yar\u0131s\u0131nda Asya, Afrika, Okyanusya ve G\u00fcney Amerika k\u0131talar\u0131nda k\u00fc\u00e7\u00fckl\u00fc b\u00fcy\u00fckl\u00fc bir\u00e7ok devletin ortaya \u00e7\u0131kmas\u0131, bu devletlerin idari sistemlerinin kar\u015f\u0131la\u015ft\u0131rmal\u0131 olarak incelenmesine y\u00f6nelik bir ilgi meydana getirmi\u015ftir. Kamu y\u00f6netimini hala pop\u00fcler ve ge\u00e7erli k\u0131lan y\u00f6n\u00fc, ampirik d\u00fcnyayla olan ili\u015fkisinin g\u00fc\u00e7l\u00fc olmas\u0131d\u0131r. Kamu y\u00f6netimi dahil bir\u00e7ok sosyal bilim alanlar\u0131na y\u00f6neltilen ger\u00e7ek d\u00fcnyadan kopuk olarak kendi sanal d\u00fcnyalar\u0131n\u0131 olu\u015fturduklar\u0131 tezi, kar\u015f\u0131la\u015ft\u0131rmal\u0131 kamu y\u00f6netiminde en aza indirgenir. \u00c7\u00fcnk\u00fc, \u00e7e\u015fitli \u00fclkelerin kamu y\u00f6netimleri ampirik olarak kar\u015f\u0131la\u015ft\u0131r\u0131lmak suretiyle, d\u00fcnya \u00fczerinde mevcut farkl\u0131 idari yap\u0131lar ile bunlar\u0131n i\u015fleyi\u015f ve i\u015f yapma k\u00fclt\u00fcrlerinin incelenmesi y\u00f6neticiler ve politika yap\u0131c\u0131lar i\u00e7in i\u00e7erisinde ya\u015fan\u0131lan d\u00fcnyay\u0131 kavrama, farkl\u0131 \u00fclkelerin tecr\u00fcbelerinden faydalanma ve d\u0131\u015f d\u00fcnya ile temas kurma anlam\u0131nda \u00e7ok de\u011ferli veriler \u00fcretilebilir. Herhangi bir \u00fclkede bulunan idari ve siyasi yap\u0131lar\u0131n varl\u0131k nedenleri, ba\u015far\u0131 ve ba\u015far\u0131s\u0131zl\u0131k durumlar\u0131 ve bunlar\u0131n ba\u015fka \u00fclkelere transfer edilebilirlikleri, kar\u015f\u0131la\u015ft\u0131rmal\u0131 kamu y\u00f6netimi alan\u0131ndaki \u00e7al\u0131\u015fmalarla anla\u015f\u0131labilir. Bu kitap, \u00f6zellikle lisans, y\u00fcksek lisans ve doktora d\u00fczeyinde kamu y\u00f6netimi, siyaset bilimi, kamu politikas\u0131 ve di\u011fer sosyal bilim alanlar\u0131nda \u00f6\u011frenim g\u00f6ren \u00f6\u011frenciler i\u00e7in temel bir ba\u015fvuru kitab\u0131 i\u015flevi g\u00f6recektir. Ayr\u0131ca, kar\u015f\u0131la\u015ft\u0131rmal\u0131 kamu y\u00f6netimi alan\u0131na ilgi duyan akademisyenler ve uygulamac\u0131lar i\u00e7in de faydal\u0131 olacakt\u0131r. <\/p>\n","protected":false},"excerpt":{"rendered":"<p>Kar\u015f\u0131la\u015ft\u0131rmal\u0131KamuY\u00f6netimi \u00dclkelerin idari sistemlerin kar\u015f\u0131la\u015ft\u0131r\u0131lmas\u0131, insanlar\u0131n devletli ya\u015fama ge\u00e7i\u015fleri kadar eski bir gelene\u011fe sahiptir. Ancak, bu kar\u015f\u0131la\u015ft\u0131rman\u0131n sistematik \u015fekilde ger\u00e7ekle\u015ftirilmesi, \u0130kinci D\u00fcnya Sava\u015f\u0131 sonras\u0131 So\u011fuk Sava\u015f<span class=\"excerpt-hellip\"> [\u2026]<\/span><\/p>\n","protected":false},"featured_media":0,"template":"","meta":{"_monsterinsights_skip_tracking":false,"_monsterinsights_sitenote_active":false,"_monsterinsights_sitenote_note":"","_monsterinsights_sitenote_category":0},"product_brand":[],"product_cat":[12325,12324],"product_tag":[],"class_list":{"0":"post-743032","1":"product","2":"type-product","3":"status-publish","5":"product_cat-diger-sosyoloji","6":"product_cat-sosyoloji","7":"pa_cilt-ciltli","8":"pa_tur-kitap","9":"pa_yayinevi-tiav","10":"pa_yazar-hamza-ates","12":"first","13":"instock","14":"sale","15":"shipping-taxable","16":"purchasable","17":"product-type-simple"},"_links":{"self":[{"href":"https:\/\/roveyayinevi.com.tr\/index.php\/wp-json\/wp\/v2\/product\/743032","targetHints":{"allow":["GET"]}}],"collection":[{"href":"https:\/\/roveyayinevi.com.tr\/index.php\/wp-json\/wp\/v2\/product"}],"about":[{"href":"https:\/\/roveyayinevi.com.tr\/index.php\/wp-json\/wp\/v2\/types\/product"}],"wp:attachment":[{"href":"https:\/\/roveyayinevi.com.tr\/index.php\/wp-json\/wp\/v2\/media?parent=743032"}],"wp:term":[{"taxonomy":"product_brand","embeddable":true,"href":"https:\/\/roveyayinevi.com.tr\/index.php\/wp-json\/wp\/v2\/product_brand?post=743032"},{"taxonomy":"product_cat","embeddable":true,"href":"https:\/\/roveyayinevi.com.tr\/index.php\/wp-json\/wp\/v2\/product_cat?post=743032"},{"taxonomy":"product_tag","embeddable":true,"href":"https:\/\/roveyayinevi.com.tr\/index.php\/wp-json\/wp\/v2\/product_tag?post=743032"}],"curies":[{"name":"wp","href":"https:\/\/api.w.org\/{rel}","templated":true}]}}