{"id":743030,"date":"2025-08-28T01:26:15","date_gmt":"2025-08-27T22:26:15","guid":{"rendered":"https:\/\/roveyayinevi.com.tr\/index.php\/urun\/afganistan-devlet-ve-toplum-ciltli\/"},"modified":"2026-04-16T02:54:00","modified_gmt":"2026-04-15T23:54:00","slug":"afganistan-devlet-ve-toplum-ciltli","status":"publish","type":"product","link":"https:\/\/roveyayinevi.com.tr\/index.php\/urun\/afganistan-devlet-ve-toplum-ciltli\/","title":{"rendered":"Afganistan &#8211; Devlet ve Toplum (Ciltli)"},"content":{"rendered":"<p>Afganistan \u2013 Devlet ve Toplum D\u00fcnyada ve T\u00fcrkiye\u2019de Afganistan\u2019a ili\u015fkin genel a\u00e7\u0131klama ve tezler, y\u00fczeysel olmak yan\u0131nda, neredeyse birbirinin ayn\u0131s\u0131, tekrar\u0131 ve kopyas\u0131d\u0131r. Ancak esas mesele Afganistan\u2019a ili\u015fkin b\u00fct\u00fcn a\u00e7\u0131klama ve tezlerin yaln\u0131zca jenerik ve y\u00fczeysel olmas\u0131 bir tarafa, ba\u015f a\u015fa\u011f\u0131 oldu\u011fudur; terstir. Bu Kitapta b\u00fct\u00fcn bu ba\u015f a\u015fa\u011f\u0131 duran a\u00e7\u0131klama ve tezler, ayr\u0131nt\u0131l\u0131 ve tarihsel bir bak\u0131\u015f ve a\u00e7\u0131klamalarla, tersine \u00e7evrilerek ayaklar\u0131 \u00fcst\u00fcnde durmas\u0131 sa\u011flanm\u0131\u015f; yeni bir Afganistan Tezi ortaya at\u0131lm\u0131\u015ft\u0131r<\/p>\n","protected":false},"excerpt":{"rendered":"<p>Afganistan \u2013 Devlet ve Toplum D\u00fcnyada ve T\u00fcrkiye\u2019de Afganistan\u2019a ili\u015fkin genel a\u00e7\u0131klama ve tezler, y\u00fczeysel olmak yan\u0131nda, neredeyse birbirinin ayn\u0131s\u0131, tekrar\u0131 ve kopyas\u0131d\u0131r. Ancak esas mesele<span class=\"excerpt-hellip\"> [\u2026]<\/span><\/p>\n","protected":false},"featured_media":0,"template":"","meta":{"_monsterinsights_skip_tracking":false,"_monsterinsights_sitenote_active":false,"_monsterinsights_sitenote_note":"","_monsterinsights_sitenote_category":0},"product_brand":[],"product_cat":[12325,12324],"product_tag":[],"class_list":{"0":"post-743030","1":"product","2":"type-product","3":"status-publish","5":"product_cat-diger-sosyoloji","6":"product_cat-sosyoloji","7":"pa_cilt-ciltli","8":"pa_tur-kitap","9":"pa_yayinevi-tiav","10":"pa_yazar-onur-ender-aslan","12":"first","13":"instock","14":"sale","15":"shipping-taxable","16":"purchasable","17":"product-type-simple"},"_links":{"self":[{"href":"https:\/\/roveyayinevi.com.tr\/index.php\/wp-json\/wp\/v2\/product\/743030","targetHints":{"allow":["GET"]}}],"collection":[{"href":"https:\/\/roveyayinevi.com.tr\/index.php\/wp-json\/wp\/v2\/product"}],"about":[{"href":"https:\/\/roveyayinevi.com.tr\/index.php\/wp-json\/wp\/v2\/types\/product"}],"wp:attachment":[{"href":"https:\/\/roveyayinevi.com.tr\/index.php\/wp-json\/wp\/v2\/media?parent=743030"}],"wp:term":[{"taxonomy":"product_brand","embeddable":true,"href":"https:\/\/roveyayinevi.com.tr\/index.php\/wp-json\/wp\/v2\/product_brand?post=743030"},{"taxonomy":"product_cat","embeddable":true,"href":"https:\/\/roveyayinevi.com.tr\/index.php\/wp-json\/wp\/v2\/product_cat?post=743030"},{"taxonomy":"product_tag","embeddable":true,"href":"https:\/\/roveyayinevi.com.tr\/index.php\/wp-json\/wp\/v2\/product_tag?post=743030"}],"curies":[{"name":"wp","href":"https:\/\/api.w.org\/{rel}","templated":true}]}}