{"id":743029,"date":"2025-08-28T01:25:44","date_gmt":"2025-08-27T22:25:44","guid":{"rendered":"https:\/\/roveyayinevi.com.tr\/index.php\/urun\/enneagram-ile-esini-kesfet\/"},"modified":"2026-04-03T02:58:11","modified_gmt":"2026-04-02T23:58:11","slug":"enneagram-ile-esini-kesfet","status":"publish","type":"product","link":"https:\/\/roveyayinevi.com.tr\/index.php\/urun\/enneagram-ile-esini-kesfet\/","title":{"rendered":"Enneagram \u0130le E\u015fini Ke\u015ffet"},"content":{"rendered":"<p>\u201cB\u0130Z \u0130L\u0130\u015eK\u0130YE DO\u011eARIZ. DO\u011eUMDAN \u00d6L\u00dcME \u0130L\u0130\u015eK\u0130 \u0130\u00c7\u0130NDE KIRILIRIZ. \u0130L\u0130\u015eK\u0130 \u0130\u00c7\u0130NDE YIPRANIRIZ. \u0130L\u0130\u015eK\u0130 \u0130\u00c7\u0130NDE VAZ GE\u00c7ER\u0130Z. Y\u0130NE DE HEP\u0130M\u0130Z\u0130 \u0130L\u0130\u015eK\u0130 ONARIR.\u201dE\u015fler aras\u0131nda ya\u015fanan problemlerin temelinde ileti\u015fim kazalar\u0131 vard\u0131r. \u0130leti\u015fim kazalar\u0131 \u00f6ncelikle e\u015flerin kendilerini tan\u0131mamalar\u0131, birbirinin farkl\u0131 y\u00f6nlerini anlamland\u0131ramamalar\u0131 ve birbirinin beklentilerinden habersiz olmalar\u0131ndan kaynaklan\u0131r.\u0130smail Acarkan, her insan\u0131n farkl\u0131 bir miza\u00e7la d\u00fcnyaya geldi\u011fini ve bu y\u00fczden e\u015flerin \u00f6nce kendisini sonra birbirini g\u00fc\u00e7l\u00fc y\u00f6nleri, eksiklikleri ve zaaflar\u0131yla bir b\u00fct\u00fcn olarak tan\u0131malar\u0131n\u0131n huzurlu ve mutlu bir aile i\u00e7in olmazsa olmaz oldu\u011funu \u00f6zellikle vurguluyor.Yazar  bireyselle\u015fme \u00e7a\u011f\u0131 olan 21. y\u00fczy\u0131lda bu kadim \u00f6\u011fretinin ne kadar ihtiya\u00e7 duydu\u011fumuz bir anlay\u0131\u015f oldu\u011funun alt\u0131n\u0131 \u00e7izerken e\u015flerin ileti\u015fimini kolayla\u015ft\u0131racak bilgiler veriyor.Enneagram ile E\u015fini Ke\u015ffet kitab\u0131, e\u015flerin birbirini ve ailelerini tan\u0131malar\u0131 i\u00e7in destek olurken ayn\u0131 zamanda anla\u015fmazl\u0131k sebebi olan farkl\u0131l\u0131klar\u0131 zenginlik vesilesine \u00e7evirmelerine yard\u0131m ediyor.<\/p>\n","protected":false},"excerpt":{"rendered":"<p>\u201cB\u0130Z \u0130L\u0130\u015eK\u0130YE DO\u011eARIZ. DO\u011eUMDAN \u00d6L\u00dcME \u0130L\u0130\u015eK\u0130 \u0130\u00c7\u0130NDE KIRILIRIZ. \u0130L\u0130\u015eK\u0130 \u0130\u00c7\u0130NDE YIPRANIRIZ. \u0130L\u0130\u015eK\u0130 \u0130\u00c7\u0130NDE VAZ GE\u00c7ER\u0130Z. Y\u0130NE DE HEP\u0130M\u0130Z\u0130 \u0130L\u0130\u015eK\u0130 ONARIR.\u201dE\u015fler aras\u0131nda ya\u015fanan problemlerin temelinde ileti\u015fim kazalar\u0131<span class=\"excerpt-hellip\"> [\u2026]<\/span><\/p>\n","protected":false},"featured_media":0,"template":"","meta":{"_monsterinsights_skip_tracking":false,"_monsterinsights_sitenote_active":false,"_monsterinsights_sitenote_note":"","_monsterinsights_sitenote_category":0},"product_brand":[],"product_cat":[12364,12376],"product_tag":[],"class_list":{"0":"post-743029","1":"product","2":"type-product","3":"status-publish","5":"product_cat-genel-konular","6":"product_cat-kisisel-gelisim","7":"pa_cilt-ciltsiz","8":"pa_tur-kitap","9":"pa_yayinevi-timas-yayinlari","10":"pa_yazar-ismail-acarkan-yildiz-konal-suslu","12":"first","13":"instock","14":"sale","15":"shipping-taxable","16":"purchasable","17":"product-type-simple"},"_links":{"self":[{"href":"https:\/\/roveyayinevi.com.tr\/index.php\/wp-json\/wp\/v2\/product\/743029","targetHints":{"allow":["GET"]}}],"collection":[{"href":"https:\/\/roveyayinevi.com.tr\/index.php\/wp-json\/wp\/v2\/product"}],"about":[{"href":"https:\/\/roveyayinevi.com.tr\/index.php\/wp-json\/wp\/v2\/types\/product"}],"wp:attachment":[{"href":"https:\/\/roveyayinevi.com.tr\/index.php\/wp-json\/wp\/v2\/media?parent=743029"}],"wp:term":[{"taxonomy":"product_brand","embeddable":true,"href":"https:\/\/roveyayinevi.com.tr\/index.php\/wp-json\/wp\/v2\/product_brand?post=743029"},{"taxonomy":"product_cat","embeddable":true,"href":"https:\/\/roveyayinevi.com.tr\/index.php\/wp-json\/wp\/v2\/product_cat?post=743029"},{"taxonomy":"product_tag","embeddable":true,"href":"https:\/\/roveyayinevi.com.tr\/index.php\/wp-json\/wp\/v2\/product_tag?post=743029"}],"curies":[{"name":"wp","href":"https:\/\/api.w.org\/{rel}","templated":true}]}}