{"id":743027,"date":"2025-08-28T01:25:42","date_gmt":"2025-08-27T22:25:42","guid":{"rendered":"https:\/\/roveyayinevi.com.tr\/index.php\/urun\/bir-vaizenin-penceresi\/"},"modified":"2026-04-16T02:54:00","modified_gmt":"2026-04-15T23:54:00","slug":"bir-vaizenin-penceresi","status":"publish","type":"product","link":"https:\/\/roveyayinevi.com.tr\/index.php\/urun\/bir-vaizenin-penceresi\/","title":{"rendered":"Bir Vaizenin Penceresi"},"content":{"rendered":"<p>Bir Vaizenin Penceresi, \u201ckul\u201d olma sanc\u0131s\u0131 \u00e7eken bir vaizenin renkli ve payla\u015f\u0131mc\u0131 ki\u015fili\u011fini, olaylara bak\u0131\u015f\u0131n\u0131, alemle ili\u015fki kurma bi\u00e7imini, anlad\u0131klar\u0131n\u0131 anlatma \u015fevkini, okuma i\u015ftiyak\u0131n\u0131, meraklar\u0131n\u0131, kitap tavsiyelerini, yazma ser\u00fcvenini, gezip g\u00f6rd\u00fcklerini, izlediklerini, okuduklar\u0131 \u00fczerine d\u00fc\u015f\u00fcncelerini, Kur\u2019an\u2019\u0131n hayata hayat olma yollar\u0131n\u0131, Peygamberimizin \u00f6rnekli\u011fini; olaylar\u0131, insanlar\u0131, \u00e7i\u00e7e\u011fi, b\u00f6ce\u011fi, mimariyi anlamland\u0131rma bi\u00e7imini, zaman zaman inzivaya \u00e7ekilme duygusu uyand\u0131ran hallerini okuyaca\u011f\u0131m\u0131z k\u0131sa ve derinlikli yaz\u0131lar\u0131ndan olu\u015fuyor.<\/p>\n","protected":false},"excerpt":{"rendered":"<p>Bir Vaizenin Penceresi, \u201ckul\u201d olma sanc\u0131s\u0131 \u00e7eken bir vaizenin renkli ve payla\u015f\u0131mc\u0131 ki\u015fili\u011fini, olaylara bak\u0131\u015f\u0131n\u0131, alemle ili\u015fki kurma bi\u00e7imini, anlad\u0131klar\u0131n\u0131 anlatma \u015fevkini, okuma i\u015ftiyak\u0131n\u0131, meraklar\u0131n\u0131, kitap<span class=\"excerpt-hellip\"> [\u2026]<\/span><\/p>\n","protected":false},"featured_media":0,"template":"","meta":{"_monsterinsights_skip_tracking":false,"_monsterinsights_sitenote_active":false,"_monsterinsights_sitenote_note":"","_monsterinsights_sitenote_category":0},"product_brand":[],"product_cat":[12718,12719],"product_tag":[],"class_list":{"0":"post-743027","1":"product","2":"type-product","3":"status-publish","5":"product_cat-din","6":"product_cat-islam","7":"pa_cilt-ciltsiz","8":"pa_tur-kitap","9":"pa_yayinevi-timas-yayinlari","10":"pa_yazar-fatma-bayram","12":"first","13":"instock","14":"sale","15":"shipping-taxable","16":"purchasable","17":"product-type-simple"},"_links":{"self":[{"href":"https:\/\/roveyayinevi.com.tr\/index.php\/wp-json\/wp\/v2\/product\/743027","targetHints":{"allow":["GET"]}}],"collection":[{"href":"https:\/\/roveyayinevi.com.tr\/index.php\/wp-json\/wp\/v2\/product"}],"about":[{"href":"https:\/\/roveyayinevi.com.tr\/index.php\/wp-json\/wp\/v2\/types\/product"}],"wp:attachment":[{"href":"https:\/\/roveyayinevi.com.tr\/index.php\/wp-json\/wp\/v2\/media?parent=743027"}],"wp:term":[{"taxonomy":"product_brand","embeddable":true,"href":"https:\/\/roveyayinevi.com.tr\/index.php\/wp-json\/wp\/v2\/product_brand?post=743027"},{"taxonomy":"product_cat","embeddable":true,"href":"https:\/\/roveyayinevi.com.tr\/index.php\/wp-json\/wp\/v2\/product_cat?post=743027"},{"taxonomy":"product_tag","embeddable":true,"href":"https:\/\/roveyayinevi.com.tr\/index.php\/wp-json\/wp\/v2\/product_tag?post=743027"}],"curies":[{"name":"wp","href":"https:\/\/api.w.org\/{rel}","templated":true}]}}