{"id":743025,"date":"2025-08-28T01:25:40","date_gmt":"2025-08-27T22:25:40","guid":{"rendered":"https:\/\/roveyayinevi.com.tr\/index.php\/urun\/cocuklar-ve-gida-guvenligi\/"},"modified":"2026-04-16T02:54:00","modified_gmt":"2026-04-15T23:54:00","slug":"cocuklar-ve-gida-guvenligi","status":"publish","type":"product","link":"https:\/\/roveyayinevi.com.tr\/index.php\/urun\/cocuklar-ve-gida-guvenligi\/","title":{"rendered":"\u00c7ocuklar ve G\u0131da G\u00fcvenli\u011fi"},"content":{"rendered":"<p>\u201cBu \u00f6zenli \u00e7al\u0131\u015fmas\u0131yla anne\/babalar\u0131n \u00e7ok yararlanabilecekleri bir rehber haz\u0131rlayan B\u00fclent \u015e\u0131k, bize ayn\u0131 zamanda ger\u00e7ek bilim insanlar\u0131n\u0131n akademinin d\u0131\u015f\u0131nda da bilgi \u00fcretebildiklerini bir kez daha g\u00f6steriyor.\u201d Prof. Dr. Kay\u0131han Pala   \u0130yi bir hayat herkesin ama \u00f6ncelikle \u00e7ocuklar\u0131n hakk\u0131. \u00c7ocuklar i\u00e7in bunu yapmaya, \u00e7aba g\u00f6stermeye de\u011fer. \u00c7\u00fcnk\u00fc \u00e7ocuklar korunmas\u0131 ve \u00f6zen g\u00f6sterilmesi gereken ortak varl\u0131\u011f\u0131m\u0131z&#8230;   \u00c7ocuklar\u0131n sa\u011fl\u0131kl\u0131 beslenmesini sa\u011flamak ile \u00e7ocuklara daha iyi bir d\u00fcnya b\u0131rakmak asl\u0131nda ayn\u0131 \u015feyler. \u00c7ocuk sa\u011fl\u0131\u011f\u0131n\u0131 korumak sadece kendi \u00e7ocuklar\u0131m\u0131z\u0131 de\u011fil, t\u00fcm \u00e7ocuklar\u0131 korumakla ilgili bir \u015fey.   Bu kitap, annelere, babalara, e\u011fitimcilere, gazetecilere, medya \u00e7al\u0131\u015fanlar\u0131na, g\u0131da ve \u00e7evre sorunlar\u0131na duyarl\u0131 herkese sesleniyor. \u00c7ocuklar\u0131, \u00e7ocuklar\u0131n sa\u011fl\u0131kl\u0131 beslenmesini g\u0131da g\u00fcvenli\u011fi \u00e7al\u0131\u015fmalar\u0131n\u0131n odak noktas\u0131na koyuyor. Evimizde, mutfa\u011f\u0131m\u0131zda g\u0131da g\u00fcvenli\u011fini nas\u0131l sa\u011flayabilece\u011fimiz sorusuna \u00e7e\u015fitli meseleler \u00fczerinden yan\u0131tlar veriyor. Amac\u0131m\u0131z, sorunlar kadar \u00e7\u00f6z\u00fcmlere de de\u011finerek g\u0131da g\u00fcvenli\u011fi hakk\u0131nda temel bir bak\u0131\u015f a\u00e7\u0131s\u0131na sahip olmam\u0131z\u0131 sa\u011flamak. <\/p>\n","protected":false},"excerpt":{"rendered":"<p>\u201cBu \u00f6zenli \u00e7al\u0131\u015fmas\u0131yla anne\/babalar\u0131n \u00e7ok yararlanabilecekleri bir rehber haz\u0131rlayan B\u00fclent \u015e\u0131k, bize ayn\u0131 zamanda ger\u00e7ek bilim insanlar\u0131n\u0131n akademinin d\u0131\u015f\u0131nda da bilgi \u00fcretebildiklerini bir kez daha g\u00f6steriyor.\u201d<span class=\"excerpt-hellip\"> [\u2026]<\/span><\/p>\n","protected":false},"featured_media":0,"template":"","meta":{"_monsterinsights_skip_tracking":false,"_monsterinsights_sitenote_active":false,"_monsterinsights_sitenote_note":"","_monsterinsights_sitenote_category":0},"product_brand":[],"product_cat":[20313,13365],"product_tag":[],"class_list":{"0":"post-743025","1":"product","2":"type-product","3":"status-publish","5":"product_cat-basvuru-kitaplari-saglik","6":"product_cat-saglik","7":"pa_cilt-ciltsiz","8":"pa_tur-kitap","9":"pa_yayinevi-dogan-kitap","10":"pa_yazar-bulent-sik","12":"first","13":"instock","14":"sale","15":"shipping-taxable","16":"purchasable","17":"product-type-simple"},"_links":{"self":[{"href":"https:\/\/roveyayinevi.com.tr\/index.php\/wp-json\/wp\/v2\/product\/743025","targetHints":{"allow":["GET"]}}],"collection":[{"href":"https:\/\/roveyayinevi.com.tr\/index.php\/wp-json\/wp\/v2\/product"}],"about":[{"href":"https:\/\/roveyayinevi.com.tr\/index.php\/wp-json\/wp\/v2\/types\/product"}],"wp:attachment":[{"href":"https:\/\/roveyayinevi.com.tr\/index.php\/wp-json\/wp\/v2\/media?parent=743025"}],"wp:term":[{"taxonomy":"product_brand","embeddable":true,"href":"https:\/\/roveyayinevi.com.tr\/index.php\/wp-json\/wp\/v2\/product_brand?post=743025"},{"taxonomy":"product_cat","embeddable":true,"href":"https:\/\/roveyayinevi.com.tr\/index.php\/wp-json\/wp\/v2\/product_cat?post=743025"},{"taxonomy":"product_tag","embeddable":true,"href":"https:\/\/roveyayinevi.com.tr\/index.php\/wp-json\/wp\/v2\/product_tag?post=743025"}],"curies":[{"name":"wp","href":"https:\/\/api.w.org\/{rel}","templated":true}]}}