{"id":743023,"date":"2025-08-28T01:25:38","date_gmt":"2025-08-27T22:25:38","guid":{"rendered":"https:\/\/roveyayinevi.com.tr\/index.php\/urun\/sermaye-ve-zaman\/"},"modified":"2026-04-16T02:54:00","modified_gmt":"2026-04-15T23:54:00","slug":"sermaye-ve-zaman","status":"publish","type":"product","link":"https:\/\/roveyayinevi.com.tr\/index.php\/urun\/sermaye-ve-zaman\/","title":{"rendered":"Sermaye ve Zaman"},"content":{"rendered":"<p>Bat\u0131 ekonomileri b\u00fcy\u00fck krizler ya\u015famak pahas\u0131na neden h\u00e2l\u00e2 spek\u00fclatif yat\u0131r\u0131mlara m\u00fcsaade ediyor? Martijn Konings, bu kitab\u0131nda neoliberalizm ve onun ele\u015ftirilerine dair sosyoloji, ekonomi ve felsefenin hem \u00e7a\u011fda\u015f hem de klasik literat\u00fcr\u00fcn yeni bir okumas\u0131n\u0131 yap\u0131yor; sermaye ve zaman\u0131n bir araya gelip spek\u00fclasyon olgusunu nas\u0131l olu\u015fturdu\u011funu resmediyor. \u0130lk neoliberal ele\u015ftiriler devleti, tarafs\u0131z ve piyasan\u0131n d\u0131\u015f\u0131nda konumland\u0131rm\u0131\u015flarken, Konings asl\u0131nda devletlerin spek\u00fclatif hareketlere m\u00fcdahil oldu\u011funu iddia ederek, 1970\u2019lerden beri s\u00fcregiden piyasa krizlerini ba\u015fka bir g\u00f6zle yorumluyor. Di\u011fer bir deyi\u015fle liberalizmi ele\u015ftiren neoliberalizmin bir ele\u015ftirisini sunuyor. Foucault, Hayek ve Minsky gibi d\u00fc\u015f\u00fcn\u00fcrlerin neoliberalizm yorumlar\u0131n\u0131 ele alan Konings, \u00e7a\u011fda\u015f finansal sistemin i\u015fleyi\u015fini Niklas Luhmann\u2019\u0131n sistem \u00e7\u00f6z\u00fcmlemesi ve \u00f6z-g\u00f6ndergelilik kavramlar\u0131 ekseninde tekrardan d\u00fc\u015f\u00fcnmeyi \u00f6neriyor. \u00c7ift giri\u015fli muhasebe kay\u0131tlar\u0131, merkez bankas\u0131 para politikalar\u0131, yat\u0131r\u0131mlarda kald\u0131ra\u00e7 kullan\u0131m\u0131 gibi enstr\u00fcmanlar\u0131 felsefi, sosyolojik ve politik bir bak\u0131\u015fla de\u011ferlendiren Konings, okurlar\u0131n\u0131 neoliberal zihniyeti ve neoliberalizmin g\u00fc\u00e7 kullan\u0131m\u0131n\u0131 spek\u00fclasyonun edimselli\u011fi ve \u00fcretkenli\u011fi \u00fczerinden anlamaya davet ediyor. Sermaye ve Zaman: Neoliberal Akl\u0131n Yeni Bir Ele\u015ftirisi spek\u00fclasyon, neoliberalizm ve \u00e7a\u011fda\u015f finansa dair yeni bir bak\u0131\u015f a\u00e7\u0131s\u0131 sunuyor. <\/p>\n","protected":false},"excerpt":{"rendered":"<p>Bat\u0131 ekonomileri b\u00fcy\u00fck krizler ya\u015famak pahas\u0131na neden h\u00e2l\u00e2 spek\u00fclatif yat\u0131r\u0131mlara m\u00fcsaade ediyor? Martijn Konings, bu kitab\u0131nda neoliberalizm ve onun ele\u015ftirilerine dair sosyoloji, ekonomi ve felsefenin hem<span class=\"excerpt-hellip\"> [\u2026]<\/span><\/p>\n","protected":false},"featured_media":0,"template":"","meta":{"_monsterinsights_skip_tracking":false,"_monsterinsights_sitenote_active":false,"_monsterinsights_sitenote_note":"","_monsterinsights_sitenote_category":0},"product_brand":[],"product_cat":[20333,13043],"product_tag":[],"class_list":{"0":"post-743023","1":"product","2":"type-product","3":"status-publish","5":"product_cat-diger-ekonomi","6":"product_cat-ekonomi","7":"pa_cilt-ciltsiz","8":"pa_tur-kitap","9":"pa_yayinevi-vakifbank-kultur-yayinlari","10":"pa_yazar-martijn-konings","12":"first","13":"instock","14":"sale","15":"shipping-taxable","16":"purchasable","17":"product-type-simple"},"_links":{"self":[{"href":"https:\/\/roveyayinevi.com.tr\/index.php\/wp-json\/wp\/v2\/product\/743023","targetHints":{"allow":["GET"]}}],"collection":[{"href":"https:\/\/roveyayinevi.com.tr\/index.php\/wp-json\/wp\/v2\/product"}],"about":[{"href":"https:\/\/roveyayinevi.com.tr\/index.php\/wp-json\/wp\/v2\/types\/product"}],"wp:attachment":[{"href":"https:\/\/roveyayinevi.com.tr\/index.php\/wp-json\/wp\/v2\/media?parent=743023"}],"wp:term":[{"taxonomy":"product_brand","embeddable":true,"href":"https:\/\/roveyayinevi.com.tr\/index.php\/wp-json\/wp\/v2\/product_brand?post=743023"},{"taxonomy":"product_cat","embeddable":true,"href":"https:\/\/roveyayinevi.com.tr\/index.php\/wp-json\/wp\/v2\/product_cat?post=743023"},{"taxonomy":"product_tag","embeddable":true,"href":"https:\/\/roveyayinevi.com.tr\/index.php\/wp-json\/wp\/v2\/product_tag?post=743023"}],"curies":[{"name":"wp","href":"https:\/\/api.w.org\/{rel}","templated":true}]}}