{"id":743022,"date":"2025-08-28T01:25:37","date_gmt":"2025-08-27T22:25:37","guid":{"rendered":"https:\/\/roveyayinevi.com.tr\/index.php\/urun\/define-adasi-ciltli\/"},"modified":"2026-04-16T02:54:00","modified_gmt":"2026-04-15T23:54:00","slug":"define-adasi-ciltli","status":"publish","type":"product","link":"https:\/\/roveyayinevi.com.tr\/index.php\/urun\/define-adasi-ciltli\/","title":{"rendered":"Define Adas\u0131 -Ciltli"},"content":{"rendered":"<p>Gen\u00e7 Jim Hawkins, korsanlar\u0131n hazinesini bulmak i\u00e7in a\u00e7\u0131k denizlerde inan\u0131lmaz bir maceraya at\u0131l\u0131r. Ama ka\u00e7t\u0131\u011f\u0131 korsanlar\u0131n, bindi\u011fi geminin tayfas\u0131na s\u0131zd\u0131\u011f\u0131 anla\u015f\u0131l\u0131nca Jim, hayat\u0131n\u0131 kaybetmek d\u00e2hil korkun\u00e7 tehlikelerle y\u00fcz y\u00fcze kal\u0131r. Jim bu macerada hayal bile edemeyece\u011fi \u015feyleri ba\u015farmak zorunda kalacak,  bir \u00e7ocuk olarak \u00e7\u0131kt\u0131\u011f\u0131 maceradan cesur bir delikanl\u0131 olarak d\u00f6necektir. <\/p>\n","protected":false},"excerpt":{"rendered":"<p>Gen\u00e7 Jim Hawkins, korsanlar\u0131n hazinesini bulmak i\u00e7in a\u00e7\u0131k denizlerde inan\u0131lmaz bir maceraya at\u0131l\u0131r. Ama ka\u00e7t\u0131\u011f\u0131 korsanlar\u0131n, bindi\u011fi geminin tayfas\u0131na s\u0131zd\u0131\u011f\u0131 anla\u015f\u0131l\u0131nca Jim, hayat\u0131n\u0131 kaybetmek d\u00e2hil korkun\u00e7<span class=\"excerpt-hellip\"> [\u2026]<\/span><\/p>\n","protected":false},"featured_media":0,"template":"","meta":{"_monsterinsights_skip_tracking":false,"_monsterinsights_sitenote_active":false,"_monsterinsights_sitenote_note":"","_monsterinsights_sitenote_category":0},"product_brand":[],"product_cat":[12274,12284],"product_tag":[],"class_list":{"0":"post-743022","1":"product","2":"type-product","3":"status-publish","5":"product_cat-cocuk-ve-genclik-kitaplari","6":"product_cat-hikayeler","7":"pa_cilt-ciltli","8":"pa_tur-kitap","9":"pa_yayinevi-beyaz-balina-yayinlari","10":"pa_yazar-robert-louis-stevenson","12":"first","13":"instock","14":"sale","15":"shipping-taxable","16":"purchasable","17":"product-type-simple"},"_links":{"self":[{"href":"https:\/\/roveyayinevi.com.tr\/index.php\/wp-json\/wp\/v2\/product\/743022","targetHints":{"allow":["GET"]}}],"collection":[{"href":"https:\/\/roveyayinevi.com.tr\/index.php\/wp-json\/wp\/v2\/product"}],"about":[{"href":"https:\/\/roveyayinevi.com.tr\/index.php\/wp-json\/wp\/v2\/types\/product"}],"wp:attachment":[{"href":"https:\/\/roveyayinevi.com.tr\/index.php\/wp-json\/wp\/v2\/media?parent=743022"}],"wp:term":[{"taxonomy":"product_brand","embeddable":true,"href":"https:\/\/roveyayinevi.com.tr\/index.php\/wp-json\/wp\/v2\/product_brand?post=743022"},{"taxonomy":"product_cat","embeddable":true,"href":"https:\/\/roveyayinevi.com.tr\/index.php\/wp-json\/wp\/v2\/product_cat?post=743022"},{"taxonomy":"product_tag","embeddable":true,"href":"https:\/\/roveyayinevi.com.tr\/index.php\/wp-json\/wp\/v2\/product_tag?post=743022"}],"curies":[{"name":"wp","href":"https:\/\/api.w.org\/{rel}","templated":true}]}}