{"id":743021,"date":"2025-08-28T01:25:36","date_gmt":"2025-08-27T22:25:36","guid":{"rendered":"https:\/\/roveyayinevi.com.tr\/index.php\/urun\/modern-irakin-osmanli-kokenleri\/"},"modified":"2026-04-16T02:54:00","modified_gmt":"2026-04-15T23:54:00","slug":"modern-irakin-osmanli-kokenleri","status":"publish","type":"product","link":"https:\/\/roveyayinevi.com.tr\/index.php\/urun\/modern-irakin-osmanli-kokenleri\/","title":{"rendered":"Modern Irak\u2019\u0131n Osmanl\u0131 K\u00f6kenleri"},"content":{"rendered":"<p>\u201cS\u00f6z sanatlar\u0131ndaki ve hik\u00e2yelerdeki \u00f6neminden ayr\u0131 olarak, hi\u00e7 \u015f\u00fcphe yok ki Irak hem ge\u00e7mi\u015fte hem de bug\u00fcn, \u2018Ortado\u011fu\u2019nun bir minyat\u00fcr\u00fc\u2019 gibi. Bu kitapta etrafl\u0131ca anlat\u0131ld\u0131\u011f\u0131 gibi, hemen hemen b\u00fct\u00fcn temel etnik unsurlar (T\u00fcrkler, Araplar, K\u00fcrtler, \u0130ranl\u0131lar ve Ermeniler) Ba\u011fdat vilayetinde bir arada ya\u015fam\u0131\u015flar ve belki de en \u00f6zg\u00fcn mezhepler\/dinler de (S\u00fcnn\u00eeler, \u015ei\u00eeler, S\u00fcry\u00e2n\u00eeler, Keld\u00e2n\u00eeler, Ya\u2018k\u016bb\u00eeler gibi) orada var olmu\u015ftur. Bu bar\u0131\u015f i\u00e7inde birlikte ya\u015fama Irak\u2019a benzersiz bir karakter kazand\u0131rm\u0131\u015ft\u0131.\u201d <\/p>\n","protected":false},"excerpt":{"rendered":"<p>\u201cS\u00f6z sanatlar\u0131ndaki ve hik\u00e2yelerdeki \u00f6neminden ayr\u0131 olarak, hi\u00e7 \u015f\u00fcphe yok ki Irak hem ge\u00e7mi\u015fte hem de bug\u00fcn, \u2018Ortado\u011fu\u2019nun bir minyat\u00fcr\u00fc\u2019 gibi. Bu kitapta etrafl\u0131ca anlat\u0131ld\u0131\u011f\u0131 gibi,<span class=\"excerpt-hellip\"> [\u2026]<\/span><\/p>\n","protected":false},"featured_media":0,"template":"","meta":{"_monsterinsights_skip_tracking":false,"_monsterinsights_sitenote_active":false,"_monsterinsights_sitenote_note":"","_monsterinsights_sitenote_category":0},"product_brand":[],"product_cat":[12312,12304],"product_tag":[],"class_list":{"0":"post-743021","1":"product","2":"type-product","3":"status-publish","5":"product_cat-diger","6":"product_cat-tarih","7":"pa_cilt-ciltsiz","8":"pa_tur-kitap","9":"pa_yayinevi-vakifbank-kultur-yayinlari","10":"pa_yazar-ebubekir-ceylan","12":"first","13":"instock","14":"sale","15":"shipping-taxable","16":"purchasable","17":"product-type-simple"},"_links":{"self":[{"href":"https:\/\/roveyayinevi.com.tr\/index.php\/wp-json\/wp\/v2\/product\/743021","targetHints":{"allow":["GET"]}}],"collection":[{"href":"https:\/\/roveyayinevi.com.tr\/index.php\/wp-json\/wp\/v2\/product"}],"about":[{"href":"https:\/\/roveyayinevi.com.tr\/index.php\/wp-json\/wp\/v2\/types\/product"}],"wp:attachment":[{"href":"https:\/\/roveyayinevi.com.tr\/index.php\/wp-json\/wp\/v2\/media?parent=743021"}],"wp:term":[{"taxonomy":"product_brand","embeddable":true,"href":"https:\/\/roveyayinevi.com.tr\/index.php\/wp-json\/wp\/v2\/product_brand?post=743021"},{"taxonomy":"product_cat","embeddable":true,"href":"https:\/\/roveyayinevi.com.tr\/index.php\/wp-json\/wp\/v2\/product_cat?post=743021"},{"taxonomy":"product_tag","embeddable":true,"href":"https:\/\/roveyayinevi.com.tr\/index.php\/wp-json\/wp\/v2\/product_tag?post=743021"}],"curies":[{"name":"wp","href":"https:\/\/api.w.org\/{rel}","templated":true}]}}