{"id":743018,"date":"2025-08-28T01:25:32","date_gmt":"2025-08-27T22:25:32","guid":{"rendered":"https:\/\/roveyayinevi.com.tr\/index.php\/urun\/seyh-samil-3\/"},"modified":"2026-04-16T02:54:00","modified_gmt":"2026-04-15T23:54:00","slug":"seyh-samil-3","status":"publish","type":"product","link":"https:\/\/roveyayinevi.com.tr\/index.php\/urun\/seyh-samil-3\/","title":{"rendered":"\u015eeyh \u015eamil"},"content":{"rendered":"<p>1800\u2019l\u00fc y\u0131llar. D\u00f6nemin s\u00fcper g\u00fcc\u00fc Rusya\u2019ya kafa tutan bir avu\u00e7 halk ve e\u015fi benzeri g\u00f6r\u00fclmemi\u015f bir direni\u015f&#8230; Ve bu destans\u0131 ve kutsal direni\u015fin lideri \u015eamil. Ruslar\u2019a y\u0131llarca k\u00f6k s\u00f6kt\u00fcren \u015eamil. \u00d6zg\u00fcrl\u00fck ve \u0130slam davas\u0131 u\u011fruna fani \u00f6mr\u00fcn\u00fc Kafkas da\u011flar\u0131nda eriten \u015eamil. G\u00f6z\u00fc pek, g\u00f6nl\u00fc engin \u015eamil. Mangal y\u00fcrekli, \u015fahin bak\u0131\u015fl\u0131 \u015eamil. D\u00fcnyaya meydan okuyan, iman dolu dev \u015eamil. Esaretin d\u00fc\u015fman\u0131, \u00f6zg\u00fcrl\u00fck sevdal\u0131s\u0131 \u015eamil. Hik\u00e2yesi y\u00fczy\u0131llar\u0131 a\u015fan, ilham y\u00fckl\u00fc koca \u00e7\u0131nar \u015eamil. Mertli\u011fin ve zaferin destan\u0131n\u0131 yazan \u015eamil. N\u00e2m-\u0131 di\u011fer Kafkas Kartal\u0131 \u015eeyh \u015eamil! Y\u0131llar \u00f6nce Kafkas da\u011flar\u0131nda at binip k\u0131l\u0131\u00e7 ku\u015fanan bu mert insan, b\u00fct\u00fcn kahramanlar gibi zorlu\u011fa ve \u00e7ileye g\u00f6zlerini a\u00e7t\u0131. Fani \u00f6mr\u00fc sava\u015f meydanlar\u0131nda, k\u0131l\u0131\u00e7lar\u0131n g\u00f6lgesinde ge\u00e7ti ve bu d\u00fcnyaya veda ederken ard\u0131nda koca bir h\u00fcrriyet destan\u0131 b\u0131rakt\u0131. * * * Vatan topra\u011f\u0131n\u0131n bir kar\u0131\u015f\u0131n\u0131n bile ne kadar kutsal oldu\u011funu onun hik\u00e2yesini okuyanlar anlar. <\/p>\n","protected":false},"excerpt":{"rendered":"<p>1800\u2019l\u00fc y\u0131llar. D\u00f6nemin s\u00fcper g\u00fcc\u00fc Rusya\u2019ya kafa tutan bir avu\u00e7 halk ve e\u015fi benzeri g\u00f6r\u00fclmemi\u015f bir direni\u015f&#8230; Ve bu destans\u0131 ve kutsal direni\u015fin lideri \u015eamil. Ruslar\u2019a<span class=\"excerpt-hellip\"> [\u2026]<\/span><\/p>\n","protected":false},"featured_media":0,"template":"","meta":{"_monsterinsights_skip_tracking":false,"_monsterinsights_sitenote_active":false,"_monsterinsights_sitenote_note":"","_monsterinsights_sitenote_category":0},"product_brand":[],"product_cat":[14009,12291],"product_tag":[],"class_list":{"0":"post-743018","1":"product","2":"type-product","3":"status-publish","5":"product_cat-biyografi-otobiyografi-edebiyat","6":"product_cat-edebiyat","7":"pa_cilt-ciltsiz","8":"pa_tur-kitap","9":"pa_yayinevi-ugurbocegi-yayinlari","10":"pa_yazar-sevgi-basman","12":"first","13":"instock","14":"sale","15":"shipping-taxable","16":"purchasable","17":"product-type-simple"},"_links":{"self":[{"href":"https:\/\/roveyayinevi.com.tr\/index.php\/wp-json\/wp\/v2\/product\/743018","targetHints":{"allow":["GET"]}}],"collection":[{"href":"https:\/\/roveyayinevi.com.tr\/index.php\/wp-json\/wp\/v2\/product"}],"about":[{"href":"https:\/\/roveyayinevi.com.tr\/index.php\/wp-json\/wp\/v2\/types\/product"}],"wp:attachment":[{"href":"https:\/\/roveyayinevi.com.tr\/index.php\/wp-json\/wp\/v2\/media?parent=743018"}],"wp:term":[{"taxonomy":"product_brand","embeddable":true,"href":"https:\/\/roveyayinevi.com.tr\/index.php\/wp-json\/wp\/v2\/product_brand?post=743018"},{"taxonomy":"product_cat","embeddable":true,"href":"https:\/\/roveyayinevi.com.tr\/index.php\/wp-json\/wp\/v2\/product_cat?post=743018"},{"taxonomy":"product_tag","embeddable":true,"href":"https:\/\/roveyayinevi.com.tr\/index.php\/wp-json\/wp\/v2\/product_tag?post=743018"}],"curies":[{"name":"wp","href":"https:\/\/api.w.org\/{rel}","templated":true}]}}