{"id":743014,"date":"2025-08-28T01:25:28","date_gmt":"2025-08-27T22:25:28","guid":{"rendered":"https:\/\/roveyayinevi.com.tr\/index.php\/urun\/sakli-dunya\/"},"modified":"2026-04-16T02:54:00","modified_gmt":"2026-04-15T23:54:00","slug":"sakli-dunya","status":"publish","type":"product","link":"https:\/\/roveyayinevi.com.tr\/index.php\/urun\/sakli-dunya\/","title":{"rendered":"Sakl\u0131 D\u00fcnya"},"content":{"rendered":"<p>Canl\u0131lar d\u00fcnyas\u0131ndaki ya\u015fam formlar\u0131ndan biri \u00f6yle garip ve muhte\u015femdir ki bizi ya\u015fam\u0131n i\u015fleyi\u015fi \u00fczerine yeniden d\u00fc\u015f\u00fcnmeye zorlar. Ne bitki ne de hayvanlar. Yerde, havada, v\u00fccudumuzda ya\u015f\u0131yorlar. Kimisi mikroskobik boyutlarda, kimisi \u015fimdiye dek kaydedilmi\u015f en b\u00fcy\u00fck organizma. Karasal ya\u015fam, bu canl\u0131lar\u0131n kayalar\u0131 par\u00e7alamas\u0131yla ba\u015flad\u0131. Ekmek, alkol ve baz\u0131 ila\u00e7lar\u0131 bah\u015federek insanl\u0131k tarihini \u015fekillendirdiler. Uzayda ya\u015fayabilecek ya da n\u00fckleer radyasyonun ortas\u0131nda serpilebilecek kadar dayan\u0131kl\u0131, davran\u0131\u015f manip\u00fclasyonuyla baz\u0131 hayvanlar\u0131 felakete s\u00fcr\u00fckleyebilecek kadar becerikli, atmosferin i\u00e7eri\u011fini \u2013ve belki de gelece\u011fimizi\u2013 de\u011fi\u015ftirebilecek kadar kudretliler. Mantarlar\u0131n hayranl\u0131k uyand\u0131r\u0131c\u0131 ama g\u00f6z ard\u0131 edilmi\u015f d\u00fcnyas\u0131na ho\u015f geldiniz. Merlin Sheldrake, 23 dile \u00e7evrilip k\u0131sa s\u00fcrede bir do\u011fabilim klasi\u011fine d\u00f6n\u00fc\u015fen Sakl\u0131 D\u00fcnya\u2019da, neredeyse b\u00fct\u00fcn canl\u0131 sistemleri destekleyen mantarlar\u0131n ya\u015famlar\u0131na b\u00fcy\u00fcleyici bir yolculu\u011fa \u00e7\u0131kar\u0131yor bizleri. \u201cWood Wide Web\u201d denen a\u011flar sayesinde bitkileri birbirine ba\u011flad\u0131klar\u0131n\u0131n ke\u015ffedilmesiyle ekosistemleri anlama bi\u00e7imimizi, beyinleri olmad\u0131\u011f\u0131 halde problem \u00e7\u00f6zebildiklerinin anla\u015f\u0131lmas\u0131yla da geleneksel \u201czek\u00e2\u201d tan\u0131mlar\u0131n\u0131 de\u011fi\u015ftiren mantarlar\u0131n, gerek ya\u015fad\u0131\u011f\u0131m\u0131z gezegeni gerekse zihin ve davran\u0131\u015flar\u0131m\u0131z\u0131 anlaman\u0131n anahtar\u0131 oldu\u011funu g\u00f6steriyor. Mantarlar\u0131 daha yak\u0131ndan tan\u0131d\u0131k\u00e7a pek \u00e7ok \u015feyin ancak onlarla anlam kazand\u0131\u011f\u0131n\u0131 fark ediyoruz. \u201cBu kitaba a\u015f\u0131k oldum. Merlin, \u015fairin hayal g\u00fcc\u00fcne sahip bir bilim insan\u0131.\u201d \u2013MICHAEL POLLAN, Arzunun Botani\u011fi\u2019nin yazar\u0131   \u201cDo\u011fal ya\u015fama dair anlay\u0131\u015f\u0131m\u0131z\u0131 tepeden t\u0131rna\u011fa yeniden \u015fekillendiriyor. Ba\u015f d\u00f6nd\u00fcr\u00fcc\u00fc.\u201d \u2013ED YONG, Mikrobiyota\u2019n\u0131n yazar\u0131   \u201cBir macera roman\u0131 gibi okunuyor&#8230; Harikulade.\u201d \u2013Sunday Times   \u201cMuhte\u015fem!\u201d \u2013MARGARET ATWOOD<\/p>\n","protected":false},"excerpt":{"rendered":"<p>Canl\u0131lar d\u00fcnyas\u0131ndaki ya\u015fam formlar\u0131ndan biri \u00f6yle garip ve muhte\u015femdir ki bizi ya\u015fam\u0131n i\u015fleyi\u015fi \u00fczerine yeniden d\u00fc\u015f\u00fcnmeye zorlar. Ne bitki ne de hayvanlar. Yerde, havada, v\u00fccudumuzda ya\u015f\u0131yorlar.<span class=\"excerpt-hellip\"> [\u2026]<\/span><\/p>\n","protected":false},"featured_media":0,"template":"","meta":{"_monsterinsights_skip_tracking":false,"_monsterinsights_sitenote_active":false,"_monsterinsights_sitenote_note":"","_monsterinsights_sitenote_category":0},"product_brand":[],"product_cat":[13005,13006],"product_tag":[],"class_list":{"0":"post-743014","1":"product","2":"type-product","3":"status-publish","5":"product_cat-bilim-muhendislik","6":"product_cat-populer-bilim","7":"pa_cilt-ciltsiz","8":"pa_tur-kitap","9":"pa_yayinevi-domingo-yayinevi","10":"pa_yazar-merlin-sheldrake","12":"first","13":"instock","14":"sale","15":"shipping-taxable","16":"purchasable","17":"product-type-simple"},"_links":{"self":[{"href":"https:\/\/roveyayinevi.com.tr\/index.php\/wp-json\/wp\/v2\/product\/743014","targetHints":{"allow":["GET"]}}],"collection":[{"href":"https:\/\/roveyayinevi.com.tr\/index.php\/wp-json\/wp\/v2\/product"}],"about":[{"href":"https:\/\/roveyayinevi.com.tr\/index.php\/wp-json\/wp\/v2\/types\/product"}],"wp:attachment":[{"href":"https:\/\/roveyayinevi.com.tr\/index.php\/wp-json\/wp\/v2\/media?parent=743014"}],"wp:term":[{"taxonomy":"product_brand","embeddable":true,"href":"https:\/\/roveyayinevi.com.tr\/index.php\/wp-json\/wp\/v2\/product_brand?post=743014"},{"taxonomy":"product_cat","embeddable":true,"href":"https:\/\/roveyayinevi.com.tr\/index.php\/wp-json\/wp\/v2\/product_cat?post=743014"},{"taxonomy":"product_tag","embeddable":true,"href":"https:\/\/roveyayinevi.com.tr\/index.php\/wp-json\/wp\/v2\/product_tag?post=743014"}],"curies":[{"name":"wp","href":"https:\/\/api.w.org\/{rel}","templated":true}]}}