{"id":743013,"date":"2025-08-28T01:25:27","date_gmt":"2025-08-27T22:25:27","guid":{"rendered":"https:\/\/roveyayinevi.com.tr\/index.php\/urun\/beneklerini-kaybeden-dalmacyali\/"},"modified":"2026-04-16T02:54:00","modified_gmt":"2026-04-15T23:54:00","slug":"beneklerini-kaybeden-dalmacyali","status":"publish","type":"product","link":"https:\/\/roveyayinevi.com.tr\/index.php\/urun\/beneklerini-kaybeden-dalmacyali\/","title":{"rendered":"Beneklerini Kaybeden Dalma\u00e7yal\u0131"},"content":{"rendered":"<p>Dalma\u00e7yal\u0131 Lucy ile av k\u00f6pe\u011fi Petra birbirlerinden hi\u00e7 ayr\u0131lmayan \u00e7ok iyi iki arkada\u015ft\u0131r. Birlikte yemek yer, birlikte oynar, birlikte uyurlar. Ama bir g\u00fcn Petra ortadan kaybolur. Ertesi g\u00fcn \u00fcz\u00fcnt\u00fcden Lucy&#8217;nin benekleri de kayboluverir.  Petra&#8217;n\u0131n tehlikede oldu\u011funu \u00f6\u011frenen Lucy \u00e7ok ge\u00e7 olmadan onu bulmak zorundad\u0131r. Acaba Lucy hem sevgili dostuna hem de beneklerine kavu\u015fabilecek midir?   Beneklerini Kaybeden Dalma\u00e7yal\u0131, bir sevgi, umut ve dostluk hik\u00e2yesi. <\/p>\n","protected":false},"excerpt":{"rendered":"<p>Dalma\u00e7yal\u0131 Lucy ile av k\u00f6pe\u011fi Petra birbirlerinden hi\u00e7 ayr\u0131lmayan \u00e7ok iyi iki arkada\u015ft\u0131r. Birlikte yemek yer, birlikte oynar, birlikte uyurlar. Ama bir g\u00fcn Petra ortadan kaybolur.<span class=\"excerpt-hellip\"> [\u2026]<\/span><\/p>\n","protected":false},"featured_media":0,"template":"","meta":{"_monsterinsights_skip_tracking":false,"_monsterinsights_sitenote_active":false,"_monsterinsights_sitenote_note":"","_monsterinsights_sitenote_category":0},"product_brand":[],"product_cat":[12689,12274],"product_tag":[],"class_list":{"0":"post-743013","1":"product","2":"type-product","3":"status-publish","5":"product_cat-cizgi-roman-cocuk-ve-genclik-kitaplari","6":"product_cat-cocuk-ve-genclik-kitaplari","7":"pa_cilt-ciltsiz","8":"pa_tur-kitap","9":"pa_yayinevi-beyaz-balina-yayinlari","10":"pa_yazar-helen-haraldsen","12":"first","13":"instock","14":"sale","15":"shipping-taxable","16":"purchasable","17":"product-type-simple"},"_links":{"self":[{"href":"https:\/\/roveyayinevi.com.tr\/index.php\/wp-json\/wp\/v2\/product\/743013","targetHints":{"allow":["GET"]}}],"collection":[{"href":"https:\/\/roveyayinevi.com.tr\/index.php\/wp-json\/wp\/v2\/product"}],"about":[{"href":"https:\/\/roveyayinevi.com.tr\/index.php\/wp-json\/wp\/v2\/types\/product"}],"wp:attachment":[{"href":"https:\/\/roveyayinevi.com.tr\/index.php\/wp-json\/wp\/v2\/media?parent=743013"}],"wp:term":[{"taxonomy":"product_brand","embeddable":true,"href":"https:\/\/roveyayinevi.com.tr\/index.php\/wp-json\/wp\/v2\/product_brand?post=743013"},{"taxonomy":"product_cat","embeddable":true,"href":"https:\/\/roveyayinevi.com.tr\/index.php\/wp-json\/wp\/v2\/product_cat?post=743013"},{"taxonomy":"product_tag","embeddable":true,"href":"https:\/\/roveyayinevi.com.tr\/index.php\/wp-json\/wp\/v2\/product_tag?post=743013"}],"curies":[{"name":"wp","href":"https:\/\/api.w.org\/{rel}","templated":true}]}}