{"id":743012,"date":"2025-08-28T01:25:25","date_gmt":"2025-08-27T22:25:25","guid":{"rendered":"https:\/\/roveyayinevi.com.tr\/index.php\/urun\/demir-yolu-cocuklari-ciltli\/"},"modified":"2026-04-16T02:54:00","modified_gmt":"2026-04-15T23:54:00","slug":"demir-yolu-cocuklari-ciltli","status":"publish","type":"product","link":"https:\/\/roveyayinevi.com.tr\/index.php\/urun\/demir-yolu-cocuklari-ciltli\/","title":{"rendered":"Demir Yolu \u00c7ocuklar\u0131 (Ciltli)"},"content":{"rendered":"<p>Roberta, Peter ve Phyllis. Onlar ihtiya\u00e7 duyduklar\u0131 her \u015feye sahip olan \u00fc\u00e7 \u015fansl\u0131 \u00e7ocuktu. Anneleri ve babalar\u0131yla birlikte Londra\u2019da, k\u0131rm\u0131z\u0131 tu\u011flal\u0131 evlerinde mutlu bir \u015fekilde ya\u015f\u0131yorlard\u0131. Ta ki bir g\u00fcn evlerine gelen iki adam, babalar\u0131n\u0131 al\u0131p g\u00f6t\u00fcrene dek.   Bu talihsiz olay\u0131n ard\u0131ndan anneleri ile birlikte ta\u015frada bir eve ta\u015f\u0131nmak zorunda kalan \u00e7ocuklar burada kendilerine tren raylar\u0131yla \u00f6r\u00fcl\u00fc yepyeni bir hayat kurarlar. Onlar art\u0131k demir yolu \u00e7ocuklar\u0131d\u0131r. Burada yeni insanlarla tan\u0131\u015f\u0131p t\u00fcrl\u00fc t\u00fcrl\u00fc maceralar ya\u015fayan \u00fc\u00e7 karde\u015f bir g\u00fcn babalar\u0131na tekrar kavu\u015facaklar\u0131na dair umutlar\u0131n\u0131 asla kaybetmezler. <\/p>\n","protected":false},"excerpt":{"rendered":"<p>Roberta, Peter ve Phyllis. Onlar ihtiya\u00e7 duyduklar\u0131 her \u015feye sahip olan \u00fc\u00e7 \u015fansl\u0131 \u00e7ocuktu. Anneleri ve babalar\u0131yla birlikte Londra\u2019da, k\u0131rm\u0131z\u0131 tu\u011flal\u0131 evlerinde mutlu bir \u015fekilde ya\u015f\u0131yorlard\u0131.<span class=\"excerpt-hellip\"> [\u2026]<\/span><\/p>\n","protected":false},"featured_media":0,"template":"","meta":{"_monsterinsights_skip_tracking":false,"_monsterinsights_sitenote_active":false,"_monsterinsights_sitenote_note":"","_monsterinsights_sitenote_category":0},"product_brand":[],"product_cat":[12689,12274],"product_tag":[],"class_list":{"0":"post-743012","1":"product","2":"type-product","3":"status-publish","5":"product_cat-cizgi-roman-cocuk-ve-genclik-kitaplari","6":"product_cat-cocuk-ve-genclik-kitaplari","7":"pa_cilt-ciltli","8":"pa_tur-kitap","9":"pa_yayinevi-beyaz-balina-yayinlari","10":"pa_yazar-edith-nesbit","12":"first","13":"instock","14":"sale","15":"shipping-taxable","16":"purchasable","17":"product-type-simple"},"_links":{"self":[{"href":"https:\/\/roveyayinevi.com.tr\/index.php\/wp-json\/wp\/v2\/product\/743012","targetHints":{"allow":["GET"]}}],"collection":[{"href":"https:\/\/roveyayinevi.com.tr\/index.php\/wp-json\/wp\/v2\/product"}],"about":[{"href":"https:\/\/roveyayinevi.com.tr\/index.php\/wp-json\/wp\/v2\/types\/product"}],"wp:attachment":[{"href":"https:\/\/roveyayinevi.com.tr\/index.php\/wp-json\/wp\/v2\/media?parent=743012"}],"wp:term":[{"taxonomy":"product_brand","embeddable":true,"href":"https:\/\/roveyayinevi.com.tr\/index.php\/wp-json\/wp\/v2\/product_brand?post=743012"},{"taxonomy":"product_cat","embeddable":true,"href":"https:\/\/roveyayinevi.com.tr\/index.php\/wp-json\/wp\/v2\/product_cat?post=743012"},{"taxonomy":"product_tag","embeddable":true,"href":"https:\/\/roveyayinevi.com.tr\/index.php\/wp-json\/wp\/v2\/product_tag?post=743012"}],"curies":[{"name":"wp","href":"https:\/\/api.w.org\/{rel}","templated":true}]}}