{"id":743011,"date":"2025-08-28T01:25:24","date_gmt":"2025-08-27T22:25:24","guid":{"rendered":"https:\/\/roveyayinevi.com.tr\/index.php\/urun\/pamuksu-prenses\/"},"modified":"2026-04-16T02:54:00","modified_gmt":"2026-04-15T23:54:00","slug":"pamuksu-prenses","status":"publish","type":"product","link":"https:\/\/roveyayinevi.com.tr\/index.php\/urun\/pamuksu-prenses\/","title":{"rendered":"Pamuksu Prenses"},"content":{"rendered":"<p>Pop\u00fcler bir peri masal\u0131na, asi  bir dokunu\u015f!     \u201cCesur Kalpler i\u00e7in Peri Masallar\u0131 Serisi\u201dnin \u00fc\u00e7\u00fcnc\u00fc kitab\u0131 olan Pamuksu Prenses, t\u0131pk\u0131 Rabunzel ve Sindi-Gorilla gibi olduk\u00e7a klasikle\u015fmi\u015f peri masal\u0131na yepyeni bir soluk getiriyor. Peri masallar\u0131n\u0131n kal\u0131pla\u015fm\u0131\u015f cinsiyet rollerine ve \u00f6\u011fretilerine kar\u015f\u0131 \u00e7\u0131karak modern \u00e7a\u011f\u0131n \u00f6zg\u00fcrl\u00fck\u00e7\u00fc s\u00f6ylemine uygun bir karakter ortaya koyuyor.   Bu hikayede, krall\u0131\u011f\u0131n en iyi kedisi olan Majeste g\u00fcnlerini di\u011fer kedilere ne kadar harika bir y\u00fcr\u00fcy\u00fc\u015fe sahip oldu\u011funu g\u00f6stererek ge\u00e7irmektedir. Kristal k\u00fcresi ise, kendine olan hayranl\u0131\u011f\u0131n\u0131 do\u011frulayan en sahici! destek\u00e7isidir.   Ancak bir g\u00fcn kristal k\u00fcrenin anlatacak farkl\u0131 bir hikayesi vard\u0131r. Pamuksu Prenses ad\u0131nda yeni bir kedi krall\u0131\u011fa gelmi\u015ftir. O da en az di\u011fer kediler kadar g\u00fczel&#8230; ve nazik&#8230; ve t\u00fcm bunlar da yetmezmi\u015f gibi iyi kalpli, \u00e7evreye ve di\u011fer hayvanlara kar\u015f\u0131 duyarl\u0131 bir kedidir.   Majeste ondan kurtulmaya kararl\u0131d\u0131r. Bunun i\u00e7in binbir oyun \u00e7evirmektedir.   Neyse ki, Pamuksu Prenses \u00e7ok \u00f6zel fare dostlar\u0131na yard\u0131m ederek ve onlar\u0131n da deste\u011fiyle Majeste\u2019ye \u00f6nemli bir fark\u0131ndal\u0131k kazand\u0131rmaya haz\u0131rd\u0131r!   Pamuksu Prenses de t\u0131pk\u0131 Rabunzel ve Sindi-Gorilla gibi, gen\u00e7 okurlara g\u00fc\u00e7l\u00fc mesajlar veriyor!   Rekabetin dostluk kurarak ve i\u015fbirli\u011fi yaparak d\u00f6n\u00fc\u015ft\u00fcr\u00fclebilece\u011fi hakk\u0131ndaki bu e\u011flenceli hikaye; bireysel \u00f6nceliklerden ziyade \u00e7evreyi koruman\u0131n ve bunun ancak dayan\u0131\u015fma arac\u0131l\u0131\u011f\u0131yla m\u00fcmk\u00fcn olabilece\u011finin alt\u0131n\u0131 \u00e7iziyor.<\/p>\n","protected":false},"excerpt":{"rendered":"<p>Pop\u00fcler bir peri masal\u0131na, asi bir dokunu\u015f! \u201cCesur Kalpler i\u00e7in Peri Masallar\u0131 Serisi\u201dnin \u00fc\u00e7\u00fcnc\u00fc kitab\u0131 olan Pamuksu Prenses, t\u0131pk\u0131 Rabunzel ve Sindi-Gorilla gibi olduk\u00e7a klasikle\u015fmi\u015f peri<span class=\"excerpt-hellip\"> [\u2026]<\/span><\/p>\n","protected":false},"featured_media":0,"template":"","meta":{"_monsterinsights_skip_tracking":false,"_monsterinsights_sitenote_active":false,"_monsterinsights_sitenote_note":"","_monsterinsights_sitenote_category":0},"product_brand":[],"product_cat":[12913,12274],"product_tag":[],"class_list":{"0":"post-743011","1":"product","2":"type-product","3":"status-publish","5":"product_cat-3-6-yas-kitaplari","6":"product_cat-cocuk-ve-genclik-kitaplari","7":"pa_cilt-ciltsiz","8":"pa_tur-kitap","9":"pa_yayinevi-okuyan-koala","10":"pa_yazar-gareth-p-jones","12":"first","13":"instock","14":"sale","15":"shipping-taxable","16":"purchasable","17":"product-type-simple"},"_links":{"self":[{"href":"https:\/\/roveyayinevi.com.tr\/index.php\/wp-json\/wp\/v2\/product\/743011","targetHints":{"allow":["GET"]}}],"collection":[{"href":"https:\/\/roveyayinevi.com.tr\/index.php\/wp-json\/wp\/v2\/product"}],"about":[{"href":"https:\/\/roveyayinevi.com.tr\/index.php\/wp-json\/wp\/v2\/types\/product"}],"wp:attachment":[{"href":"https:\/\/roveyayinevi.com.tr\/index.php\/wp-json\/wp\/v2\/media?parent=743011"}],"wp:term":[{"taxonomy":"product_brand","embeddable":true,"href":"https:\/\/roveyayinevi.com.tr\/index.php\/wp-json\/wp\/v2\/product_brand?post=743011"},{"taxonomy":"product_cat","embeddable":true,"href":"https:\/\/roveyayinevi.com.tr\/index.php\/wp-json\/wp\/v2\/product_cat?post=743011"},{"taxonomy":"product_tag","embeddable":true,"href":"https:\/\/roveyayinevi.com.tr\/index.php\/wp-json\/wp\/v2\/product_tag?post=743011"}],"curies":[{"name":"wp","href":"https:\/\/api.w.org\/{rel}","templated":true}]}}