{"id":743009,"date":"2025-08-28T01:25:22","date_gmt":"2025-08-27T22:25:22","guid":{"rendered":"https:\/\/roveyayinevi.com.tr\/index.php\/urun\/telomeraz-devrimi\/"},"modified":"2026-04-16T02:54:00","modified_gmt":"2026-04-15T23:54:00","slug":"telomeraz-devrimi","status":"publish","type":"product","link":"https:\/\/roveyayinevi.com.tr\/index.php\/urun\/telomeraz-devrimi\/","title":{"rendered":"Telomeraz Devrimi"},"content":{"rendered":"<p>Bilimsel bir at\u0131l\u0131m\u0131n e\u015fi\u011findeyiz. Ya\u015flanman\u0131n arkas\u0131nda yatan biyolojik mekanizman\u0131n nas\u0131l i\u015fledi\u011fi anla\u015f\u0131ld\u0131. Ya\u015flanmay\u0131 durdurmak i\u00e7in ne yapaca\u011f\u0131m\u0131z\u0131 art\u0131k biliyoruz. Bir v\u00fccut h\u00fccresi b\u00f6l\u00fcnd\u00fc\u011f\u00fcnde telomerler yani kromozomlar\u0131n u\u00e7 k\u0131s\u0131mlar\u0131 k\u0131sal\u0131r. Telomer k\u0131sald\u0131k\u00e7a h\u00fccrenin kendi molek\u00fcllerini onarma yetene\u011fi azal\u0131r ve v\u00fccut h\u00fccreleri 40 ila 60 kez b\u00f6l\u00fcnd\u00fckten sonra b\u00f6l\u00fcnme yetisini kaybeder, yani ya\u015flan\u0131r. \u0130nsan\u0131n ya\u015flanmas\u0131 da v\u00fccudundaki trilyonlarca h\u00fccrenin ya\u015flanmas\u0131n\u0131n sonucudur. Ama v\u00fccut h\u00fccrelerinin aksine \u00fcreme h\u00fccreleri ve k\u00f6k h\u00fccreler ya\u015flanmaz, sonsuza dek b\u00f6l\u00fcnebilirler, \u00e7\u00fcnk\u00fc telomeraz denen enzimi \u00fcretirler ve bu enzim de k\u0131salan telomerleri tekrar uzat\u0131r, b\u00f6ylece h\u00fccrenin gen\u00e7 kalmas\u0131n\u0131 sa\u011flar.  Telomeraz Devrimi, insan \u00f6mr\u00fcn\u00fcn uzat\u0131lmas\u0131nda, ya\u015flanman\u0131n durdurulmas\u0131nda ve ya\u015flanmaya ba\u011fl\u0131 hastal\u0131klar\u0131n tedavisinde telomeraz\u0131n nas\u0131l kullan\u0131laca\u011f\u0131n\u0131 a\u00e7\u0131kl\u0131yor. Telomeraz Devrimi\u2019nde, Amin Maalouf\u2019un Empedokles\u2019in Dostlar\u0131 adl\u0131 kitab\u0131nda kurgulad\u0131\u011f\u0131 heyecan verici \u00fctopyan\u0131n bilimsel dayanaklar\u0131n\u0131 bulacaks\u0131n\u0131z. *** \u201cBu kitap, nas\u0131l ya\u015fland\u0131\u011f\u0131m\u0131z\u0131 ve ya\u015flanmay\u0131 birka\u00e7 y\u0131l i\u00e7inde nas\u0131l evcille\u015ftirece\u011fimizi anlamak i\u00e7in etkili ve anla\u015f\u0131lmas\u0131 kolay bir k\u0131lavuz niteli\u011finde.\u201d \u2014 Giacinto Libertini, \u0130talyan Evrimsel Biyoloji Derne\u011fi \u00fcyesi  <\/p>\n","protected":false},"excerpt":{"rendered":"<p>Bilimsel bir at\u0131l\u0131m\u0131n e\u015fi\u011findeyiz. Ya\u015flanman\u0131n arkas\u0131nda yatan biyolojik mekanizman\u0131n nas\u0131l i\u015fledi\u011fi anla\u015f\u0131ld\u0131. Ya\u015flanmay\u0131 durdurmak i\u00e7in ne yapaca\u011f\u0131m\u0131z\u0131 art\u0131k biliyoruz. Bir v\u00fccut h\u00fccresi b\u00f6l\u00fcnd\u00fc\u011f\u00fcnde telomerler yani kromozomlar\u0131n<span class=\"excerpt-hellip\"> [\u2026]<\/span><\/p>\n","protected":false},"featured_media":0,"template":"","meta":{"_monsterinsights_skip_tracking":false,"_monsterinsights_sitenote_active":false,"_monsterinsights_sitenote_note":"","_monsterinsights_sitenote_category":0},"product_brand":[],"product_cat":[13005,13006],"product_tag":[],"class_list":{"0":"post-743009","1":"product","2":"type-product","3":"status-publish","5":"product_cat-bilim-muhendislik","6":"product_cat-populer-bilim","7":"pa_cilt-ciltsiz","8":"pa_tur-kitap","9":"pa_yayinevi-say-yayinlari","10":"pa_yazar-michael-fossel","12":"first","13":"instock","14":"sale","15":"shipping-taxable","16":"purchasable","17":"product-type-simple"},"_links":{"self":[{"href":"https:\/\/roveyayinevi.com.tr\/index.php\/wp-json\/wp\/v2\/product\/743009","targetHints":{"allow":["GET"]}}],"collection":[{"href":"https:\/\/roveyayinevi.com.tr\/index.php\/wp-json\/wp\/v2\/product"}],"about":[{"href":"https:\/\/roveyayinevi.com.tr\/index.php\/wp-json\/wp\/v2\/types\/product"}],"wp:attachment":[{"href":"https:\/\/roveyayinevi.com.tr\/index.php\/wp-json\/wp\/v2\/media?parent=743009"}],"wp:term":[{"taxonomy":"product_brand","embeddable":true,"href":"https:\/\/roveyayinevi.com.tr\/index.php\/wp-json\/wp\/v2\/product_brand?post=743009"},{"taxonomy":"product_cat","embeddable":true,"href":"https:\/\/roveyayinevi.com.tr\/index.php\/wp-json\/wp\/v2\/product_cat?post=743009"},{"taxonomy":"product_tag","embeddable":true,"href":"https:\/\/roveyayinevi.com.tr\/index.php\/wp-json\/wp\/v2\/product_tag?post=743009"}],"curies":[{"name":"wp","href":"https:\/\/api.w.org\/{rel}","templated":true}]}}