{"id":743008,"date":"2025-08-28T01:25:21","date_gmt":"2025-08-27T22:25:21","guid":{"rendered":"https:\/\/roveyayinevi.com.tr\/index.php\/urun\/bitmeyen-yas-covid-19-pandemide-politik-psikoloji-yazilari\/"},"modified":"2026-04-16T02:54:00","modified_gmt":"2026-04-15T23:54:00","slug":"bitmeyen-yas-covid-19-pandemide-politik-psikoloji-yazilari","status":"publish","type":"product","link":"https:\/\/roveyayinevi.com.tr\/index.php\/urun\/bitmeyen-yas-covid-19-pandemide-politik-psikoloji-yazilari\/","title":{"rendered":"Bitmeyen Yas Covid-19 Pandemide Politik Psikoloji Yaz\u0131lar\u0131"},"content":{"rendered":"<p>Bu kitap, 2020 y\u0131l\u0131n\u0131n Mart ay\u0131nda hayat\u0131m\u0131za giren, s\u0131radan olan pek \u00e7ok \u015feyi alt\u00fcst edip normal kavram\u0131n\u0131 k\u00f6k\u00fcnden de\u011fi\u015ftiren ve sanc\u0131lar\u0131 h\u00e2l\u00e2 s\u00fcren COVID-19\u2019un politik psikoloji a\u00e7\u0131s\u0131ndan etkilerini inceliyor. Salg\u0131n\u0131n d\u00fcnyaya ilk yans\u0131malar\u0131n\u0131 irdeleyen ve olduk\u00e7a ilgi g\u00f6ren Pandeminin Psikopoliti\u011fi\u2019nin ard\u0131ndan \u00dcsk\u00fcdar \u00dcniversitesi Politik Psikoloji Merkezi taraf\u0131ndan yap\u0131lan bu ikinci \u00e7al\u0131\u015fma, Prof. Dr. Deniz \u00dclke Ar\u0131bo\u011fan ve Dr. \u00d6\u011fr. \u00dcyesi Meltem Narter edit\u00f6rl\u00fc\u011f\u00fcnde alanlar\u0131nda uzman akademisyenler taraf\u0131ndan haz\u0131rlanan 12 makaleden olu\u015fuyor. Pandemi d\u00f6neminde y\u00fckselen yeni kitlesel psikolojiyi, bunun etkisiyle \u015fekillenen siyasal ve sosyal davran\u0131\u015flar\u0131, kolektif travmalar\u0131, korkular\u0131, kayg\u0131lar\u0131 T\u00fcrkiye ve d\u00fcnya \u00f6l\u00e7e\u011finde ele alan elinizdeki kitap, g\u00f6\u00e7, m\u00fcltecilik, s\u0131n\u0131r duvarlar\u0131, ya\u015fl\u0131l\u0131k, yas gibi konular \u00fczerinde yo\u011funla\u015fm\u0131\u015f \u00e7al\u0131\u015fmalar i\u00e7eriyor. 1989\u2019da y\u0131k\u0131lan Berlin Duvar\u0131\u2019ndan beri k\u00fcreselle\u015fmeye do\u011fru giden d\u00fcnya pandemi etkisiyle tekrar i\u00e7e kapanmaya ba\u015flarken toplumlarda da \u201cdi\u011ferine\u201d kar\u015f\u0131 \u0131rk\u00e7\u0131l\u0131k, ayr\u0131mc\u0131l\u0131k ve nefret ba\u015f g\u00f6steriyor. Bir yandan salg\u0131n\u0131n getirdi\u011fi zorluklarla ba\u015f etmeye \u00e7al\u0131\u015fan insanl\u0131k bir yandan bu \u00e7a\u011fd\u0131\u015f\u0131 kavramlarla y\u00fcz y\u00fcze gelirken kriz i\u00e7inde kriz ya\u015fan\u0131yor. Bitmeyen Yas COVID-19 pandemi etkisiyle de\u011fi\u015fen duygu, d\u00fc\u015f\u00fcnce ve davran\u0131\u015flar\u0131m\u0131z\u0131 kitlesel d\u00fczlemde anlamak ve anlamland\u0131rmak i\u00e7in bir k\u0131lavuz niteli\u011fi ta\u015f\u0131yor. Makaleleriyle katk\u0131da bulunanlar: Deniz \u00dclke Ar\u0131bo\u011fan, \u015eevin Karsl\u0131, Esra I\u015f\u0131k, Elif Kaleli, Bet\u00fcl \u00c7elebi Da\u011f, Zeynep G\u00fcm\u00fc\u015f Demir, Safura Ko\u00e7o\u011flu Eyiler, Berrin G\u00f6nc\u00fc, Merve Suma Berbero\u011flu, Didem Ilgaz, Tu\u011fba Ayd\u0131n \u00d6zt\u00fcrk, Dilek \u00d6zkan, Meltem Narter.<\/p>\n","protected":false},"excerpt":{"rendered":"<p>Bu kitap, 2020 y\u0131l\u0131n\u0131n Mart ay\u0131nda hayat\u0131m\u0131za giren, s\u0131radan olan pek \u00e7ok \u015feyi alt\u00fcst edip normal kavram\u0131n\u0131 k\u00f6k\u00fcnden de\u011fi\u015ftiren ve sanc\u0131lar\u0131 h\u00e2l\u00e2 s\u00fcren COVID-19\u2019un politik psikoloji<span class=\"excerpt-hellip\"> [\u2026]<\/span><\/p>\n","protected":false},"featured_media":0,"template":"","meta":{"_monsterinsights_skip_tracking":false,"_monsterinsights_sitenote_active":false,"_monsterinsights_sitenote_note":"","_monsterinsights_sitenote_category":0},"product_brand":[],"product_cat":[13072,12291],"product_tag":[],"class_list":{"0":"post-743008","1":"product","2":"type-product","3":"status-publish","5":"product_cat-arastirma-inceleme-referans","6":"product_cat-edebiyat","7":"pa_cilt-ciltsiz","8":"pa_tur-kitap","9":"pa_yayinevi-inkilap-kitabevi","10":"pa_yazar-deniz-ulke-aribogan-meltem-narter","12":"first","13":"instock","14":"sale","15":"shipping-taxable","16":"purchasable","17":"product-type-simple"},"_links":{"self":[{"href":"https:\/\/roveyayinevi.com.tr\/index.php\/wp-json\/wp\/v2\/product\/743008","targetHints":{"allow":["GET"]}}],"collection":[{"href":"https:\/\/roveyayinevi.com.tr\/index.php\/wp-json\/wp\/v2\/product"}],"about":[{"href":"https:\/\/roveyayinevi.com.tr\/index.php\/wp-json\/wp\/v2\/types\/product"}],"wp:attachment":[{"href":"https:\/\/roveyayinevi.com.tr\/index.php\/wp-json\/wp\/v2\/media?parent=743008"}],"wp:term":[{"taxonomy":"product_brand","embeddable":true,"href":"https:\/\/roveyayinevi.com.tr\/index.php\/wp-json\/wp\/v2\/product_brand?post=743008"},{"taxonomy":"product_cat","embeddable":true,"href":"https:\/\/roveyayinevi.com.tr\/index.php\/wp-json\/wp\/v2\/product_cat?post=743008"},{"taxonomy":"product_tag","embeddable":true,"href":"https:\/\/roveyayinevi.com.tr\/index.php\/wp-json\/wp\/v2\/product_tag?post=743008"}],"curies":[{"name":"wp","href":"https:\/\/api.w.org\/{rel}","templated":true}]}}