{"id":743007,"date":"2025-08-28T01:25:19","date_gmt":"2025-08-27T22:25:19","guid":{"rendered":"https:\/\/roveyayinevi.com.tr\/index.php\/urun\/uc-mevsim-tek-yaz\/"},"modified":"2026-04-16T02:54:00","modified_gmt":"2026-04-15T23:54:00","slug":"uc-mevsim-tek-yaz","status":"publish","type":"product","link":"https:\/\/roveyayinevi.com.tr\/index.php\/urun\/uc-mevsim-tek-yaz\/","title":{"rendered":"\u00dc\u00e7 Mevsim Tek Yaz"},"content":{"rendered":"<p>\u0130\u00e7tenlik ve ustal\u0131\u011f\u0131n birlikteli\u011fi\u2026 Fide K\u00f6ksal\u2019\u0131n \u015fiirlerinde benim g\u00f6rd\u00fc\u011f\u00fcm, be\u011fendi\u011fim ve \u00f6nemsedi\u011fim bu oldu. Birbirinden g\u00fczel ve \u00f6zg\u00fcn dizelerin yer ald\u0131\u011f\u0131 bu \u015fiirler toplam\u0131nda ola\u011fan\u00fcst\u00fc g\u00fczellikteki \u015fu iki dize ise K\u00f6ksal\u2019\u0131n ince, zarif \u015fairli\u011finin sanki bir \u00f6zeti gibi: \u201cTenimin bitki \u00f6rt\u00fcs\u00fcn\u00fc kald\u0131r\u0131p \u00c7i\u00e7eklerime sokulman ne g\u00fczel\u201d Ataol Behramo\u011flu \u2026G\u00f6kte s\u00fcz\u00fclme h\u0131z\u0131nda Elinde onlarca iple y\u00fcr\u00fcyen Bulut\u00e7u ar\u0131yor g\u00f6zlerim Bulunca sana ya\u011fmur getirece\u011fim Yan\u0131klar\u0131n var kalbinde Sa\u011fanaklar\u0131n iyi gelece\u011fi \u00dc\u00e7 mevsimin tek yaz\u0131nda Bir \u015fey var insan\u0131 g\u00fcld\u00fcren Bir evin bir k\u0131z\u0131 gibi Sana o g\u00fcl\u00fc\u015fleri de verece\u011fim Yeni yollara d\u00fc\u015f\u00fcl\u00fcp S\u0131\u011f\u0131naklar\u0131n terk edildi\u011fi\u2026 Fide K\u00f6ksal\u2019\u0131n ilk \u015fiir kitab\u0131 \u00dc\u00e7 Mevsim Tek Yaz Usta \u015eair Ataol Behramo\u011flu\u2019nun \u00f6ns\u00f6z\u00fc ve Resmin \u015eairi Devrim Erbil\u2019in kapak resmiyle okurlar\u0131 \u015fiirsel bir yolculu\u011fa \u00e7\u0131kar\u0131yor. <\/p>\n","protected":false},"excerpt":{"rendered":"<p>\u0130\u00e7tenlik ve ustal\u0131\u011f\u0131n birlikteli\u011fi\u2026 Fide K\u00f6ksal\u2019\u0131n \u015fiirlerinde benim g\u00f6rd\u00fc\u011f\u00fcm, be\u011fendi\u011fim ve \u00f6nemsedi\u011fim bu oldu. Birbirinden g\u00fczel ve \u00f6zg\u00fcn dizelerin yer ald\u0131\u011f\u0131 bu \u015fiirler toplam\u0131nda ola\u011fan\u00fcst\u00fc g\u00fczellikteki<span class=\"excerpt-hellip\"> [\u2026]<\/span><\/p>\n","protected":false},"featured_media":0,"template":"","meta":{"_monsterinsights_skip_tracking":false,"_monsterinsights_sitenote_active":false,"_monsterinsights_sitenote_note":"","_monsterinsights_sitenote_category":0},"product_brand":[],"product_cat":[12291,12509],"product_tag":[],"class_list":{"0":"post-743007","1":"product","2":"type-product","3":"status-publish","5":"product_cat-edebiyat","6":"product_cat-siir","7":"pa_cilt-ciltsiz","8":"pa_tur-kitap","9":"pa_yayinevi-inkilap-kitabevi","10":"pa_yazar-fide-koksal","12":"first","13":"instock","14":"sale","15":"shipping-taxable","16":"purchasable","17":"product-type-simple"},"_links":{"self":[{"href":"https:\/\/roveyayinevi.com.tr\/index.php\/wp-json\/wp\/v2\/product\/743007","targetHints":{"allow":["GET"]}}],"collection":[{"href":"https:\/\/roveyayinevi.com.tr\/index.php\/wp-json\/wp\/v2\/product"}],"about":[{"href":"https:\/\/roveyayinevi.com.tr\/index.php\/wp-json\/wp\/v2\/types\/product"}],"wp:attachment":[{"href":"https:\/\/roveyayinevi.com.tr\/index.php\/wp-json\/wp\/v2\/media?parent=743007"}],"wp:term":[{"taxonomy":"product_brand","embeddable":true,"href":"https:\/\/roveyayinevi.com.tr\/index.php\/wp-json\/wp\/v2\/product_brand?post=743007"},{"taxonomy":"product_cat","embeddable":true,"href":"https:\/\/roveyayinevi.com.tr\/index.php\/wp-json\/wp\/v2\/product_cat?post=743007"},{"taxonomy":"product_tag","embeddable":true,"href":"https:\/\/roveyayinevi.com.tr\/index.php\/wp-json\/wp\/v2\/product_tag?post=743007"}],"curies":[{"name":"wp","href":"https:\/\/api.w.org\/{rel}","templated":true}]}}