{"id":743006,"date":"2025-08-28T01:25:18","date_gmt":"2025-08-27T22:25:18","guid":{"rendered":"https:\/\/roveyayinevi.com.tr\/index.php\/urun\/osmanli-tarihi\/"},"modified":"2026-04-16T02:54:00","modified_gmt":"2026-04-15T23:54:00","slug":"osmanli-tarihi","status":"publish","type":"product","link":"https:\/\/roveyayinevi.com.tr\/index.php\/urun\/osmanli-tarihi\/","title":{"rendered":"Osmanl\u0131 Tarihi"},"content":{"rendered":"<p>Bir ak\u0131nc\u0131 ve fatihler toplulu\u011fu olarak kurulu\u015fundan 15. ve 16. y\u00fczy\u0131llardaki yads\u0131namaz g\u00fcc\u00fcne ve daha sonras\u0131ndaki iki y\u00fczy\u0131l boyunca kazan\u0131lan topraklar\u0131n kayb\u0131na kadar Osmanl\u0131 \u0130mparatorlu\u011fu\u2019nun dramatik hik\u00e2yesini anlatan Stanley Lane-Poole, Osmanl\u0131 kimli\u011finin do\u011fas\u0131, Bat\u0131 ile y\u00fczle\u015fmesi ve i\u015fbirli\u011fi hik\u00e2yelerinin yan\u0131 s\u0131ra Osmanl\u0131 edebiyat\u0131 ve y\u00f6netimi gibi alanlarda da okuyuculara doyurucu bilgiler sunuyor. \u201cBir milleti yeniden yi\u011fitlik ve do\u011fruluk yoluna sokabilecek kahraman gelene kadar T\u00fcrkiye\u2019nin yenilenmesini hayal etmek bo\u015f bir spek\u00fclasyondan ba\u015fka \u015fey de\u011fildir.\u201d <\/p>\n","protected":false},"excerpt":{"rendered":"<p>Bir ak\u0131nc\u0131 ve fatihler toplulu\u011fu olarak kurulu\u015fundan 15. ve 16. y\u00fczy\u0131llardaki yads\u0131namaz g\u00fcc\u00fcne ve daha sonras\u0131ndaki iki y\u00fczy\u0131l boyunca kazan\u0131lan topraklar\u0131n kayb\u0131na kadar Osmanl\u0131 \u0130mparatorlu\u011fu\u2019nun dramatik<span class=\"excerpt-hellip\"> [\u2026]<\/span><\/p>\n","protected":false},"featured_media":0,"template":"","meta":{"_monsterinsights_skip_tracking":false,"_monsterinsights_sitenote_active":false,"_monsterinsights_sitenote_note":"","_monsterinsights_sitenote_category":0},"product_brand":[],"product_cat":[13517,12304],"product_tag":[],"class_list":{"0":"post-743006","1":"product","2":"type-product","3":"status-publish","5":"product_cat-osmanli-tarihi","6":"product_cat-tarih","7":"pa_cilt-ciltsiz","8":"pa_tur-kitap","9":"pa_yayinevi-say-yayinlari","10":"pa_yazar-stanley-lane-poole","12":"first","13":"instock","14":"sale","15":"shipping-taxable","16":"purchasable","17":"product-type-simple"},"_links":{"self":[{"href":"https:\/\/roveyayinevi.com.tr\/index.php\/wp-json\/wp\/v2\/product\/743006","targetHints":{"allow":["GET"]}}],"collection":[{"href":"https:\/\/roveyayinevi.com.tr\/index.php\/wp-json\/wp\/v2\/product"}],"about":[{"href":"https:\/\/roveyayinevi.com.tr\/index.php\/wp-json\/wp\/v2\/types\/product"}],"wp:attachment":[{"href":"https:\/\/roveyayinevi.com.tr\/index.php\/wp-json\/wp\/v2\/media?parent=743006"}],"wp:term":[{"taxonomy":"product_brand","embeddable":true,"href":"https:\/\/roveyayinevi.com.tr\/index.php\/wp-json\/wp\/v2\/product_brand?post=743006"},{"taxonomy":"product_cat","embeddable":true,"href":"https:\/\/roveyayinevi.com.tr\/index.php\/wp-json\/wp\/v2\/product_cat?post=743006"},{"taxonomy":"product_tag","embeddable":true,"href":"https:\/\/roveyayinevi.com.tr\/index.php\/wp-json\/wp\/v2\/product_tag?post=743006"}],"curies":[{"name":"wp","href":"https:\/\/api.w.org\/{rel}","templated":true}]}}