{"id":743005,"date":"2025-08-28T01:25:17","date_gmt":"2025-08-27T22:25:17","guid":{"rendered":"https:\/\/roveyayinevi.com.tr\/index.php\/urun\/o-dedigin-masallarda-olur-canim\/"},"modified":"2026-04-16T02:53:59","modified_gmt":"2026-04-15T23:53:59","slug":"o-dedigin-masallarda-olur-canim","status":"publish","type":"product","link":"https:\/\/roveyayinevi.com.tr\/index.php\/urun\/o-dedigin-masallarda-olur-canim\/","title":{"rendered":"O Dedi\u011fin Masallarda Olur Can\u0131m"},"content":{"rendered":"<p>\u201cH\u0130\u00c7B\u0130R KALP ZORLA ELDE ED\u0130LMEZ.\u201d -MOLI\u00c8RE   \u0130nsanl\u0131k neredeyse varolu\u015fundan beridir kendine benzer sorular\u0131 soruyor: \u0130lk ad\u0131m\u0131 kim atmal\u0131? Neyi \u00e7ekici buluyoruz? Nas\u0131l fl\u00f6rt edilir? Sonsuz a\u015fk m\u00fcmk\u00fcn m\u00fc? Nereden sevgili bulurum? Ka\u00e7an neden kovalan\u0131r? G\u00fcn\u00fcm\u00fcz\u00fcn sorular\u0131 daha \u00e7ok \u015f\u00f6yle: DM\u2019den nas\u0131l y\u00fcr\u00fcn\u00fcr? \u0130lk mesaj ne olmal\u0131? Para ne kadar \u00f6nemli? \u201cG\u00f6r\u00fcld\u00fc\u201d yememek i\u00e7in ne yapmal\u0131? \u0130lk bulu\u015fmada ne yapmal\u0131? Konu\u015facak konu nas\u0131l bulurum? \u0130\u015fin garibi bilimsel metotlarda arad\u0131\u011f\u0131m\u0131z yan\u0131tlar mitolojinin zaten i\u00e7inde&#8230; Sorular de\u011fi\u015fse de binlerce y\u0131ld\u0131r herkes ili\u015fkide ba\u015far\u0131 pe\u015finde&#8230; Taktikler, eski sevgililer, friendzone, manip\u00fclasyon ve daha neler neler&#8230; Bu kitapta arad\u0131\u011f\u0131n t\u00fcm cevaplar\u0131 ve mitolojik yans\u0131malar\u0131n\u0131 bulacaks\u0131n. Keyifli okumalar.   \u201cBu kadar okudum, bu kadar \u00f6yk\u00fc ya da destan duydum, a\u015fk\u0131n yolu asla d\u00fcz gitmiyor.\u201d -Shakespeare <\/p>\n","protected":false},"excerpt":{"rendered":"<p>\u201cH\u0130\u00c7B\u0130R KALP ZORLA ELDE ED\u0130LMEZ.\u201d -MOLI\u00c8RE \u0130nsanl\u0131k neredeyse varolu\u015fundan beridir kendine benzer sorular\u0131 soruyor: \u0130lk ad\u0131m\u0131 kim atmal\u0131? Neyi \u00e7ekici buluyoruz? Nas\u0131l fl\u00f6rt edilir? Sonsuz a\u015fk<span class=\"excerpt-hellip\"> [\u2026]<\/span><\/p>\n","protected":false},"featured_media":0,"template":"","meta":{"_monsterinsights_skip_tracking":false,"_monsterinsights_sitenote_active":false,"_monsterinsights_sitenote_note":"","_monsterinsights_sitenote_category":0},"product_brand":[],"product_cat":[12365,12364],"product_tag":[],"class_list":{"0":"post-743005","1":"product","2":"type-product","3":"status-publish","5":"product_cat-diger-genel-konular","6":"product_cat-genel-konular","7":"pa_cilt-ciltsiz","8":"pa_tur-kitap","9":"pa_yayinevi-destek-yayinlari","10":"pa_yazar-ozgur-uysal","12":"first","13":"instock","14":"sale","15":"shipping-taxable","16":"purchasable","17":"product-type-simple"},"_links":{"self":[{"href":"https:\/\/roveyayinevi.com.tr\/index.php\/wp-json\/wp\/v2\/product\/743005","targetHints":{"allow":["GET"]}}],"collection":[{"href":"https:\/\/roveyayinevi.com.tr\/index.php\/wp-json\/wp\/v2\/product"}],"about":[{"href":"https:\/\/roveyayinevi.com.tr\/index.php\/wp-json\/wp\/v2\/types\/product"}],"wp:attachment":[{"href":"https:\/\/roveyayinevi.com.tr\/index.php\/wp-json\/wp\/v2\/media?parent=743005"}],"wp:term":[{"taxonomy":"product_brand","embeddable":true,"href":"https:\/\/roveyayinevi.com.tr\/index.php\/wp-json\/wp\/v2\/product_brand?post=743005"},{"taxonomy":"product_cat","embeddable":true,"href":"https:\/\/roveyayinevi.com.tr\/index.php\/wp-json\/wp\/v2\/product_cat?post=743005"},{"taxonomy":"product_tag","embeddable":true,"href":"https:\/\/roveyayinevi.com.tr\/index.php\/wp-json\/wp\/v2\/product_tag?post=743005"}],"curies":[{"name":"wp","href":"https:\/\/api.w.org\/{rel}","templated":true}]}}