{"id":743004,"date":"2025-08-28T01:25:16","date_gmt":"2025-08-27T22:25:16","guid":{"rendered":"https:\/\/roveyayinevi.com.tr\/index.php\/urun\/aptallarin-bilgeligi\/"},"modified":"2026-04-16T02:53:59","modified_gmt":"2026-04-15T23:53:59","slug":"aptallarin-bilgeligi","status":"publish","type":"product","link":"https:\/\/roveyayinevi.com.tr\/index.php\/urun\/aptallarin-bilgeligi\/","title":{"rendered":"Aptallar\u0131n Bilgeli\u011fi"},"content":{"rendered":"<p>\u201cANCAK KEND\u0130N\u0130 BULDU\u011eUNDA B\u0130LG\u0130YE SAH\u0130P OLAB\u0130L\u0130RS\u0130N. O ZAMANA KADAR SADECE F\u0130K\u0130RLER\u0130N OLAB\u0130L\u0130R.\u201d   Dar bak\u0131\u015fl\u0131 ki\u015filerin bilgelik zannetti\u011fi \u015feyleri sufiler genellikle ahmak\u00e7a bulurlar, zaman zaman da tezat olarak kendilerini \u201captallar\u201d olarak adland\u0131r\u0131rlar. \u0130dris \u015eah\u2019\u0131n APTALLARIN B\u0130LGEL\u0130\u011e\u0130\u2019nde s\u00f6z\u00fcn\u00fc etti\u011fi \u201captallar\u201d sufilerdir, \u00e7\u00fcnk\u00fc onlar\u0131n bilgelikleri derinlere n\u00fcfuz eder, bu da sufileri bilgiyi yaln\u0131zca kitaplardan \u00f6\u011frenenler i\u00e7in eri\u015filmez k\u0131lar. Hakikatin bilgeli\u011fine dair hik\u00e2yelerle dolu olan APTALLARIN B\u0130LGEL\u0130\u011e\u0130, i\u00e7g\u00f6r\u00fc kazanma ve ayd\u0131nlanma yoluna d\u00fc\u015fenler i\u00e7in bir anahtar niteli\u011fi ta\u015f\u0131yor. UNESCO Y\u0131l\u0131n En \u0130yi Kitab\u0131 \u00d6d\u00fcl\u00fc olmak \u00fczere iki alt\u0131n madalya ve daha pek \u00e7ok \u00f6d\u00fcle lay\u0131k g\u00f6r\u00fclen bu kitap, tasavvuf \u00f6\u011fretisinde kullan\u0131lan, deneyimsel felsefe ve eylem e\u011fitimini g\u00f6steren, \u00f6zenle se\u00e7ilmi\u015f \u00f6rnekleyici hik\u00e2yeler, anlat\u0131lar ve anekdotlar koleksiyonudur. Daha \u00f6nce hi\u00e7bir yerde yay\u0131mlanmam\u0131\u015f bu e\u015fsiz hazine d\u00fc\u015f\u00fcncelerini s\u0131f\u0131rlamak isteyen herkes i\u00e7in yeni bir anlay\u0131\u015f d\u00fcnyas\u0131n\u0131n kap\u0131lar\u0131n\u0131 aral\u0131yor. <\/p>\n","protected":false},"excerpt":{"rendered":"<p>\u201cANCAK KEND\u0130N\u0130 BULDU\u011eUNDA B\u0130LG\u0130YE SAH\u0130P OLAB\u0130L\u0130RS\u0130N. O ZAMANA KADAR SADECE F\u0130K\u0130RLER\u0130N OLAB\u0130L\u0130R.\u201d Dar bak\u0131\u015fl\u0131 ki\u015filerin bilgelik zannetti\u011fi \u015feyleri sufiler genellikle ahmak\u00e7a bulurlar, zaman zaman da tezat<span class=\"excerpt-hellip\"> [\u2026]<\/span><\/p>\n","protected":false},"featured_media":0,"template":"","meta":{"_monsterinsights_skip_tracking":false,"_monsterinsights_sitenote_active":false,"_monsterinsights_sitenote_note":"","_monsterinsights_sitenote_category":0},"product_brand":[],"product_cat":[18545,12291],"product_tag":[],"class_list":{"0":"post-743004","1":"product","2":"type-product","3":"status-publish","5":"product_cat-anlati","6":"product_cat-edebiyat","7":"pa_cilt-ciltsiz","8":"pa_tur-kitap","9":"pa_yayinevi-beyaz-baykus-yayinlari","10":"pa_yazar-idris-sah","12":"first","13":"instock","14":"sale","15":"shipping-taxable","16":"purchasable","17":"product-type-simple"},"_links":{"self":[{"href":"https:\/\/roveyayinevi.com.tr\/index.php\/wp-json\/wp\/v2\/product\/743004","targetHints":{"allow":["GET"]}}],"collection":[{"href":"https:\/\/roveyayinevi.com.tr\/index.php\/wp-json\/wp\/v2\/product"}],"about":[{"href":"https:\/\/roveyayinevi.com.tr\/index.php\/wp-json\/wp\/v2\/types\/product"}],"wp:attachment":[{"href":"https:\/\/roveyayinevi.com.tr\/index.php\/wp-json\/wp\/v2\/media?parent=743004"}],"wp:term":[{"taxonomy":"product_brand","embeddable":true,"href":"https:\/\/roveyayinevi.com.tr\/index.php\/wp-json\/wp\/v2\/product_brand?post=743004"},{"taxonomy":"product_cat","embeddable":true,"href":"https:\/\/roveyayinevi.com.tr\/index.php\/wp-json\/wp\/v2\/product_cat?post=743004"},{"taxonomy":"product_tag","embeddable":true,"href":"https:\/\/roveyayinevi.com.tr\/index.php\/wp-json\/wp\/v2\/product_tag?post=743004"}],"curies":[{"name":"wp","href":"https:\/\/api.w.org\/{rel}","templated":true}]}}