{"id":743003,"date":"2025-08-28T01:25:14","date_gmt":"2025-08-27T22:25:14","guid":{"rendered":"https:\/\/roveyayinevi.com.tr\/index.php\/urun\/dogunun-dusunurleri\/"},"modified":"2026-04-16T02:53:59","modified_gmt":"2026-04-15T23:53:59","slug":"dogunun-dusunurleri","status":"publish","type":"product","link":"https:\/\/roveyayinevi.com.tr\/index.php\/urun\/dogunun-dusunurleri\/","title":{"rendered":"Do\u011fu\u2019nun D\u00fc\u015f\u00fcn\u00fcrleri"},"content":{"rendered":"<p>DO\u011eU\u2019NUN D\u00dc\u015e\u00dcN\u00dcRLER\u0130, dervi\u015flerin son derece pratik ve anla\u015f\u0131l\u0131r yakla\u015f\u0131mlar\u0131n\u0131 g\u00f6steren bir anekdotlar ve \u201ceylem meselleri\u201d koleksiyonudur. Tasavvufi gizem, do\u011frusal olmayan d\u00fc\u015f\u00fcnme bi\u00e7imleriyle problem \u00e7\u00f6zme, \u00f6\u011frenci se\u00e7me y\u00f6ntemleri, hatal\u0131 varsay\u0131mlar\u0131 temizleme, paradoksal davran\u0131\u015f, ger\u00e7ek e\u011fitmenleri taklit\u00e7ilerden ay\u0131rt etme, kendini g\u00f6zlemleme, \u201cg\u00f6r\u00fcn\u00fcrde de\u011fil, ger\u00e7ekte faydal\u0131\u201d olma ve daha pek \u00e7ok zihin a\u00e7\u0131c\u0131 konuya de\u011finen \u0130dris \u015eah, insan\u0131n ruhsal yap\u0131s\u0131n\u0131n plan\u0131n\u0131 sunuyor. \u00dc\u00e7 k\u0131tada y\u00fczden fazla bilgenin \u00f6\u011fretilerinden dam\u0131t\u0131lan DO\u011eU\u2019NUN D\u00dc\u015e\u00dcN\u00dcRLER\u0130, teorikten ziyade deneysel olan\u0131 vurguluyor. Deneyim, sufi \u00e7al\u0131\u015fmalar\u0131n\u0131n etkisini ve canl\u0131l\u0131\u011f\u0131n\u0131 sa\u011flayan bir \u00f6zelliktir, buna uygulamal\u0131 \u00f6zg\u00fcl deneyimcilik de denebilir. Y\u00fczeyselci bir tak\u0131nt\u0131yla de\u011fil, gelene\u011fin buyurdu\u011fu bir usule g\u00f6re d\u00fczenlenen bu kitap, tasavvuf \u00f6\u011fretilerine ait olan ve zaman\u0131n ihtiya\u00e7lar\u0131na g\u00f6re se\u00e7ilmi\u015f derin hik\u00e2yeler hazinesidir.   \u201c\u0130badet, Tanr\u0131 korkusu ve daha pek \u00e7ok terimin en a\u00e7\u0131k ifadelerini okuyacaks\u0131n\u0131z.\u201d Doris Lessing, New York Times Book Review, 7 May\u0131s 1971 <\/p>\n","protected":false},"excerpt":{"rendered":"<p>DO\u011eU\u2019NUN D\u00dc\u015e\u00dcN\u00dcRLER\u0130, dervi\u015flerin son derece pratik ve anla\u015f\u0131l\u0131r yakla\u015f\u0131mlar\u0131n\u0131 g\u00f6steren bir anekdotlar ve \u201ceylem meselleri\u201d koleksiyonudur. Tasavvufi gizem, do\u011frusal olmayan d\u00fc\u015f\u00fcnme bi\u00e7imleriyle problem \u00e7\u00f6zme, \u00f6\u011frenci se\u00e7me<span class=\"excerpt-hellip\"> [\u2026]<\/span><\/p>\n","protected":false},"featured_media":0,"template":"","meta":{"_monsterinsights_skip_tracking":false,"_monsterinsights_sitenote_active":false,"_monsterinsights_sitenote_note":"","_monsterinsights_sitenote_category":0},"product_brand":[],"product_cat":[18545,12291],"product_tag":[],"class_list":{"0":"post-743003","1":"product","2":"type-product","3":"status-publish","5":"product_cat-anlati","6":"product_cat-edebiyat","7":"pa_cilt-ciltsiz","8":"pa_tur-kitap","9":"pa_yayinevi-beyaz-baykus-yayinlari","10":"pa_yazar-idris-sah","12":"first","13":"instock","14":"sale","15":"shipping-taxable","16":"purchasable","17":"product-type-simple"},"_links":{"self":[{"href":"https:\/\/roveyayinevi.com.tr\/index.php\/wp-json\/wp\/v2\/product\/743003","targetHints":{"allow":["GET"]}}],"collection":[{"href":"https:\/\/roveyayinevi.com.tr\/index.php\/wp-json\/wp\/v2\/product"}],"about":[{"href":"https:\/\/roveyayinevi.com.tr\/index.php\/wp-json\/wp\/v2\/types\/product"}],"wp:attachment":[{"href":"https:\/\/roveyayinevi.com.tr\/index.php\/wp-json\/wp\/v2\/media?parent=743003"}],"wp:term":[{"taxonomy":"product_brand","embeddable":true,"href":"https:\/\/roveyayinevi.com.tr\/index.php\/wp-json\/wp\/v2\/product_brand?post=743003"},{"taxonomy":"product_cat","embeddable":true,"href":"https:\/\/roveyayinevi.com.tr\/index.php\/wp-json\/wp\/v2\/product_cat?post=743003"},{"taxonomy":"product_tag","embeddable":true,"href":"https:\/\/roveyayinevi.com.tr\/index.php\/wp-json\/wp\/v2\/product_tag?post=743003"}],"curies":[{"name":"wp","href":"https:\/\/api.w.org\/{rel}","templated":true}]}}