{"id":743002,"date":"2025-08-28T01:25:13","date_gmt":"2025-08-27T22:25:13","guid":{"rendered":"https:\/\/roveyayinevi.com.tr\/index.php\/urun\/dunyanin-merkezine-yolculuk-12\/"},"modified":"2026-04-16T02:53:59","modified_gmt":"2026-04-15T23:53:59","slug":"dunyanin-merkezine-yolculuk-12","status":"publish","type":"product","link":"https:\/\/roveyayinevi.com.tr\/index.php\/urun\/dunyanin-merkezine-yolculuk-12\/","title":{"rendered":"D\u00fcnya&#8217;n\u0131n Merkezine Yolculuk"},"content":{"rendered":"<p>Jeoloji profes\u00f6r\u00fc Lidenbrock, Arne Saknussemm ad\u0131nda bir k\u00e2\u015fifin d\u00fcnyan\u0131n merkezine giden bir yolu tarif etti\u011fi elyazmas\u0131na rastlar. Ye\u011feni Axel\u2019in elyazmas\u0131ndaki bilmeceyi de\u015fifre etmesiyle profes\u00f6r\u00fcn ve Axel\u2019in hayat\u0131 sonsuza dek de\u011fi\u015fir. Sessiz Hans&#8217;\u0131n rehberli\u011finde, yeralt\u0131 d\u00fcnyas\u0131ndaki tehlikeli, \u015fa\u015f\u0131rt\u0131c\u0131 ve \u00fcrk\u00fct\u00fcc\u00fc yolculuklar\u0131nda tarih\u00f6ncesi canavarlarla ve t\u00fcrl\u00fc tuhafl\u0131klarla kar\u015f\u0131la\u015f\u0131rlar. Bir Jules Verne klasi\u011fi olan D\u00fcnyan\u0131n Merkezine Yolculuk, harikalar diyar\u0131na yap\u0131lan hayal\u00ee bir yolculu\u011fun tasviriyle okurlar\u0131n\u0131 b\u00fcy\u00fclemeye devam ediyor.<\/p>\n","protected":false},"excerpt":{"rendered":"<p>Jeoloji profes\u00f6r\u00fc Lidenbrock, Arne Saknussemm ad\u0131nda bir k\u00e2\u015fifin d\u00fcnyan\u0131n merkezine giden bir yolu tarif etti\u011fi elyazmas\u0131na rastlar. Ye\u011feni Axel\u2019in elyazmas\u0131ndaki bilmeceyi de\u015fifre etmesiyle profes\u00f6r\u00fcn ve Axel\u2019in<span class=\"excerpt-hellip\"> [\u2026]<\/span><\/p>\n","protected":false},"featured_media":0,"template":"","meta":{"_monsterinsights_skip_tracking":false,"_monsterinsights_sitenote_active":false,"_monsterinsights_sitenote_note":"","_monsterinsights_sitenote_category":0},"product_brand":[],"product_cat":[12689,12274],"product_tag":[],"class_list":{"0":"post-743002","1":"product","2":"type-product","3":"status-publish","5":"product_cat-cizgi-roman-cocuk-ve-genclik-kitaplari","6":"product_cat-cocuk-ve-genclik-kitaplari","7":"pa_cilt-ciltsiz","8":"pa_tur-kitap","9":"pa_yayinevi-mundi","10":"pa_yazar-jules-verne","12":"first","13":"instock","14":"sale","15":"shipping-taxable","16":"purchasable","17":"product-type-simple"},"_links":{"self":[{"href":"https:\/\/roveyayinevi.com.tr\/index.php\/wp-json\/wp\/v2\/product\/743002","targetHints":{"allow":["GET"]}}],"collection":[{"href":"https:\/\/roveyayinevi.com.tr\/index.php\/wp-json\/wp\/v2\/product"}],"about":[{"href":"https:\/\/roveyayinevi.com.tr\/index.php\/wp-json\/wp\/v2\/types\/product"}],"wp:attachment":[{"href":"https:\/\/roveyayinevi.com.tr\/index.php\/wp-json\/wp\/v2\/media?parent=743002"}],"wp:term":[{"taxonomy":"product_brand","embeddable":true,"href":"https:\/\/roveyayinevi.com.tr\/index.php\/wp-json\/wp\/v2\/product_brand?post=743002"},{"taxonomy":"product_cat","embeddable":true,"href":"https:\/\/roveyayinevi.com.tr\/index.php\/wp-json\/wp\/v2\/product_cat?post=743002"},{"taxonomy":"product_tag","embeddable":true,"href":"https:\/\/roveyayinevi.com.tr\/index.php\/wp-json\/wp\/v2\/product_tag?post=743002"}],"curies":[{"name":"wp","href":"https:\/\/api.w.org\/{rel}","templated":true}]}}