{"id":743001,"date":"2025-08-28T01:25:12","date_gmt":"2025-08-27T22:25:12","guid":{"rendered":"https:\/\/roveyayinevi.com.tr\/index.php\/urun\/basari-dedigin-nedir-charlie-brown\/"},"modified":"2026-04-16T02:53:59","modified_gmt":"2026-04-15T23:53:59","slug":"basari-dedigin-nedir-charlie-brown","status":"publish","type":"product","link":"https:\/\/roveyayinevi.com.tr\/index.php\/urun\/basari-dedigin-nedir-charlie-brown\/","title":{"rendered":"Ba\u015far\u0131 Dedi\u011fin Nedir, Charlie Brown"},"content":{"rendered":"<p>&#8220;Wittgenstein&#8217;\u0131, Sartre&#8217;\u0131 bo\u015f verin; 20. y\u00fczy\u0131l\u0131n b\u00fcy\u00fck d\u00fc\u015f\u00fcn\u00fcr\u00fc Snoopy&#8217;dir.&#8221;                                                       Daily Mail     Aile ger\u00e7ekten s\u0131cak m\u0131d\u0131r? Okulda ba\u015far\u0131 \u015fart m\u0131d\u0131r? Sahi, nedir ba\u015far\u0131?   Charlie Brown, arkada\u015flar\u0131 ve Snoopy, en dikenli konular\u0131 k\u00fc\u00e7\u00fck ve komik (ve bazen huysuz) birer bilge gibi ele almaya devam ediyor.  A\u015fk, Arkada\u015fl\u0131k ve Hayat&#8217;la ba\u015flayan alt\u0131 kitapl\u0131k dizi, Aile, Okul ve Ba\u015far\u0131 ba\u015fl\u0131klar\u0131yla s\u00fcr\u00fcyor.<\/p>\n","protected":false},"excerpt":{"rendered":"<p>&#8220;Wittgenstein&#8217;\u0131, Sartre&#8217;\u0131 bo\u015f verin; 20. y\u00fczy\u0131l\u0131n b\u00fcy\u00fck d\u00fc\u015f\u00fcn\u00fcr\u00fc Snoopy&#8217;dir.&#8221; Daily Mail Aile ger\u00e7ekten s\u0131cak m\u0131d\u0131r? Okulda ba\u015far\u0131 \u015fart m\u0131d\u0131r? Sahi, nedir ba\u015far\u0131? Charlie Brown, arkada\u015flar\u0131 ve<span class=\"excerpt-hellip\"> [\u2026]<\/span><\/p>\n","protected":false},"featured_media":0,"template":"","meta":{"_monsterinsights_skip_tracking":false,"_monsterinsights_sitenote_active":false,"_monsterinsights_sitenote_note":"","_monsterinsights_sitenote_category":0},"product_brand":[],"product_cat":[12689,12274],"product_tag":[],"class_list":{"0":"post-743001","1":"product","2":"type-product","3":"status-publish","5":"product_cat-cizgi-roman-cocuk-ve-genclik-kitaplari","6":"product_cat-cocuk-ve-genclik-kitaplari","7":"pa_cilt-ciltsiz","8":"pa_tur-kitap","9":"pa_yayinevi-mundi","10":"pa_yazar-charles-m-schulz","12":"first","13":"instock","14":"sale","15":"shipping-taxable","16":"purchasable","17":"product-type-simple"},"_links":{"self":[{"href":"https:\/\/roveyayinevi.com.tr\/index.php\/wp-json\/wp\/v2\/product\/743001","targetHints":{"allow":["GET"]}}],"collection":[{"href":"https:\/\/roveyayinevi.com.tr\/index.php\/wp-json\/wp\/v2\/product"}],"about":[{"href":"https:\/\/roveyayinevi.com.tr\/index.php\/wp-json\/wp\/v2\/types\/product"}],"wp:attachment":[{"href":"https:\/\/roveyayinevi.com.tr\/index.php\/wp-json\/wp\/v2\/media?parent=743001"}],"wp:term":[{"taxonomy":"product_brand","embeddable":true,"href":"https:\/\/roveyayinevi.com.tr\/index.php\/wp-json\/wp\/v2\/product_brand?post=743001"},{"taxonomy":"product_cat","embeddable":true,"href":"https:\/\/roveyayinevi.com.tr\/index.php\/wp-json\/wp\/v2\/product_cat?post=743001"},{"taxonomy":"product_tag","embeddable":true,"href":"https:\/\/roveyayinevi.com.tr\/index.php\/wp-json\/wp\/v2\/product_tag?post=743001"}],"curies":[{"name":"wp","href":"https:\/\/api.w.org\/{rel}","templated":true}]}}