{"id":742998,"date":"2025-08-28T01:25:08","date_gmt":"2025-08-27T22:25:08","guid":{"rendered":"https:\/\/roveyayinevi.com.tr\/index.php\/urun\/dervis-hikayeleri\/"},"modified":"2026-04-16T02:53:59","modified_gmt":"2026-04-15T23:53:59","slug":"dervis-hikayeleri","status":"publish","type":"product","link":"https:\/\/roveyayinevi.com.tr\/index.php\/urun\/dervis-hikayeleri\/","title":{"rendered":"Dervi\u015f Hikayeleri"},"content":{"rendered":"<p>AR\u0130F OLAN ANLAR. OLMAYANLARSA KISSADAN KEND\u0130 PAYINA D\u00dc\u015eEN\u0130 ALIR.\u201d   Dervi\u015f hik\u00e2yeleri, masal, efsane veya folklordan \u00e7ok daha fazlas\u0131d\u0131r. As\u0131rlar boyunca dervi\u015f ustalar\u0131, idrak ve ilmi art\u0131rd\u0131\u011f\u0131, insan\u0131 ve d\u00fcnyay\u0131 daha iyi anlamay\u0131 sa\u011flad\u0131\u011f\u0131 s\u00f6ylenen bu \u00f6\u011freti hik\u00e2yeleri ile \u00f6\u011frencilerine nasihatler vermi\u015flerdir. \u0130dris \u015eah, bu ola\u011fan\u00fcst\u00fc hik\u00e2yelerin s\u00f6zl\u00fc versiyonlar\u0131n\u0131 toplamak ve kar\u015f\u0131la\u015ft\u0131rmak i\u00e7in \u00fc\u00e7 k\u0131tada uzun y\u0131llar seyahat etti. Bu antoloji, bin y\u0131l\u0131 a\u015fk\u0131n bir s\u00fcre zarf\u0131nda dervi\u015f ustalar\u0131n\u0131n repertuvarlar\u0131ndan, tasavvuf klasiklerinden, s\u00f6zl\u00fc gelenekten, yay\u0131mlanmam\u0131\u015f elyazmalar\u0131 ve pek \u00e7ok \u00fclkede bulunan medreselerden derlenmi\u015ftir.   \u201cZaman\u0131m\u0131za ve durumumuza \u00e7arp\u0131c\u0131 bi\u00e7imde uyan, \u015fa\u015f\u0131rt\u0131c\u0131 derecede c\u00f6mert ve \u00f6zg\u00fcrle\u015ftirici bir kitap&#8230;\u201d Sunday Times <\/p>\n","protected":false},"excerpt":{"rendered":"<p>AR\u0130F OLAN ANLAR. OLMAYANLARSA KISSADAN KEND\u0130 PAYINA D\u00dc\u015eEN\u0130 ALIR.\u201d Dervi\u015f hik\u00e2yeleri, masal, efsane veya folklordan \u00e7ok daha fazlas\u0131d\u0131r. As\u0131rlar boyunca dervi\u015f ustalar\u0131, idrak ve ilmi art\u0131rd\u0131\u011f\u0131,<span class=\"excerpt-hellip\"> [\u2026]<\/span><\/p>\n","protected":false},"featured_media":0,"template":"","meta":{"_monsterinsights_skip_tracking":false,"_monsterinsights_sitenote_active":false,"_monsterinsights_sitenote_note":"","_monsterinsights_sitenote_category":0},"product_brand":[],"product_cat":[12291,18202],"product_tag":[],"class_list":{"0":"post-742998","1":"product","2":"type-product","3":"status-publish","5":"product_cat-edebiyat","6":"product_cat-hikaye","7":"pa_cilt-ciltsiz","8":"pa_tur-kitap","9":"pa_yayinevi-beyaz-baykus-yayinlari","10":"pa_yazar-idris-sah","12":"first","13":"instock","14":"sale","15":"shipping-taxable","16":"purchasable","17":"product-type-simple"},"_links":{"self":[{"href":"https:\/\/roveyayinevi.com.tr\/index.php\/wp-json\/wp\/v2\/product\/742998","targetHints":{"allow":["GET"]}}],"collection":[{"href":"https:\/\/roveyayinevi.com.tr\/index.php\/wp-json\/wp\/v2\/product"}],"about":[{"href":"https:\/\/roveyayinevi.com.tr\/index.php\/wp-json\/wp\/v2\/types\/product"}],"wp:attachment":[{"href":"https:\/\/roveyayinevi.com.tr\/index.php\/wp-json\/wp\/v2\/media?parent=742998"}],"wp:term":[{"taxonomy":"product_brand","embeddable":true,"href":"https:\/\/roveyayinevi.com.tr\/index.php\/wp-json\/wp\/v2\/product_brand?post=742998"},{"taxonomy":"product_cat","embeddable":true,"href":"https:\/\/roveyayinevi.com.tr\/index.php\/wp-json\/wp\/v2\/product_cat?post=742998"},{"taxonomy":"product_tag","embeddable":true,"href":"https:\/\/roveyayinevi.com.tr\/index.php\/wp-json\/wp\/v2\/product_tag?post=742998"}],"curies":[{"name":"wp","href":"https:\/\/api.w.org\/{rel}","templated":true}]}}