{"id":742997,"date":"2025-08-28T01:25:07","date_gmt":"2025-08-27T22:25:07","guid":{"rendered":"https:\/\/roveyayinevi.com.tr\/index.php\/urun\/ailede-ergenlerde-cocuklarda-internet-bagimliligi-sosyal-medya-aliskanligi-ve-guvenli-internet\/"},"modified":"2026-04-16T02:53:59","modified_gmt":"2026-04-15T23:53:59","slug":"ailede-ergenlerde-cocuklarda-internet-bagimliligi-sosyal-medya-aliskanligi-ve-guvenli-internet","status":"publish","type":"product","link":"https:\/\/roveyayinevi.com.tr\/index.php\/urun\/ailede-ergenlerde-cocuklarda-internet-bagimliligi-sosyal-medya-aliskanligi-ve-guvenli-internet\/","title":{"rendered":"Ailede Ergenlerde \u00c7ocuklarda \u0130NTERNET BA\u011eIMLILI\u011eI Sosyal Medya Al\u0131\u015fkanl\u0131\u011f\u0131 ve G\u00fcvenli \u0130nternet"},"content":{"rendered":"<p>Aylard\u0131r bizi evlerimize kapatan Koronavir\u00fcs, soka\u011fa \u00e7\u0131kamayan, arkada\u015flar\u0131yla bulu\u015fup oyun oynayamayan, bu y\u00fczden can\u0131 s\u0131k\u0131lan \u00e7ocuklar\u0131m\u0131z\u0131 ekrana iyiden iyiye ba\u011flam\u0131\u015f durumda. Vaktiyle anne babalar\u0131m\u0131z bizi sokaktan toplamakta zorlan\u0131rken, \u015fimdilerde biz \u00e7ocuklar\u0131m\u0131z\u0131 ekran ba\u015f\u0131ndan almakta zorlan\u0131yoruz. Uzaktan e\u011fitim sebebiyle \u00e7o\u011fumuzun evlerinde birden fazla bilgisayar var. Evlerimize kapand\u0131\u011f\u0131m\u0131z g\u00fcnlerde birlikte zevkli etkinlikler yapma ve kitap okuma al\u0131\u015fkanl\u0131\u011f\u0131m\u0131z olmad\u0131\u011f\u0131 i\u00e7in herkes \u00f6n\u00fcndeki ekrana ve elindeki ak\u0131ll\u0131 cep telefonuna bak\u0131yor; kimsenin di\u011ferinin y\u00fcz\u00fcne bakacak ve muhabbet edecek zaman\u0131 yok. \u0130nternet ba\u011f\u0131ml\u0131l\u0131\u011f\u0131n\u0131n bir benzeri olan ak\u0131ll\u0131 telefona a\u015f\u0131r\u0131 d\u00fc\u015fk\u00fcnl\u00fck, telefonsuz yapamama (Nomofobi) da sosyal a\u011f tuzaklar\u0131 aras\u0131na girmi\u015f durumda.   \u00c7ocuklar\u0131m\u0131z\u0131n zaman\u0131n\u0131 alan yabanc\u0131 bilgisayar oyunlar\u0131 ve \u00e7izgi filmler san\u0131ld\u0131\u011f\u0131 gibi masum ve oyundan ibaret de\u011fil. \u015eiddete \u00f6zendiren, bilin\u00e7alt\u0131 mesajlar i\u00e7eren, \u0130slamofobi a\u015f\u0131layan, pagan inanc\u0131n\u0131 temsil eden semboller i\u00e7eren, siber zorbal\u0131\u011fa ve tehdite maruz b\u0131rakan oyunlar\u0131n say\u0131s\u0131 olduk\u00e7a fazlad\u0131r. Haberlerde s\u0131k g\u00fcndeme gelen Mavi Balina, yetmezmi\u015f gibi son zamanlarda ortaya \u00e7\u0131kan Momo ve Mavi Bebek isimli oyunlar, \u00e7ocuklar\u0131 intihara kadar s\u00fcr\u00fckleyen ciddi tehlikeler olu\u015fturuyor. Bu \u00e7al\u0131\u015fmam\u0131zda \u00e7ocuklar\u0131m\u0131z i\u00e7in zararl\u0131 olan b\u00fct\u00fcn oyunlar\u0131 isimleri ve i\u00e7erikleriyle birlikte ele ald\u0131k. Anne babalara, \u00e7ocuklar\u0131n\u0131 bilgilendirmeleri ve korumalar\u0131 i\u00e7in medya okuryazarl\u0131\u011f\u0131na yer verdik. Yasaklama, elbette \u00e7are ve \u00e7\u00f6z\u00fcm de\u011fildir. \u00c7\u00f6z\u00fcm g\u00fcvenli internet kullanmak, \u00e7ocuklar\u0131m\u0131z\u0131 zararl\u0131 oyunlara kar\u015f\u0131 uyarmak, onlar\u0131 inanc\u0131m\u0131z\u0131 ve k\u00fclt\u00fcr\u00fcm\u00fcz\u00fc yans\u0131tan yerli yap\u0131m\u0131 faydal\u0131 ve e\u011fitici oyunlara ve \u00e7izgi filmlere y\u00f6nlendirmektir. Daha da \u00f6nemlisi interneti ve sosyal medyay\u0131 do\u011fru ve kontroll\u00fc kullanarak \u00e7ocuklar\u0131m\u0131za bu konuda \u00f6rnek olmakt\u0131r. <\/p>\n","protected":false},"excerpt":{"rendered":"<p>Aylard\u0131r bizi evlerimize kapatan Koronavir\u00fcs, soka\u011fa \u00e7\u0131kamayan, arkada\u015flar\u0131yla bulu\u015fup oyun oynayamayan, bu y\u00fczden can\u0131 s\u0131k\u0131lan \u00e7ocuklar\u0131m\u0131z\u0131 ekrana iyiden iyiye ba\u011flam\u0131\u015f durumda. Vaktiyle anne babalar\u0131m\u0131z bizi sokaktan<span class=\"excerpt-hellip\"> [\u2026]<\/span><\/p>\n","protected":false},"featured_media":0,"template":"","meta":{"_monsterinsights_skip_tracking":false,"_monsterinsights_sitenote_active":false,"_monsterinsights_sitenote_note":"","_monsterinsights_sitenote_category":0},"product_brand":[],"product_cat":[12567,12566],"product_tag":[],"class_list":{"0":"post-742997","1":"product","2":"type-product","3":"status-publish","5":"product_cat-diger-egitim","6":"product_cat-egitim","7":"pa_cilt-ciltsiz","8":"pa_tur-kitap","9":"pa_yayinevi-ugurbocegi-yayinlari","10":"pa_yazar-ali-cankirili-celebi-caglayan","12":"first","13":"instock","14":"sale","15":"shipping-taxable","16":"purchasable","17":"product-type-simple"},"_links":{"self":[{"href":"https:\/\/roveyayinevi.com.tr\/index.php\/wp-json\/wp\/v2\/product\/742997","targetHints":{"allow":["GET"]}}],"collection":[{"href":"https:\/\/roveyayinevi.com.tr\/index.php\/wp-json\/wp\/v2\/product"}],"about":[{"href":"https:\/\/roveyayinevi.com.tr\/index.php\/wp-json\/wp\/v2\/types\/product"}],"wp:attachment":[{"href":"https:\/\/roveyayinevi.com.tr\/index.php\/wp-json\/wp\/v2\/media?parent=742997"}],"wp:term":[{"taxonomy":"product_brand","embeddable":true,"href":"https:\/\/roveyayinevi.com.tr\/index.php\/wp-json\/wp\/v2\/product_brand?post=742997"},{"taxonomy":"product_cat","embeddable":true,"href":"https:\/\/roveyayinevi.com.tr\/index.php\/wp-json\/wp\/v2\/product_cat?post=742997"},{"taxonomy":"product_tag","embeddable":true,"href":"https:\/\/roveyayinevi.com.tr\/index.php\/wp-json\/wp\/v2\/product_tag?post=742997"}],"curies":[{"name":"wp","href":"https:\/\/api.w.org\/{rel}","templated":true}]}}